{"id":2628,"date":"2018-10-08T11:24:12","date_gmt":"2018-10-08T08:24:12","guid":{"rendered":"https:\/\/www.aimtec.fi\/?page_id=2628"},"modified":"2019-02-14T11:36:39","modified_gmt":"2019-02-14T09:36:39","slug":"kimo-tm-50","status":"publish","type":"page","link":"https:\/\/aimtec.fi\/en\/lahettimet\/kimo-tm-50\/","title":{"rendered":"KIMO &#8211; TM 50 l\u00e4mp\u00f6tilal\u00e4hetin"},"content":{"rendered":"<p>ABS kotelo, IP 20 tai 65.<br \/>\n0-10 V tai 4-20 mA.<br \/>\nOhjattavissa ohjelmallisesti tai DIP-kytkimill\u00e4.<br \/>\nNopea ja helppo asennus<\/p>","protected":false},"excerpt":{"rendered":"<p>ABS kotelo, IP 20 tai 65. 0-10 V tai 4-20 mA. Ohjattavissa ohjelmallisesti tai DIP-kytkimill\u00e4. Nopea ja helppo asennus<\/p>","protected":false},"author":5,"featured_media":2629,"parent":3070,"menu_order":0,"comment_status":"closed","ping_status":"closed","template":"tuote.php","meta":{"_acf_changed":false,"_seopress_robots_primary_cat":"","_seopress_titles_title":"","_seopress_titles_desc":"","_seopress_robots_index":"","_et_pb_use_builder":"","_et_pb_old_content":"","_et_gb_content_width":"","inline_featured_image":false,"footnotes":"","_links_to":"","_links_to_target":""},"categories":[12],"tags":[],"class_list":["post-2628","page","type-page","status-publish","has-post-thumbnail","hentry","category-tuote"],"acf":[],"_links":{"self":[{"href":"https:\/\/aimtec.fi\/en\/wp-json\/wp\/v2\/pages\/2628","targetHints":{"allow":["GET"]}}],"collection":[{"href":"https:\/\/aimtec.fi\/en\/wp-json\/wp\/v2\/pages"}],"about":[{"href":"https:\/\/aimtec.fi\/en\/wp-json\/wp\/v2\/types\/page"}],"author":[{"embeddable":true,"href":"https:\/\/aimtec.fi\/en\/wp-json\/wp\/v2\/users\/5"}],"replies":[{"embeddable":true,"href":"https:\/\/aimtec.fi\/en\/wp-json\/wp\/v2\/comments?post=2628"}],"version-history":[{"count":2,"href":"https:\/\/aimtec.fi\/en\/wp-json\/wp\/v2\/pages\/2628\/revisions"}],"predecessor-version":[{"id":4440,"href":"https:\/\/aimtec.fi\/en\/wp-json\/wp\/v2\/pages\/2628\/revisions\/4440"}],"up":[{"embeddable":true,"href":"https:\/\/aimtec.fi\/en\/wp-json\/wp\/v2\/pages\/3070"}],"wp:featuredmedia":[{"embeddable":true,"href":"https:\/\/aimtec.fi\/en\/wp-json\/wp\/v2\/media\/2629"}],"wp:attachment":[{"href":"https:\/\/aimtec.fi\/en\/wp-json\/wp\/v2\/media?parent=2628"}],"wp:term":[{"taxonomy":"category","embeddable":true,"href":"https:\/\/aimtec.fi\/en\/wp-json\/wp\/v2\/categories?post=2628"},{"taxonomy":"post_tag","embeddable":true,"href":"https:\/\/aimtec.fi\/en\/wp-json\/wp\/v2\/tags?post=2628"}],"curies":[{"name":"wp","href":"https:\/\/api.w.org\/{rel}","templated":true}]}}