{"id":2635,"date":"2018-10-08T11:31:03","date_gmt":"2018-10-08T08:31:03","guid":{"rendered":"https:\/\/www.aimtec.fi\/?page_id=2635"},"modified":"2020-12-11T10:37:52","modified_gmt":"2020-12-11T08:37:52","slug":"kimo-cp-210-paine-ero-ja-lampotilalahetin","status":"publish","type":"page","link":"https:\/\/aimtec.fi\/en\/lahettimet\/kimo-cp-210-paine-ero-ja-lampotilalahetin\/","title":{"rendered":"KIMO &#8211; CP 210 R paine-ero- ja l\u00e4mp\u00f6tilal\u00e4hetin"},"content":{"rendered":"<p>&#8211; IP 65 suojattu ABS kotelo.<br \/>\n&#8211; saatavissa 2-rivisell\u00e4 19-numeroisella LCD-n\u00e4yt\u00f6ll\u00e4 tai ilman n\u00e4ytt\u00f6\u00e4<br \/>\n&#8211; 0-5\/10 V tai 0\/4-20 mA l\u00e4hd\u00f6t, 2 relel\u00e4ht\u00f6\u00e4<br \/>\n&#8211; magneettiventtiili anturin nollaukseen (vain CP211 ja CP212 )<br \/>\n&#8211; asetukset voi tehd\u00e4 l\u00e4hettimen painikkeilla (n\u00e4yt\u00f6lliset mallit) tai PC-ohjelmalla.<br \/>\n&#8211; nopea ja helppo asennus<\/p>\n<p>Lis\u00e4varusteena saatavana SQR 3 toiminto (neli\u00f6juuritoiminto), jolloin kanavan ilmannopeus ja\/tai ilmam\u00e4\u00e4r\u00e4 voidaan laskea paine-eron perusteella.<\/p>","protected":false},"excerpt":{"rendered":"<p>&#8211; IP 65 suojattu ABS kotelo. &#8211; saatavissa 2-rivisell\u00e4 19-numeroisella LCD-n\u00e4yt\u00f6ll\u00e4 tai ilman n\u00e4ytt\u00f6\u00e4 &#8211; 0-5\/10 V tai 0\/4-20 mA l\u00e4hd\u00f6t, 2 relel\u00e4ht\u00f6\u00e4 &#8211; magneettiventtiili anturin nollaukseen (vain CP211 ja CP212 ) &#8211; asetukset voi tehd\u00e4 l\u00e4hettimen painikkeilla (n\u00e4yt\u00f6lliset mallit) tai PC-ohjelmalla. &#8211; nopea ja helppo asennus Lis\u00e4varusteena saatavana SQR 3 toiminto (neli\u00f6juuritoiminto), jolloin kanavan&#8230;<\/p>","protected":false},"author":5,"featured_media":4133,"parent":3070,"menu_order":0,"comment_status":"closed","ping_status":"closed","template":"tuote.php","meta":{"_acf_changed":false,"_seopress_robots_primary_cat":"","_seopress_titles_title":"","_seopress_titles_desc":"","_seopress_robots_index":"","_et_pb_use_builder":"","_et_pb_old_content":"","_et_gb_content_width":"","inline_featured_image":false,"footnotes":"","_links_to":"","_links_to_target":""},"categories":[12],"tags":[],"class_list":["post-2635","page","type-page","status-publish","has-post-thumbnail","hentry","category-tuote"],"acf":[],"_links":{"self":[{"href":"https:\/\/aimtec.fi\/en\/wp-json\/wp\/v2\/pages\/2635","targetHints":{"allow":["GET"]}}],"collection":[{"href":"https:\/\/aimtec.fi\/en\/wp-json\/wp\/v2\/pages"}],"about":[{"href":"https:\/\/aimtec.fi\/en\/wp-json\/wp\/v2\/types\/page"}],"author":[{"embeddable":true,"href":"https:\/\/aimtec.fi\/en\/wp-json\/wp\/v2\/users\/5"}],"replies":[{"embeddable":true,"href":"https:\/\/aimtec.fi\/en\/wp-json\/wp\/v2\/comments?post=2635"}],"version-history":[{"count":5,"href":"https:\/\/aimtec.fi\/en\/wp-json\/wp\/v2\/pages\/2635\/revisions"}],"predecessor-version":[{"id":8154,"href":"https:\/\/aimtec.fi\/en\/wp-json\/wp\/v2\/pages\/2635\/revisions\/8154"}],"up":[{"embeddable":true,"href":"https:\/\/aimtec.fi\/en\/wp-json\/wp\/v2\/pages\/3070"}],"wp:featuredmedia":[{"embeddable":true,"href":"https:\/\/aimtec.fi\/en\/wp-json\/wp\/v2\/media\/4133"}],"wp:attachment":[{"href":"https:\/\/aimtec.fi\/en\/wp-json\/wp\/v2\/media?parent=2635"}],"wp:term":[{"taxonomy":"category","embeddable":true,"href":"https:\/\/aimtec.fi\/en\/wp-json\/wp\/v2\/categories?post=2635"},{"taxonomy":"post_tag","embeddable":true,"href":"https:\/\/aimtec.fi\/en\/wp-json\/wp\/v2\/tags?post=2635"}],"curies":[{"name":"wp","href":"https:\/\/api.w.org\/{rel}","templated":true}]}}