{"id":2639,"date":"2018-10-08T11:37:11","date_gmt":"2018-10-08T08:37:11","guid":{"rendered":"https:\/\/www.aimtec.fi\/?page_id=2639"},"modified":"2020-12-11T10:53:17","modified_gmt":"2020-12-11T08:53:17","slug":"kimo-hst-kosteuslahetin","status":"publish","type":"page","link":"https:\/\/aimtec.fi\/en\/lahettimet\/kimo-hst-kosteuslahetin\/","title":{"rendered":"KIMO &#8211; HST kosteuskytkin"},"content":{"rendered":"<p>&#8211; ABS kotelo, IP 20 (perusmalli) tai IP 65 (kanavamalli tai malli erillisell\u00e4 anturilla).<br \/>\n&#8211; 10-numeroinen LCD-n\u00e4ytt\u00f6.<br \/>\n&#8211; 1 RCR rele 3A\/240 Vac (NC).<br \/>\n&#8211; punainen h\u00e4lytys-LED edess\u00e4.<br \/>\n&#8211; asetukset voidaan tehd\u00e4 l\u00e4hettimen DIP-kytkimill\u00e4 tai PC-ohjelmalla.<br \/>\n&#8211; nopea ja helppo asennus<\/p>","protected":false},"excerpt":{"rendered":"<p>&#8211; ABS kotelo, IP 20 (perusmalli) tai IP 65 (kanavamalli tai malli erillisell\u00e4 anturilla). &#8211; 10-numeroinen LCD-n\u00e4ytt\u00f6. &#8211; 1 RCR rele 3A\/240 Vac (NC). &#8211; punainen h\u00e4lytys-LED edess\u00e4. &#8211; asetukset voidaan tehd\u00e4 l\u00e4hettimen DIP-kytkimill\u00e4 tai PC-ohjelmalla. &#8211; nopea ja helppo asennus<\/p>","protected":false},"author":5,"featured_media":2640,"parent":3070,"menu_order":0,"comment_status":"closed","ping_status":"closed","template":"tuote.php","meta":{"_acf_changed":false,"_seopress_robots_primary_cat":"","_seopress_titles_title":"","_seopress_titles_desc":"","_seopress_robots_index":"","_et_pb_use_builder":"","_et_pb_old_content":"","_et_gb_content_width":"","inline_featured_image":false,"footnotes":"","_links_to":"","_links_to_target":""},"categories":[12],"tags":[],"class_list":["post-2639","page","type-page","status-publish","has-post-thumbnail","hentry","category-tuote"],"acf":[],"_links":{"self":[{"href":"https:\/\/aimtec.fi\/en\/wp-json\/wp\/v2\/pages\/2639","targetHints":{"allow":["GET"]}}],"collection":[{"href":"https:\/\/aimtec.fi\/en\/wp-json\/wp\/v2\/pages"}],"about":[{"href":"https:\/\/aimtec.fi\/en\/wp-json\/wp\/v2\/types\/page"}],"author":[{"embeddable":true,"href":"https:\/\/aimtec.fi\/en\/wp-json\/wp\/v2\/users\/5"}],"replies":[{"embeddable":true,"href":"https:\/\/aimtec.fi\/en\/wp-json\/wp\/v2\/comments?post=2639"}],"version-history":[{"count":4,"href":"https:\/\/aimtec.fi\/en\/wp-json\/wp\/v2\/pages\/2639\/revisions"}],"predecessor-version":[{"id":8161,"href":"https:\/\/aimtec.fi\/en\/wp-json\/wp\/v2\/pages\/2639\/revisions\/8161"}],"up":[{"embeddable":true,"href":"https:\/\/aimtec.fi\/en\/wp-json\/wp\/v2\/pages\/3070"}],"wp:featuredmedia":[{"embeddable":true,"href":"https:\/\/aimtec.fi\/en\/wp-json\/wp\/v2\/media\/2640"}],"wp:attachment":[{"href":"https:\/\/aimtec.fi\/en\/wp-json\/wp\/v2\/media?parent=2639"}],"wp:term":[{"taxonomy":"category","embeddable":true,"href":"https:\/\/aimtec.fi\/en\/wp-json\/wp\/v2\/categories?post=2639"},{"taxonomy":"post_tag","embeddable":true,"href":"https:\/\/aimtec.fi\/en\/wp-json\/wp\/v2\/tags?post=2639"}],"curies":[{"name":"wp","href":"https:\/\/api.w.org\/{rel}","templated":true}]}}