{"id":2643,"date":"2018-10-08T11:39:52","date_gmt":"2018-10-08T08:39:52","guid":{"rendered":"https:\/\/www.aimtec.fi\/?page_id=2643"},"modified":"2020-12-11T11:11:53","modified_gmt":"2020-12-11T09:11:53","slug":"kimo-tm-110-lampotilalahetin","status":"publish","type":"page","link":"https:\/\/aimtec.fi\/en\/lahettimet\/kimo-tm-110-lampotilalahetin\/","title":{"rendered":"KIMO &#8211; TM 110 l\u00e4mp\u00f6tilal\u00e4hetin"},"content":{"rendered":"<p>&#8211; ABS kotelo, IP 20 (perusmalli) tai IP 65 (kanavamalli, ilmatiivis malli, malli putkiliit\u00e4nn\u00e4ll\u00e4 ja malli Pt100 liittimell\u00e4) .<br \/>\n&#8211; 10-numeroinen LCD-n\u00e4ytt\u00f6 tai ilman n\u00e4ytt\u00f6\u00e4.<br \/>\n&#8211; 0-10 V tai 4-20 mA l\u00e4hd\u00f6t.<br \/>\n&#8211; asetukset voi tehd\u00e4 l\u00e4hettimen DIP-kytkimill\u00e4 tai PC-ohjelmalla<br \/>\n&#8211; nopea ja helppo asennus<\/p>","protected":false},"excerpt":{"rendered":"<p>&#8211; ABS kotelo, IP 20 (perusmalli) tai IP 65 (kanavamalli, ilmatiivis malli, malli putkiliit\u00e4nn\u00e4ll\u00e4 ja malli Pt100 liittimell\u00e4) . &#8211; 10-numeroinen LCD-n\u00e4ytt\u00f6 tai ilman n\u00e4ytt\u00f6\u00e4. &#8211; 0-10 V tai 4-20 mA l\u00e4hd\u00f6t. &#8211; asetukset voi tehd\u00e4 l\u00e4hettimen DIP-kytkimill\u00e4 tai PC-ohjelmalla &#8211; nopea ja helppo asennus<\/p>","protected":false},"author":5,"featured_media":2645,"parent":3070,"menu_order":0,"comment_status":"closed","ping_status":"closed","template":"tuote.php","meta":{"_acf_changed":false,"_seopress_robots_primary_cat":"","_seopress_titles_title":"","_seopress_titles_desc":"","_seopress_robots_index":"","_et_pb_use_builder":"","_et_pb_old_content":"","_et_gb_content_width":"","inline_featured_image":false,"footnotes":"","_links_to":"","_links_to_target":""},"categories":[12],"tags":[],"class_list":["post-2643","page","type-page","status-publish","has-post-thumbnail","hentry","category-tuote"],"acf":[],"_links":{"self":[{"href":"https:\/\/aimtec.fi\/en\/wp-json\/wp\/v2\/pages\/2643","targetHints":{"allow":["GET"]}}],"collection":[{"href":"https:\/\/aimtec.fi\/en\/wp-json\/wp\/v2\/pages"}],"about":[{"href":"https:\/\/aimtec.fi\/en\/wp-json\/wp\/v2\/types\/page"}],"author":[{"embeddable":true,"href":"https:\/\/aimtec.fi\/en\/wp-json\/wp\/v2\/users\/5"}],"replies":[{"embeddable":true,"href":"https:\/\/aimtec.fi\/en\/wp-json\/wp\/v2\/comments?post=2643"}],"version-history":[{"count":3,"href":"https:\/\/aimtec.fi\/en\/wp-json\/wp\/v2\/pages\/2643\/revisions"}],"predecessor-version":[{"id":8170,"href":"https:\/\/aimtec.fi\/en\/wp-json\/wp\/v2\/pages\/2643\/revisions\/8170"}],"up":[{"embeddable":true,"href":"https:\/\/aimtec.fi\/en\/wp-json\/wp\/v2\/pages\/3070"}],"wp:featuredmedia":[{"embeddable":true,"href":"https:\/\/aimtec.fi\/en\/wp-json\/wp\/v2\/media\/2645"}],"wp:attachment":[{"href":"https:\/\/aimtec.fi\/en\/wp-json\/wp\/v2\/media?parent=2643"}],"wp:term":[{"taxonomy":"category","embeddable":true,"href":"https:\/\/aimtec.fi\/en\/wp-json\/wp\/v2\/categories?post=2643"},{"taxonomy":"post_tag","embeddable":true,"href":"https:\/\/aimtec.fi\/en\/wp-json\/wp\/v2\/tags?post=2643"}],"curies":[{"name":"wp","href":"https:\/\/api.w.org\/{rel}","templated":true}]}}