{"id":2647,"date":"2018-10-08T11:42:19","date_gmt":"2018-10-08T08:42:19","guid":{"rendered":"https:\/\/www.aimtec.fi\/?page_id=2647"},"modified":"2021-11-10T15:50:46","modified_gmt":"2021-11-10T13:50:46","slug":"kimo-co-110-hiilimonoksidilahetin","status":"publish","type":"page","link":"https:\/\/aimtec.fi\/en\/lahettimet\/kimo-co-110-hiilimonoksidilahetin\/","title":{"rendered":"KIMO &#8211; CO 110 hiilimonoksidil\u00e4hetin"},"content":{"rendered":"<p>ABS kotelo, kotelointi IP 20 <\/p>\n<p>Saatavissa 10-numeroisella LCD-n\u00e4yt\u00f6ll\u00e4 tai ilman. Ulostulo 0-10 V \/ 4-20 mA. Ohjattavissa ohjelmallisesti tai DIP-kytkimill\u00e4.<\/p>\n<p>Nopea ja helppo asennus<\/p>\n<p>Huom! Kanavamalli (Duct) ei ole en\u00e4\u00e4 saatavana.<\/p>","protected":false},"excerpt":{"rendered":"<p>ABS kotelo, kotelointi IP 20 Saatavissa 10-numeroisella LCD-n\u00e4yt\u00f6ll\u00e4 tai ilman. Ulostulo 0-10 V \/ 4-20 mA. Ohjattavissa ohjelmallisesti tai DIP-kytkimill\u00e4. Nopea ja helppo asennus Huom! Kanavamalli (Duct) ei ole en\u00e4\u00e4 saatavana.<\/p>","protected":false},"author":5,"featured_media":2648,"parent":3070,"menu_order":0,"comment_status":"closed","ping_status":"closed","template":"tuote.php","meta":{"_acf_changed":false,"_seopress_robots_primary_cat":"","_seopress_titles_title":"","_seopress_titles_desc":"","_seopress_robots_index":"","_et_pb_use_builder":"","_et_pb_old_content":"","_et_gb_content_width":"","inline_featured_image":false,"footnotes":"","_links_to":"","_links_to_target":""},"categories":[12],"tags":[],"class_list":["post-2647","page","type-page","status-publish","has-post-thumbnail","hentry","category-tuote"],"acf":[],"_links":{"self":[{"href":"https:\/\/aimtec.fi\/en\/wp-json\/wp\/v2\/pages\/2647","targetHints":{"allow":["GET"]}}],"collection":[{"href":"https:\/\/aimtec.fi\/en\/wp-json\/wp\/v2\/pages"}],"about":[{"href":"https:\/\/aimtec.fi\/en\/wp-json\/wp\/v2\/types\/page"}],"author":[{"embeddable":true,"href":"https:\/\/aimtec.fi\/en\/wp-json\/wp\/v2\/users\/5"}],"replies":[{"embeddable":true,"href":"https:\/\/aimtec.fi\/en\/wp-json\/wp\/v2\/comments?post=2647"}],"version-history":[{"count":5,"href":"https:\/\/aimtec.fi\/en\/wp-json\/wp\/v2\/pages\/2647\/revisions"}],"predecessor-version":[{"id":10232,"href":"https:\/\/aimtec.fi\/en\/wp-json\/wp\/v2\/pages\/2647\/revisions\/10232"}],"up":[{"embeddable":true,"href":"https:\/\/aimtec.fi\/en\/wp-json\/wp\/v2\/pages\/3070"}],"wp:featuredmedia":[{"embeddable":true,"href":"https:\/\/aimtec.fi\/en\/wp-json\/wp\/v2\/media\/2648"}],"wp:attachment":[{"href":"https:\/\/aimtec.fi\/en\/wp-json\/wp\/v2\/media?parent=2647"}],"wp:term":[{"taxonomy":"category","embeddable":true,"href":"https:\/\/aimtec.fi\/en\/wp-json\/wp\/v2\/categories?post=2647"},{"taxonomy":"post_tag","embeddable":true,"href":"https:\/\/aimtec.fi\/en\/wp-json\/wp\/v2\/tags?post=2647"}],"curies":[{"name":"wp","href":"https:\/\/api.w.org\/{rel}","templated":true}]}}