{"id":2651,"date":"2018-10-08T11:44:32","date_gmt":"2018-10-08T08:44:32","guid":{"rendered":"https:\/\/www.aimtec.fi\/?page_id=2651"},"modified":"2020-12-11T10:32:30","modified_gmt":"2020-12-11T08:32:30","slug":"kimo-cp-110-paine-erolahetin","status":"publish","type":"page","link":"https:\/\/aimtec.fi\/en\/lahettimet\/kimo-cp-110-paine-erolahetin\/","title":{"rendered":"KIMO &#8211; CP 110 paine-erol\u00e4hetin"},"content":{"rendered":"<p>&#8211; ABS kotelo, IP 65.<br \/>\n&#8211; 10-numeroinen LCD-n\u00e4ytt\u00f6 tai ilman n\u00e4ytt\u00f6\u00e4.<br \/>\n&#8211; ulostulo 0-10 V tai 4-20 mA.<br \/>\n&#8211; asetukset l\u00e4hettimen DIP-kytkimill\u00e4 tai PC-ohjelmalla<br \/>\n&#8211; nopea ja helppo asennus<\/p>","protected":false},"excerpt":{"rendered":"<p>&#8211; ABS kotelo, IP 65. &#8211; 10-numeroinen LCD-n\u00e4ytt\u00f6 tai ilman n\u00e4ytt\u00f6\u00e4. &#8211; ulostulo 0-10 V tai 4-20 mA. &#8211; asetukset l\u00e4hettimen DIP-kytkimill\u00e4 tai PC-ohjelmalla &#8211; nopea ja helppo asennus<\/p>","protected":false},"author":5,"featured_media":2652,"parent":3070,"menu_order":0,"comment_status":"closed","ping_status":"closed","template":"tuote.php","meta":{"_acf_changed":false,"_seopress_robots_primary_cat":"","_seopress_titles_title":"","_seopress_titles_desc":"","_seopress_robots_index":"","_et_pb_use_builder":"","_et_pb_old_content":"","_et_gb_content_width":"","inline_featured_image":false,"footnotes":"","_links_to":"","_links_to_target":""},"categories":[12],"tags":[],"class_list":["post-2651","page","type-page","status-publish","has-post-thumbnail","hentry","category-tuote"],"acf":[],"_links":{"self":[{"href":"https:\/\/aimtec.fi\/en\/wp-json\/wp\/v2\/pages\/2651","targetHints":{"allow":["GET"]}}],"collection":[{"href":"https:\/\/aimtec.fi\/en\/wp-json\/wp\/v2\/pages"}],"about":[{"href":"https:\/\/aimtec.fi\/en\/wp-json\/wp\/v2\/types\/page"}],"author":[{"embeddable":true,"href":"https:\/\/aimtec.fi\/en\/wp-json\/wp\/v2\/users\/5"}],"replies":[{"embeddable":true,"href":"https:\/\/aimtec.fi\/en\/wp-json\/wp\/v2\/comments?post=2651"}],"version-history":[{"count":4,"href":"https:\/\/aimtec.fi\/en\/wp-json\/wp\/v2\/pages\/2651\/revisions"}],"predecessor-version":[{"id":8151,"href":"https:\/\/aimtec.fi\/en\/wp-json\/wp\/v2\/pages\/2651\/revisions\/8151"}],"up":[{"embeddable":true,"href":"https:\/\/aimtec.fi\/en\/wp-json\/wp\/v2\/pages\/3070"}],"wp:featuredmedia":[{"embeddable":true,"href":"https:\/\/aimtec.fi\/en\/wp-json\/wp\/v2\/media\/2652"}],"wp:attachment":[{"href":"https:\/\/aimtec.fi\/en\/wp-json\/wp\/v2\/media?parent=2651"}],"wp:term":[{"taxonomy":"category","embeddable":true,"href":"https:\/\/aimtec.fi\/en\/wp-json\/wp\/v2\/categories?post=2651"},{"taxonomy":"post_tag","embeddable":true,"href":"https:\/\/aimtec.fi\/en\/wp-json\/wp\/v2\/tags?post=2651"}],"curies":[{"name":"wp","href":"https:\/\/api.w.org\/{rel}","templated":true}]}}