{"id":2671,"date":"2018-10-08T12:04:04","date_gmt":"2018-10-08T09:04:04","guid":{"rendered":"https:\/\/www.aimtec.fi\/?page_id=2671"},"modified":"2019-02-14T11:22:20","modified_gmt":"2019-02-14T09:22:20","slug":"kimo-ctv-210-ilmavirtaus-ja-lampotilamittari","status":"publish","type":"page","link":"https:\/\/aimtec.fi\/en\/lahettimet\/kimo-ctv-210-ilmavirtaus-ja-lampotilamittari\/","title":{"rendered":"KIMO &#8211; CTV 210 ilmavirtaus- ja l\u00e4mp\u00f6tilal\u00e4hetin"},"content":{"rendered":"<p>IP 65 suojattu ABS kotelo.<br \/>\nSaatavissa 2-rivisell\u00e4 19-numeroisella LCD-n\u00e4ytt\u00f6ll\u00e4 tai ilman.<br \/>\n0-5\/10 V tai 0\/4-20 mA l\u00e4hd\u00f6t.<br \/>\nVoidaan hallita ohjelmallisesti tai n\u00e4pp\u00e4imill\u00e4. Nopea ja helppo asennus<\/p>","protected":false},"excerpt":{"rendered":"<p>IP 65 suojattu ABS kotelo. Saatavissa 2-rivisell\u00e4 19-numeroisella LCD-n\u00e4ytt\u00f6ll\u00e4 tai ilman. 0-5\/10 V tai 0\/4-20 mA l\u00e4hd\u00f6t. Voidaan hallita ohjelmallisesti tai n\u00e4pp\u00e4imill\u00e4. Nopea ja helppo asennus<\/p>","protected":false},"author":5,"featured_media":2672,"parent":3070,"menu_order":0,"comment_status":"closed","ping_status":"closed","template":"tuote.php","meta":{"_acf_changed":false,"_seopress_robots_primary_cat":"","_seopress_titles_title":"","_seopress_titles_desc":"","_seopress_robots_index":"","_et_pb_use_builder":"","_et_pb_old_content":"","_et_gb_content_width":"","inline_featured_image":false,"footnotes":"","_links_to":"","_links_to_target":""},"categories":[12],"tags":[],"class_list":["post-2671","page","type-page","status-publish","has-post-thumbnail","hentry","category-tuote"],"acf":[],"_links":{"self":[{"href":"https:\/\/aimtec.fi\/en\/wp-json\/wp\/v2\/pages\/2671","targetHints":{"allow":["GET"]}}],"collection":[{"href":"https:\/\/aimtec.fi\/en\/wp-json\/wp\/v2\/pages"}],"about":[{"href":"https:\/\/aimtec.fi\/en\/wp-json\/wp\/v2\/types\/page"}],"author":[{"embeddable":true,"href":"https:\/\/aimtec.fi\/en\/wp-json\/wp\/v2\/users\/5"}],"replies":[{"embeddable":true,"href":"https:\/\/aimtec.fi\/en\/wp-json\/wp\/v2\/comments?post=2671"}],"version-history":[{"count":3,"href":"https:\/\/aimtec.fi\/en\/wp-json\/wp\/v2\/pages\/2671\/revisions"}],"predecessor-version":[{"id":4431,"href":"https:\/\/aimtec.fi\/en\/wp-json\/wp\/v2\/pages\/2671\/revisions\/4431"}],"up":[{"embeddable":true,"href":"https:\/\/aimtec.fi\/en\/wp-json\/wp\/v2\/pages\/3070"}],"wp:featuredmedia":[{"embeddable":true,"href":"https:\/\/aimtec.fi\/en\/wp-json\/wp\/v2\/media\/2672"}],"wp:attachment":[{"href":"https:\/\/aimtec.fi\/en\/wp-json\/wp\/v2\/media?parent=2671"}],"wp:term":[{"taxonomy":"category","embeddable":true,"href":"https:\/\/aimtec.fi\/en\/wp-json\/wp\/v2\/categories?post=2671"},{"taxonomy":"post_tag","embeddable":true,"href":"https:\/\/aimtec.fi\/en\/wp-json\/wp\/v2\/tags?post=2671"}],"curies":[{"name":"wp","href":"https:\/\/api.w.org\/{rel}","templated":true}]}}