{"id":2674,"date":"2018-10-08T12:06:58","date_gmt":"2018-10-08T09:06:58","guid":{"rendered":"https:\/\/www.aimtec.fi\/?page_id=2674"},"modified":"2020-12-11T11:04:11","modified_gmt":"2020-12-11T09:04:11","slug":"kimo-th-110-lampotila-ja-kosteuslahetin","status":"publish","type":"page","link":"https:\/\/aimtec.fi\/en\/lahettimet\/kimo-th-110-lampotila-ja-kosteuslahetin\/","title":{"rendered":"KIMO &#8211; TH 110 l\u00e4mp\u00f6tila- ja kosteusl\u00e4hetin"},"content":{"rendered":"<p>&#8211; ABS kotelo, IP 20 (perusmalli) tai IP 65 (kanavamalli tai malli erillisell\u00e4 anturilla).<br \/>\n&#8211; 10-numeroinen LCD-n\u00e4ytt\u00f6 tai ilman n\u00e4ytt\u00f6\u00e4.<br \/>\n&#8211; 0-10 V tai 4-20 mA l\u00e4hd\u00f6t.<br \/>\n&#8211; asetukset voidaan tehd\u00e4 l\u00e4hettimen DIP-kytkimill\u00e4 tai PC-ohjelmalla<br \/>\n&#8211; nopea ja helppo asennus<\/p>","protected":false},"excerpt":{"rendered":"<p>&#8211; ABS kotelo, IP 20 (perusmalli) tai IP 65 (kanavamalli tai malli erillisell\u00e4 anturilla). &#8211; 10-numeroinen LCD-n\u00e4ytt\u00f6 tai ilman n\u00e4ytt\u00f6\u00e4. &#8211; 0-10 V tai 4-20 mA l\u00e4hd\u00f6t. &#8211; asetukset voidaan tehd\u00e4 l\u00e4hettimen DIP-kytkimill\u00e4 tai PC-ohjelmalla &#8211; nopea ja helppo asennus<\/p>","protected":false},"author":5,"featured_media":2675,"parent":3070,"menu_order":0,"comment_status":"closed","ping_status":"closed","template":"tuote.php","meta":{"_acf_changed":false,"_seopress_robots_primary_cat":"","_seopress_titles_title":"","_seopress_titles_desc":"","_seopress_robots_index":"","_et_pb_use_builder":"","_et_pb_old_content":"","_et_gb_content_width":"","inline_featured_image":false,"footnotes":"","_links_to":"","_links_to_target":""},"categories":[12],"tags":[],"class_list":["post-2674","page","type-page","status-publish","has-post-thumbnail","hentry","category-tuote"],"acf":[],"_links":{"self":[{"href":"https:\/\/aimtec.fi\/en\/wp-json\/wp\/v2\/pages\/2674","targetHints":{"allow":["GET"]}}],"collection":[{"href":"https:\/\/aimtec.fi\/en\/wp-json\/wp\/v2\/pages"}],"about":[{"href":"https:\/\/aimtec.fi\/en\/wp-json\/wp\/v2\/types\/page"}],"author":[{"embeddable":true,"href":"https:\/\/aimtec.fi\/en\/wp-json\/wp\/v2\/users\/5"}],"replies":[{"embeddable":true,"href":"https:\/\/aimtec.fi\/en\/wp-json\/wp\/v2\/comments?post=2674"}],"version-history":[{"count":4,"href":"https:\/\/aimtec.fi\/en\/wp-json\/wp\/v2\/pages\/2674\/revisions"}],"predecessor-version":[{"id":8167,"href":"https:\/\/aimtec.fi\/en\/wp-json\/wp\/v2\/pages\/2674\/revisions\/8167"}],"up":[{"embeddable":true,"href":"https:\/\/aimtec.fi\/en\/wp-json\/wp\/v2\/pages\/3070"}],"wp:featuredmedia":[{"embeddable":true,"href":"https:\/\/aimtec.fi\/en\/wp-json\/wp\/v2\/media\/2675"}],"wp:attachment":[{"href":"https:\/\/aimtec.fi\/en\/wp-json\/wp\/v2\/media?parent=2674"}],"wp:term":[{"taxonomy":"category","embeddable":true,"href":"https:\/\/aimtec.fi\/en\/wp-json\/wp\/v2\/categories?post=2674"},{"taxonomy":"post_tag","embeddable":true,"href":"https:\/\/aimtec.fi\/en\/wp-json\/wp\/v2\/tags?post=2674"}],"curies":[{"name":"wp","href":"https:\/\/api.w.org\/{rel}","templated":true}]}}