{"id":2678,"date":"2018-10-08T12:09:20","date_gmt":"2018-10-08T09:09:20","guid":{"rendered":"https:\/\/www.aimtec.fi\/?page_id=2678"},"modified":"2018-10-09T01:56:22","modified_gmt":"2018-10-08T22:56:22","slug":"kimo-tm-210-lampotilalahetin","status":"publish","type":"page","link":"https:\/\/aimtec.fi\/en\/lahettimet\/kimo-tm-210-lampotilalahetin\/","title":{"rendered":"KIMO &#8211; TM 210 L\u00e4mp\u00f6tilal\u00e4hetin"},"content":{"rendered":"<p>IP 65 suojattu ABS kotelo.<br \/>\nSaatavissa 2-rivisell\u00e4 19-numeroisella LCD-n\u00e4ytt\u00f6ll\u00e4 tai ilman.<br \/>\n0-5\/10 V tai 0\/4-20 mA l\u00e4hd\u00f6t.<br \/>\nVoidaan hallita ohjelmallisesti tai n\u00e4pp\u00e4imill\u00e4. Nopea ja helppo asennus<\/p>","protected":false},"excerpt":{"rendered":"<p>IP 65 suojattu ABS kotelo. Saatavissa 2-rivisell\u00e4 19-numeroisella LCD-n\u00e4ytt\u00f6ll\u00e4 tai ilman. 0-5\/10 V tai 0\/4-20 mA l\u00e4hd\u00f6t. Voidaan hallita ohjelmallisesti tai n\u00e4pp\u00e4imill\u00e4. Nopea ja helppo asennus<\/p>","protected":false},"author":5,"featured_media":2680,"parent":3070,"menu_order":0,"comment_status":"closed","ping_status":"closed","template":"tuote.php","meta":{"_acf_changed":false,"_seopress_robots_primary_cat":"","_seopress_titles_title":"","_seopress_titles_desc":"","_seopress_robots_index":"","_et_pb_use_builder":"","_et_pb_old_content":"","_et_gb_content_width":"","inline_featured_image":false,"footnotes":"","_links_to":"","_links_to_target":""},"categories":[12],"tags":[],"class_list":["post-2678","page","type-page","status-publish","has-post-thumbnail","hentry","category-tuote"],"acf":[],"_links":{"self":[{"href":"https:\/\/aimtec.fi\/en\/wp-json\/wp\/v2\/pages\/2678","targetHints":{"allow":["GET"]}}],"collection":[{"href":"https:\/\/aimtec.fi\/en\/wp-json\/wp\/v2\/pages"}],"about":[{"href":"https:\/\/aimtec.fi\/en\/wp-json\/wp\/v2\/types\/page"}],"author":[{"embeddable":true,"href":"https:\/\/aimtec.fi\/en\/wp-json\/wp\/v2\/users\/5"}],"replies":[{"embeddable":true,"href":"https:\/\/aimtec.fi\/en\/wp-json\/wp\/v2\/comments?post=2678"}],"version-history":[{"count":1,"href":"https:\/\/aimtec.fi\/en\/wp-json\/wp\/v2\/pages\/2678\/revisions"}],"predecessor-version":[{"id":2681,"href":"https:\/\/aimtec.fi\/en\/wp-json\/wp\/v2\/pages\/2678\/revisions\/2681"}],"up":[{"embeddable":true,"href":"https:\/\/aimtec.fi\/en\/wp-json\/wp\/v2\/pages\/3070"}],"wp:featuredmedia":[{"embeddable":true,"href":"https:\/\/aimtec.fi\/en\/wp-json\/wp\/v2\/media\/2680"}],"wp:attachment":[{"href":"https:\/\/aimtec.fi\/en\/wp-json\/wp\/v2\/media?parent=2678"}],"wp:term":[{"taxonomy":"category","embeddable":true,"href":"https:\/\/aimtec.fi\/en\/wp-json\/wp\/v2\/categories?post=2678"},{"taxonomy":"post_tag","embeddable":true,"href":"https:\/\/aimtec.fi\/en\/wp-json\/wp\/v2\/tags?post=2678"}],"curies":[{"name":"wp","href":"https:\/\/api.w.org\/{rel}","templated":true}]}}