{"id":2690,"date":"2018-10-08T12:26:28","date_gmt":"2018-10-08T09:26:28","guid":{"rendered":"https:\/\/www.aimtec.fi\/?page_id=2690"},"modified":"2022-07-06T14:58:10","modified_gmt":"2022-07-06T11:58:10","slug":"flir-c3-x-lampokamera","status":"publish","type":"page","link":"https:\/\/aimtec.fi\/en\/lampokamerat\/flir-c3-x-lampokamera\/","title":{"rendered":"Flir  C3-X l\u00e4mp\u00f6kamera"},"content":{"rendered":"<p>Kompakti, taskukokoinen l\u00e4mp\u00f6kamera rakennusteollisuuden k\u00e4ytt\u00f6\u00f6n.<\/p>\n<p>L\u00f6yd\u00e4 l\u00e4mp\u00f6h\u00e4vi\u00f6paikat, rakenneviat, putkistovauriot, s\u00e4hk\u00f6viat mm.<\/p>\n<p><strong>Edut:<\/strong><\/p>\n<ul>\n<li>kevyt (190 g) ja pienikokoinen (L 128 x K 84 x S 24 mm) \u2013 kulkee k\u00e4tev\u00e4sti taskussa<\/li>\n<li>MSX<sup>\u00ae<\/sup>\u00a0reaaliaikainen kuvanparannus: yksityiskohtaiset l\u00e4mp\u00f6kuvat helpottavat ongelmakohtien havainnointia<\/li>\n<li>radiometrinen kuva tallentaa 12880 pikseli\u00e4 l\u00e4mp\u00f6tila-alueelta -20\u00b0C &#8230; +300\u00b0C<\/li>\n<li>Sis\u00e4inen muisti, 5MP digitaalinen kamera, Wifi<\/li>\n<li>korkea l\u00e4mp\u00f6herkkyys tunnistaa hienoisetkin l\u00e4mp\u00f6tilaerot<\/li>\n<li>saatavilla FLIR Ignite pilvipalvelu kuvien muokkaamiseen ja tietojen raportointiin<\/li>\n<\/ul>\n<p>Toimitussis\u00e4lt\u00f6: l\u00e4mp\u00f6kamera, akku (kameran sis\u00e4ll\u00e4), virtal\u00e4hde\/akkulaturi, rannehihna, USB-kaapeli, painettu k\u00e4ytt\u00f6ohje, <\/p>","protected":false},"excerpt":{"rendered":"<p>Kompakti, taskukokoinen l\u00e4mp\u00f6kamera rakennusteollisuuden k\u00e4ytt\u00f6\u00f6n. L\u00f6yd\u00e4 l\u00e4mp\u00f6h\u00e4vi\u00f6paikat, rakenneviat, putkistovauriot, s\u00e4hk\u00f6viat mm. Edut: kevyt (190 g) ja pienikokoinen (L 128 x K 84 x S 24 mm) \u2013 kulkee k\u00e4tev\u00e4sti taskussa MSX\u00ae\u00a0reaaliaikainen kuvanparannus: yksityiskohtaiset l\u00e4mp\u00f6kuvat helpottavat ongelmakohtien havainnointia radiometrinen kuva tallentaa 12880 pikseli\u00e4 l\u00e4mp\u00f6tila-alueelta -20\u00b0C &#8230; +300\u00b0C Sis\u00e4inen muisti, 5MP digitaalinen kamera, Wifi korkea l\u00e4mp\u00f6herkkyys tunnistaa&#8230;<\/p>","protected":false},"author":5,"featured_media":12045,"parent":3074,"menu_order":0,"comment_status":"closed","ping_status":"closed","template":"tuote.php","meta":{"_acf_changed":false,"_seopress_robots_primary_cat":"","_seopress_titles_title":"","_seopress_titles_desc":"","_seopress_robots_index":"","_et_pb_use_builder":"","_et_pb_old_content":"","_et_gb_content_width":"","inline_featured_image":false,"footnotes":"","_links_to":"","_links_to_target":""},"categories":[12],"tags":[],"class_list":["post-2690","page","type-page","status-publish","has-post-thumbnail","hentry","category-tuote"],"acf":[],"_links":{"self":[{"href":"https:\/\/aimtec.fi\/en\/wp-json\/wp\/v2\/pages\/2690","targetHints":{"allow":["GET"]}}],"collection":[{"href":"https:\/\/aimtec.fi\/en\/wp-json\/wp\/v2\/pages"}],"about":[{"href":"https:\/\/aimtec.fi\/en\/wp-json\/wp\/v2\/types\/page"}],"author":[{"embeddable":true,"href":"https:\/\/aimtec.fi\/en\/wp-json\/wp\/v2\/users\/5"}],"replies":[{"embeddable":true,"href":"https:\/\/aimtec.fi\/en\/wp-json\/wp\/v2\/comments?post=2690"}],"version-history":[{"count":7,"href":"https:\/\/aimtec.fi\/en\/wp-json\/wp\/v2\/pages\/2690\/revisions"}],"predecessor-version":[{"id":12046,"href":"https:\/\/aimtec.fi\/en\/wp-json\/wp\/v2\/pages\/2690\/revisions\/12046"}],"up":[{"embeddable":true,"href":"https:\/\/aimtec.fi\/en\/wp-json\/wp\/v2\/pages\/3074"}],"wp:featuredmedia":[{"embeddable":true,"href":"https:\/\/aimtec.fi\/en\/wp-json\/wp\/v2\/media\/12045"}],"wp:attachment":[{"href":"https:\/\/aimtec.fi\/en\/wp-json\/wp\/v2\/media?parent=2690"}],"wp:term":[{"taxonomy":"category","embeddable":true,"href":"https:\/\/aimtec.fi\/en\/wp-json\/wp\/v2\/categories?post=2690"},{"taxonomy":"post_tag","embeddable":true,"href":"https:\/\/aimtec.fi\/en\/wp-json\/wp\/v2\/tags?post=2690"}],"curies":[{"name":"wp","href":"https:\/\/api.w.org\/{rel}","templated":true}]}}