{"id":2706,"date":"2018-10-08T13:18:23","date_gmt":"2018-10-08T10:18:23","guid":{"rendered":"https:\/\/www.aimtec.fi\/?page_id=2706"},"modified":"2020-02-12T14:04:45","modified_gmt":"2020-02-12T12:04:45","slug":"flir-e5-lampokamera","status":"publish","type":"page","link":"https:\/\/aimtec.fi\/en\/lampokamerat\/flir-e5-lampokamera\/","title":{"rendered":"Flir &#8211; E5-XT l\u00e4mp\u00f6kamera"},"content":{"rendered":"<p><strong>FLIR E5-XT l\u00e4mp\u00f6kamera<\/strong> s\u00e4hk\u00f6isten ja mekaanisten laitteiden sek\u00e4 kiinteist\u00f6jen rakenteiden ongelmakohtien selvitt\u00e4miseen. Infrapuna-anturin resoluutio on 19 200 (160 x 120) pikseli\u00e4 ja l\u00e4mp\u00f6tila-alue -20\u00b0C \u2026 + 400\u00b0C. Kamerassa on FLIR MSX\u00ae ominaisuus kuvien tarkkuuden ja yksityiskohtien parantamiseen. WiFi \u2013 yhteyden ja FLIR Tools\u00ae mobiilisovelluksen avulla kuvien ja raporttien jako on helppoa heti kuvauspaikalta.<\/p>","protected":false},"excerpt":{"rendered":"<p>FLIR E5-XT l\u00e4mp\u00f6kamera s\u00e4hk\u00f6isten ja mekaanisten laitteiden sek\u00e4 kiinteist\u00f6jen rakenteiden ongelmakohtien selvitt\u00e4miseen. Infrapuna-anturin resoluutio on 19 200 (160 x 120) pikseli\u00e4 ja l\u00e4mp\u00f6tila-alue -20\u00b0C \u2026 + 400\u00b0C. Kamerassa on FLIR MSX\u00ae ominaisuus kuvien tarkkuuden ja yksityiskohtien parantamiseen. WiFi \u2013 yhteyden ja FLIR Tools\u00ae mobiilisovelluksen avulla kuvien ja raporttien jako on helppoa heti kuvauspaikalta.<\/p>","protected":false},"author":5,"featured_media":2708,"parent":3074,"menu_order":0,"comment_status":"closed","ping_status":"closed","template":"tuote.php","meta":{"_acf_changed":false,"_seopress_robots_primary_cat":"","_seopress_titles_title":"","_seopress_titles_desc":"","_seopress_robots_index":"","_et_pb_use_builder":"","_et_pb_old_content":"","_et_gb_content_width":"","inline_featured_image":false,"footnotes":"","_links_to":"","_links_to_target":""},"categories":[12],"tags":[],"class_list":["post-2706","page","type-page","status-publish","has-post-thumbnail","hentry","category-tuote"],"acf":[],"_links":{"self":[{"href":"https:\/\/aimtec.fi\/en\/wp-json\/wp\/v2\/pages\/2706","targetHints":{"allow":["GET"]}}],"collection":[{"href":"https:\/\/aimtec.fi\/en\/wp-json\/wp\/v2\/pages"}],"about":[{"href":"https:\/\/aimtec.fi\/en\/wp-json\/wp\/v2\/types\/page"}],"author":[{"embeddable":true,"href":"https:\/\/aimtec.fi\/en\/wp-json\/wp\/v2\/users\/5"}],"replies":[{"embeddable":true,"href":"https:\/\/aimtec.fi\/en\/wp-json\/wp\/v2\/comments?post=2706"}],"version-history":[{"count":7,"href":"https:\/\/aimtec.fi\/en\/wp-json\/wp\/v2\/pages\/2706\/revisions"}],"predecessor-version":[{"id":6104,"href":"https:\/\/aimtec.fi\/en\/wp-json\/wp\/v2\/pages\/2706\/revisions\/6104"}],"up":[{"embeddable":true,"href":"https:\/\/aimtec.fi\/en\/wp-json\/wp\/v2\/pages\/3074"}],"wp:featuredmedia":[{"embeddable":true,"href":"https:\/\/aimtec.fi\/en\/wp-json\/wp\/v2\/media\/2708"}],"wp:attachment":[{"href":"https:\/\/aimtec.fi\/en\/wp-json\/wp\/v2\/media?parent=2706"}],"wp:term":[{"taxonomy":"category","embeddable":true,"href":"https:\/\/aimtec.fi\/en\/wp-json\/wp\/v2\/categories?post=2706"},{"taxonomy":"post_tag","embeddable":true,"href":"https:\/\/aimtec.fi\/en\/wp-json\/wp\/v2\/tags?post=2706"}],"curies":[{"name":"wp","href":"https:\/\/api.w.org\/{rel}","templated":true}]}}