{"id":2718,"date":"2018-10-08T13:33:38","date_gmt":"2018-10-08T10:33:38","guid":{"rendered":"https:\/\/www.aimtec.fi\/?page_id=2718"},"modified":"2024-03-20T11:49:20","modified_gmt":"2024-03-20T09:49:20","slug":"p19w-taitettava-lampomittari","status":"publish","type":"page","link":"https:\/\/aimtec.fi\/en\/lampotilamittarit\/p19w-taitettava-lampomittari\/","title":{"rendered":"Comark \u2013 P19W taitettava l\u00e4mp\u00f6mittari"},"content":{"rendered":"<p><strong>P19W on <\/strong>k\u00e4tev\u00e4, taittuva ja taskuun sopiva digitaalinen l\u00e4mp\u00f6mittari nopeisiin l\u00e4mm\u00f6n tarkistuksiin kiireisess\u00e4 keitti\u00f6ss\u00e4. Siin\u00e4 on valaistu, k\u00e4\u00e4ntyv\u00e4 n\u00e4ytt\u00f6 sen mukaan, miss\u00e4 asennossa sit\u00e4 pidet\u00e4\u00e4n.<\/p>\n<p>Mittarissa on ohut, taittuva mittausk\u00e4rki, jonka voi asettaa haluamaansa mittausasentoon (s\u00e4\u00e4dett\u00e4v\u00e4 180\u00b0 kulma). Pienikokoinen mittari voidaan kuljettaa taskussa.<\/p>","protected":false},"excerpt":{"rendered":"<p>P19W on k\u00e4tev\u00e4, taittuva ja taskuun sopiva digitaalinen l\u00e4mp\u00f6mittari nopeisiin l\u00e4mm\u00f6n tarkistuksiin kiireisess\u00e4 keitti\u00f6ss\u00e4. Siin\u00e4 on valaistu, k\u00e4\u00e4ntyv\u00e4 n\u00e4ytt\u00f6 sen mukaan, miss\u00e4 asennossa sit\u00e4 pidet\u00e4\u00e4n. Mittarissa on ohut, taittuva mittausk\u00e4rki, jonka voi asettaa haluamaansa mittausasentoon (s\u00e4\u00e4dett\u00e4v\u00e4 180\u00b0 kulma). Pienikokoinen mittari voidaan kuljettaa taskussa.<\/p>","protected":false},"author":5,"featured_media":17901,"parent":1328,"menu_order":0,"comment_status":"closed","ping_status":"closed","template":"tuote.php","meta":{"_acf_changed":false,"_seopress_robots_primary_cat":"","_seopress_titles_title":"","_seopress_titles_desc":"","_seopress_robots_index":"","_et_pb_use_builder":"","_et_pb_old_content":"","_et_gb_content_width":"","inline_featured_image":false,"footnotes":"","_links_to":"","_links_to_target":""},"categories":[12],"tags":[],"class_list":["post-2718","page","type-page","status-publish","has-post-thumbnail","hentry","category-tuote"],"acf":[],"_links":{"self":[{"href":"https:\/\/aimtec.fi\/en\/wp-json\/wp\/v2\/pages\/2718","targetHints":{"allow":["GET"]}}],"collection":[{"href":"https:\/\/aimtec.fi\/en\/wp-json\/wp\/v2\/pages"}],"about":[{"href":"https:\/\/aimtec.fi\/en\/wp-json\/wp\/v2\/types\/page"}],"author":[{"embeddable":true,"href":"https:\/\/aimtec.fi\/en\/wp-json\/wp\/v2\/users\/5"}],"replies":[{"embeddable":true,"href":"https:\/\/aimtec.fi\/en\/wp-json\/wp\/v2\/comments?post=2718"}],"version-history":[{"count":10,"href":"https:\/\/aimtec.fi\/en\/wp-json\/wp\/v2\/pages\/2718\/revisions"}],"predecessor-version":[{"id":17902,"href":"https:\/\/aimtec.fi\/en\/wp-json\/wp\/v2\/pages\/2718\/revisions\/17902"}],"up":[{"embeddable":true,"href":"https:\/\/aimtec.fi\/en\/wp-json\/wp\/v2\/pages\/1328"}],"wp:featuredmedia":[{"embeddable":true,"href":"https:\/\/aimtec.fi\/en\/wp-json\/wp\/v2\/media\/17901"}],"wp:attachment":[{"href":"https:\/\/aimtec.fi\/en\/wp-json\/wp\/v2\/media?parent=2718"}],"wp:term":[{"taxonomy":"category","embeddable":true,"href":"https:\/\/aimtec.fi\/en\/wp-json\/wp\/v2\/categories?post=2718"},{"taxonomy":"post_tag","embeddable":true,"href":"https:\/\/aimtec.fi\/en\/wp-json\/wp\/v2\/tags?post=2718"}],"curies":[{"name":"wp","href":"https:\/\/api.w.org\/{rel}","templated":true}]}}