{"id":2729,"date":"2018-10-08T13:47:14","date_gmt":"2018-10-08T10:47:14","guid":{"rendered":"https:\/\/www.aimtec.fi\/?page_id=2729"},"modified":"2020-12-11T11:17:13","modified_gmt":"2020-12-11T09:17:13","slug":"kimo-tm-210-lampomittari","status":"publish","type":"page","link":"https:\/\/aimtec.fi\/en\/lampotilamittarit\/kimo-tm-210-lampomittari\/","title":{"rendered":"Kimo &#8211; TM 210 l\u00e4mp\u00f6mittari"},"content":{"rendered":"<p><strong>VAIHDETTAVAT MITTAUSMODUULIT<\/strong><br \/>\n1 laite = useita mittausalueita ja parametreja<\/p>\n<p><strong>LANGATON YHTEYS<\/strong><br \/>\nLangaton yhteys mittarin ja anturin v\u00e4lill\u00e4<\/p>\n<p><strong>SMART 2014 J\u00c4RJESTELM\u00c4<\/strong><br \/>\nTunnistaa automaattisesti langalliset ja langattomat anturit<\/p>\n<p><strong>TM 210 l\u00e4mp\u00f6mittarilla voit mitata samanaikaisesti l\u00e4mp\u00f6tilan nelj\u00e4ll\u00e4 anturilla, ja mittari n\u00e4ytt\u00e4\u00e4 l\u00e4mp\u00f6tilaeron.\u00a0<\/strong><br \/>\nTM 210 l\u00e4mp\u00f6mittaritoimitukseen kuuluu 4-kanavainen termoparimoduuli.<\/p>","protected":false},"excerpt":{"rendered":"<p>VAIHDETTAVAT MITTAUSMODUULIT 1 laite = useita mittausalueita ja parametreja LANGATON YHTEYS Langaton yhteys mittarin ja anturin v\u00e4lill\u00e4 SMART 2014 J\u00c4RJESTELM\u00c4 Tunnistaa automaattisesti langalliset ja langattomat anturit TM 210 l\u00e4mp\u00f6mittarilla voit mitata samanaikaisesti l\u00e4mp\u00f6tilan nelj\u00e4ll\u00e4 anturilla, ja mittari n\u00e4ytt\u00e4\u00e4 l\u00e4mp\u00f6tilaeron.\u00a0 TM 210 l\u00e4mp\u00f6mittaritoimitukseen kuuluu 4-kanavainen termoparimoduuli.<\/p>","protected":false},"author":5,"featured_media":2730,"parent":1328,"menu_order":0,"comment_status":"closed","ping_status":"closed","template":"tuote.php","meta":{"_acf_changed":false,"_seopress_robots_primary_cat":"","_seopress_titles_title":"","_seopress_titles_desc":"","_seopress_robots_index":"","_et_pb_use_builder":"","_et_pb_old_content":"","_et_gb_content_width":"","inline_featured_image":false,"footnotes":"","_links_to":"","_links_to_target":""},"categories":[12],"tags":[],"class_list":["post-2729","page","type-page","status-publish","has-post-thumbnail","hentry","category-tuote"],"acf":[],"_links":{"self":[{"href":"https:\/\/aimtec.fi\/en\/wp-json\/wp\/v2\/pages\/2729","targetHints":{"allow":["GET"]}}],"collection":[{"href":"https:\/\/aimtec.fi\/en\/wp-json\/wp\/v2\/pages"}],"about":[{"href":"https:\/\/aimtec.fi\/en\/wp-json\/wp\/v2\/types\/page"}],"author":[{"embeddable":true,"href":"https:\/\/aimtec.fi\/en\/wp-json\/wp\/v2\/users\/5"}],"replies":[{"embeddable":true,"href":"https:\/\/aimtec.fi\/en\/wp-json\/wp\/v2\/comments?post=2729"}],"version-history":[{"count":2,"href":"https:\/\/aimtec.fi\/en\/wp-json\/wp\/v2\/pages\/2729\/revisions"}],"predecessor-version":[{"id":8174,"href":"https:\/\/aimtec.fi\/en\/wp-json\/wp\/v2\/pages\/2729\/revisions\/8174"}],"up":[{"embeddable":true,"href":"https:\/\/aimtec.fi\/en\/wp-json\/wp\/v2\/pages\/1328"}],"wp:featuredmedia":[{"embeddable":true,"href":"https:\/\/aimtec.fi\/en\/wp-json\/wp\/v2\/media\/2730"}],"wp:attachment":[{"href":"https:\/\/aimtec.fi\/en\/wp-json\/wp\/v2\/media?parent=2729"}],"wp:term":[{"taxonomy":"category","embeddable":true,"href":"https:\/\/aimtec.fi\/en\/wp-json\/wp\/v2\/categories?post=2729"},{"taxonomy":"post_tag","embeddable":true,"href":"https:\/\/aimtec.fi\/en\/wp-json\/wp\/v2\/tags?post=2729"}],"curies":[{"name":"wp","href":"https:\/\/api.w.org\/{rel}","templated":true}]}}