{"id":2733,"date":"2018-10-08T13:51:53","date_gmt":"2018-10-08T10:51:53","guid":{"rendered":"https:\/\/www.aimtec.fi\/?page_id=2733"},"modified":"2020-12-11T11:15:41","modified_gmt":"2020-12-11T09:15:41","slug":"tk-61-ja-tk-62-termoparilampomittarit-200-1760c","status":"publish","type":"page","link":"https:\/\/aimtec.fi\/en\/lampotilamittarit\/tk-61-ja-tk-62-termoparilampomittarit-200-1760c\/","title":{"rendered":"Kimo &#8211; TK 61 ja TK 62 termoparil\u00e4mp\u00f6mittarit -200 &#8230; +1760\u00b0C"},"content":{"rendered":"<p><strong>TK 61<\/strong>\u00a0ja\u00a0<strong>TK 62<\/strong>\u00a0ovat kompakteja ja kest\u00e4vi\u00e4 l\u00e4mp\u00f6mittareita teollisuusk\u00e4ytt\u00f6\u00f6n. Mittareihin sopivat anturit termoparityyppi\u00e4 :<\/p>\n<p>K (-200.00 \u2026 +1300.00 \u00b0C)<br \/>\nJ (-100.00 \u2026 +750.00 \u00b0C)<br \/>\nT (-200.00 \u2026 +400.00 \u00b0C)<br \/>\nS (0.00 \u2026\u00a0 +1760.00 \u00b0C)<\/p>\n<p><strong>Mallit<\/strong>:<br \/>\nTK 61, 1 kanava<br \/>\nTK 62, 2 kanavaa<\/p>\n<p><strong>Ominaisuudet:<\/strong><br \/>\n-mittausalue -200 \u2026 +1760\u00b0C (anturista riippuen)<br \/>\n-h\u00e4lytysrajan asetus<br \/>\n-Pito (Hold) \u2013toiminto, minimi- ja maksimiarvojen n\u00e4ytt\u00f6<br \/>\n-automaattinen virrankatkaisu (asetusalue 0-120 min)<br \/>\n-mukana s\u00e4\u00e4t\u00f6todistus<\/p>","protected":false},"excerpt":{"rendered":"<p>TK 61\u00a0ja\u00a0TK 62\u00a0ovat kompakteja ja kest\u00e4vi\u00e4 l\u00e4mp\u00f6mittareita teollisuusk\u00e4ytt\u00f6\u00f6n. Mittareihin sopivat anturit termoparityyppi\u00e4 : K (-200.00 \u2026 +1300.00 \u00b0C) J (-100.00 \u2026 +750.00 \u00b0C) T (-200.00 \u2026 +400.00 \u00b0C) S (0.00 \u2026\u00a0 +1760.00 \u00b0C) Mallit: TK 61, 1 kanava TK 62, 2 kanavaa Ominaisuudet: -mittausalue -200 \u2026 +1760\u00b0C (anturista riippuen) -h\u00e4lytysrajan asetus -Pito (Hold) \u2013toiminto, minimi-&#8230;<\/p>","protected":false},"author":5,"featured_media":2734,"parent":1328,"menu_order":0,"comment_status":"closed","ping_status":"closed","template":"tuote.php","meta":{"_acf_changed":false,"_seopress_robots_primary_cat":"","_seopress_titles_title":"","_seopress_titles_desc":"","_seopress_robots_index":"","_et_pb_use_builder":"","_et_pb_old_content":"","_et_gb_content_width":"","inline_featured_image":false,"footnotes":"","_links_to":"","_links_to_target":""},"categories":[12],"tags":[],"class_list":["post-2733","page","type-page","status-publish","has-post-thumbnail","hentry","category-tuote"],"acf":[],"_links":{"self":[{"href":"https:\/\/aimtec.fi\/en\/wp-json\/wp\/v2\/pages\/2733","targetHints":{"allow":["GET"]}}],"collection":[{"href":"https:\/\/aimtec.fi\/en\/wp-json\/wp\/v2\/pages"}],"about":[{"href":"https:\/\/aimtec.fi\/en\/wp-json\/wp\/v2\/types\/page"}],"author":[{"embeddable":true,"href":"https:\/\/aimtec.fi\/en\/wp-json\/wp\/v2\/users\/5"}],"replies":[{"embeddable":true,"href":"https:\/\/aimtec.fi\/en\/wp-json\/wp\/v2\/comments?post=2733"}],"version-history":[{"count":4,"href":"https:\/\/aimtec.fi\/en\/wp-json\/wp\/v2\/pages\/2733\/revisions"}],"predecessor-version":[{"id":8172,"href":"https:\/\/aimtec.fi\/en\/wp-json\/wp\/v2\/pages\/2733\/revisions\/8172"}],"up":[{"embeddable":true,"href":"https:\/\/aimtec.fi\/en\/wp-json\/wp\/v2\/pages\/1328"}],"wp:featuredmedia":[{"embeddable":true,"href":"https:\/\/aimtec.fi\/en\/wp-json\/wp\/v2\/media\/2734"}],"wp:attachment":[{"href":"https:\/\/aimtec.fi\/en\/wp-json\/wp\/v2\/media?parent=2733"}],"wp:term":[{"taxonomy":"category","embeddable":true,"href":"https:\/\/aimtec.fi\/en\/wp-json\/wp\/v2\/categories?post=2733"},{"taxonomy":"post_tag","embeddable":true,"href":"https:\/\/aimtec.fi\/en\/wp-json\/wp\/v2\/tags?post=2733"}],"curies":[{"name":"wp","href":"https:\/\/api.w.org\/{rel}","templated":true}]}}