{"id":2737,"date":"2018-10-08T13:55:20","date_gmt":"2018-10-08T10:55:20","guid":{"rendered":"https:\/\/www.aimtec.fi\/?page_id=2737"},"modified":"2020-12-11T11:20:13","modified_gmt":"2020-12-11T09:20:13","slug":"tr-61-ja-tr-62-pt100-lampomittarit-100-400c","status":"publish","type":"page","link":"https:\/\/aimtec.fi\/en\/lampotilamittarit\/tr-61-ja-tr-62-pt100-lampomittarit-100-400c\/","title":{"rendered":"Kimo &#8211; TR 61 ja TR 62 Pt100 l\u00e4mp\u00f6mittarit -100 &#8230; 400\u00b0C"},"content":{"rendered":"<p><strong>TR 61\u00a0<\/strong>ja\u00a0<strong>TR 62<\/strong>\u00a0ovat kompakteja ja kest\u00e4vi\u00e4 l\u00e4mp\u00f6mittareita teollisuusk\u00e4ytt\u00f6\u00f6n.\u00a0<strong>Pt100 anturilla<\/strong>\u00a0varustetut mittarit soveltuvat korkeaa tarkkuutta vaativiin kohteisiin (tarkkuus \u00b10.4% lukemasta \u00b10.3\u00b0C)<\/p>\n<p><strong>Mallit:<\/strong><br \/>\nTR 61, 1 kanava<br \/>\nTR 62, 2 kanavaa<\/p>\n<p><strong>Ominaisuudet:<\/strong><br \/>\n-mittausalue -100 \u2026 +400\u00b0C (anturista riippuen)<br \/>\n-h\u00e4lytysrajan asetus<br \/>\n-Pito (Hold) \u2013toiminto, minimi- ja maksimiarvojen n\u00e4ytt\u00f6<br \/>\n-automaattinen virrankatkaisu (asetusalue 0-120 min)<br \/>\n-mukana s\u00e4\u00e4t\u00f6todistus<\/p>","protected":false},"excerpt":{"rendered":"<p>TR 61\u00a0ja\u00a0TR 62\u00a0ovat kompakteja ja kest\u00e4vi\u00e4 l\u00e4mp\u00f6mittareita teollisuusk\u00e4ytt\u00f6\u00f6n.\u00a0Pt100 anturilla\u00a0varustetut mittarit soveltuvat korkeaa tarkkuutta vaativiin kohteisiin (tarkkuus \u00b10.4% lukemasta \u00b10.3\u00b0C) Mallit: TR 61, 1 kanava TR 62, 2 kanavaa Ominaisuudet: -mittausalue -100 \u2026 +400\u00b0C (anturista riippuen) -h\u00e4lytysrajan asetus -Pito (Hold) \u2013toiminto, minimi- ja maksimiarvojen n\u00e4ytt\u00f6 -automaattinen virrankatkaisu (asetusalue 0-120 min) -mukana s\u00e4\u00e4t\u00f6todistus<\/p>","protected":false},"author":5,"featured_media":2739,"parent":1328,"menu_order":0,"comment_status":"closed","ping_status":"closed","template":"tuote.php","meta":{"_acf_changed":false,"_seopress_robots_primary_cat":"","_seopress_titles_title":"","_seopress_titles_desc":"","_seopress_robots_index":"","_et_pb_use_builder":"","_et_pb_old_content":"","_et_gb_content_width":"","inline_featured_image":false,"footnotes":"","_links_to":"","_links_to_target":""},"categories":[12],"tags":[],"class_list":["post-2737","page","type-page","status-publish","has-post-thumbnail","hentry","category-tuote"],"acf":[],"_links":{"self":[{"href":"https:\/\/aimtec.fi\/en\/wp-json\/wp\/v2\/pages\/2737","targetHints":{"allow":["GET"]}}],"collection":[{"href":"https:\/\/aimtec.fi\/en\/wp-json\/wp\/v2\/pages"}],"about":[{"href":"https:\/\/aimtec.fi\/en\/wp-json\/wp\/v2\/types\/page"}],"author":[{"embeddable":true,"href":"https:\/\/aimtec.fi\/en\/wp-json\/wp\/v2\/users\/5"}],"replies":[{"embeddable":true,"href":"https:\/\/aimtec.fi\/en\/wp-json\/wp\/v2\/comments?post=2737"}],"version-history":[{"count":4,"href":"https:\/\/aimtec.fi\/en\/wp-json\/wp\/v2\/pages\/2737\/revisions"}],"predecessor-version":[{"id":8176,"href":"https:\/\/aimtec.fi\/en\/wp-json\/wp\/v2\/pages\/2737\/revisions\/8176"}],"up":[{"embeddable":true,"href":"https:\/\/aimtec.fi\/en\/wp-json\/wp\/v2\/pages\/1328"}],"wp:featuredmedia":[{"embeddable":true,"href":"https:\/\/aimtec.fi\/en\/wp-json\/wp\/v2\/media\/2739"}],"wp:attachment":[{"href":"https:\/\/aimtec.fi\/en\/wp-json\/wp\/v2\/media?parent=2737"}],"wp:term":[{"taxonomy":"category","embeddable":true,"href":"https:\/\/aimtec.fi\/en\/wp-json\/wp\/v2\/categories?post=2737"},{"taxonomy":"post_tag","embeddable":true,"href":"https:\/\/aimtec.fi\/en\/wp-json\/wp\/v2\/tags?post=2737"}],"curies":[{"name":"wp","href":"https:\/\/api.w.org\/{rel}","templated":true}]}}