{"id":2741,"date":"2018-10-08T13:57:32","date_gmt":"2018-10-08T10:57:32","guid":{"rendered":"https:\/\/www.aimtec.fi\/?page_id=2741"},"modified":"2018-10-09T02:01:05","modified_gmt":"2018-10-08T23:01:05","slug":"kimo-kiray300-infrapunalampomittari","status":"publish","type":"page","link":"https:\/\/aimtec.fi\/en\/lampotilamittarit\/kimo-kiray300-infrapunalampomittari\/","title":{"rendered":"KIMO &#8211; KIRAY300 infrapunal\u00e4mp\u00f6mittari"},"content":{"rendered":"<p>KIMO Kiray 300 on pienikokoinen, helppok\u00e4ytt\u00f6inen ja nopeatoiminen infrapunal\u00e4mp\u00f6mittari mittausalueella -50\u00b0C&#8230;+1850\u00b0C.<\/p>","protected":false},"excerpt":{"rendered":"<p>KIMO Kiray 300 on pienikokoinen, helppok\u00e4ytt\u00f6inen ja nopeatoiminen infrapunal\u00e4mp\u00f6mittari mittausalueella -50\u00b0C&#8230;+1850\u00b0C.<\/p>","protected":false},"author":5,"featured_media":2743,"parent":1328,"menu_order":0,"comment_status":"closed","ping_status":"closed","template":"tuote.php","meta":{"_acf_changed":false,"_seopress_robots_primary_cat":"","_seopress_titles_title":"","_seopress_titles_desc":"","_seopress_robots_index":"","_et_pb_use_builder":"","_et_pb_old_content":"","_et_gb_content_width":"","inline_featured_image":false,"footnotes":"","_links_to":"","_links_to_target":""},"categories":[12],"tags":[],"class_list":["post-2741","page","type-page","status-publish","has-post-thumbnail","hentry","category-tuote"],"acf":[],"_links":{"self":[{"href":"https:\/\/aimtec.fi\/en\/wp-json\/wp\/v2\/pages\/2741","targetHints":{"allow":["GET"]}}],"collection":[{"href":"https:\/\/aimtec.fi\/en\/wp-json\/wp\/v2\/pages"}],"about":[{"href":"https:\/\/aimtec.fi\/en\/wp-json\/wp\/v2\/types\/page"}],"author":[{"embeddable":true,"href":"https:\/\/aimtec.fi\/en\/wp-json\/wp\/v2\/users\/5"}],"replies":[{"embeddable":true,"href":"https:\/\/aimtec.fi\/en\/wp-json\/wp\/v2\/comments?post=2741"}],"version-history":[{"count":1,"href":"https:\/\/aimtec.fi\/en\/wp-json\/wp\/v2\/pages\/2741\/revisions"}],"predecessor-version":[{"id":2744,"href":"https:\/\/aimtec.fi\/en\/wp-json\/wp\/v2\/pages\/2741\/revisions\/2744"}],"up":[{"embeddable":true,"href":"https:\/\/aimtec.fi\/en\/wp-json\/wp\/v2\/pages\/1328"}],"wp:featuredmedia":[{"embeddable":true,"href":"https:\/\/aimtec.fi\/en\/wp-json\/wp\/v2\/media\/2743"}],"wp:attachment":[{"href":"https:\/\/aimtec.fi\/en\/wp-json\/wp\/v2\/media?parent=2741"}],"wp:term":[{"taxonomy":"category","embeddable":true,"href":"https:\/\/aimtec.fi\/en\/wp-json\/wp\/v2\/categories?post=2741"},{"taxonomy":"post_tag","embeddable":true,"href":"https:\/\/aimtec.fi\/en\/wp-json\/wp\/v2\/tags?post=2741"}],"curies":[{"name":"wp","href":"https:\/\/api.w.org\/{rel}","templated":true}]}}