{"id":2745,"date":"2018-10-08T14:01:45","date_gmt":"2018-10-08T11:01:45","guid":{"rendered":"https:\/\/www.aimtec.fi\/?page_id=2745"},"modified":"2019-01-17T12:47:06","modified_gmt":"2019-01-17T10:47:06","slug":"kimo-kiray-100-infrapunalampomittari","status":"publish","type":"page","link":"https:\/\/aimtec.fi\/en\/lampotilamittarit\/kimo-kiray-100-infrapunalampomittari\/","title":{"rendered":"KIMO &#8211; Kiray 100 Infrapunal\u00e4mp\u00f6mittari"},"content":{"rendered":"<p>KIMO Kiray 100 on pienikokoinen, helppok\u00e4ytt\u00f6inen ja nopeatoiminen infrapunal\u00e4mp\u00f6mittari mittausalueella -50\u00b0C&#8230;+800\u00b0C. Mittauskeila 20:1 (2-piste laserkohdistin). Taustavalaistu LCD-n\u00e4ytt\u00f6,<br \/>\nMAX ja PITO toiminto, l\u00e4mp\u00f6tilojen yl\u00e4- ja alarajah\u00e4lytykset, emissiokertoimen s\u00e4\u00e4t\u00f6 0.10-1.00.<\/p>","protected":false},"excerpt":{"rendered":"<p>KIMO Kiray 100 on pienikokoinen, helppok\u00e4ytt\u00f6inen ja nopeatoiminen infrapunal\u00e4mp\u00f6mittari mittausalueella -50\u00b0C&#8230;+800\u00b0C. Mittauskeila 20:1 (2-piste laserkohdistin). Taustavalaistu LCD-n\u00e4ytt\u00f6, MAX ja PITO toiminto, l\u00e4mp\u00f6tilojen yl\u00e4- ja alarajah\u00e4lytykset, emissiokertoimen s\u00e4\u00e4t\u00f6 0.10-1.00.<\/p>","protected":false},"author":5,"featured_media":2747,"parent":1328,"menu_order":0,"comment_status":"closed","ping_status":"closed","template":"tuote.php","meta":{"_acf_changed":false,"_seopress_robots_primary_cat":"","_seopress_titles_title":"","_seopress_titles_desc":"","_seopress_robots_index":"","_et_pb_use_builder":"","_et_pb_old_content":"","_et_gb_content_width":"","inline_featured_image":false,"footnotes":"","_links_to":"","_links_to_target":""},"categories":[12],"tags":[],"class_list":["post-2745","page","type-page","status-publish","has-post-thumbnail","hentry","category-tuote"],"acf":[],"_links":{"self":[{"href":"https:\/\/aimtec.fi\/en\/wp-json\/wp\/v2\/pages\/2745","targetHints":{"allow":["GET"]}}],"collection":[{"href":"https:\/\/aimtec.fi\/en\/wp-json\/wp\/v2\/pages"}],"about":[{"href":"https:\/\/aimtec.fi\/en\/wp-json\/wp\/v2\/types\/page"}],"author":[{"embeddable":true,"href":"https:\/\/aimtec.fi\/en\/wp-json\/wp\/v2\/users\/5"}],"replies":[{"embeddable":true,"href":"https:\/\/aimtec.fi\/en\/wp-json\/wp\/v2\/comments?post=2745"}],"version-history":[{"count":2,"href":"https:\/\/aimtec.fi\/en\/wp-json\/wp\/v2\/pages\/2745\/revisions"}],"predecessor-version":[{"id":4148,"href":"https:\/\/aimtec.fi\/en\/wp-json\/wp\/v2\/pages\/2745\/revisions\/4148"}],"up":[{"embeddable":true,"href":"https:\/\/aimtec.fi\/en\/wp-json\/wp\/v2\/pages\/1328"}],"wp:featuredmedia":[{"embeddable":true,"href":"https:\/\/aimtec.fi\/en\/wp-json\/wp\/v2\/media\/2747"}],"wp:attachment":[{"href":"https:\/\/aimtec.fi\/en\/wp-json\/wp\/v2\/media?parent=2745"}],"wp:term":[{"taxonomy":"category","embeddable":true,"href":"https:\/\/aimtec.fi\/en\/wp-json\/wp\/v2\/categories?post=2745"},{"taxonomy":"post_tag","embeddable":true,"href":"https:\/\/aimtec.fi\/en\/wp-json\/wp\/v2\/tags?post=2745"}],"curies":[{"name":"wp","href":"https:\/\/api.w.org\/{rel}","templated":true}]}}