{"id":2749,"date":"2018-10-08T14:07:26","date_gmt":"2018-10-08T11:07:26","guid":{"rendered":"https:\/\/www.aimtec.fi\/?page_id=2749"},"modified":"2019-01-17T13:48:49","modified_gmt":"2019-01-17T11:48:49","slug":"kimo-kiray200-infrapunalampomittari","status":"publish","type":"page","link":"https:\/\/aimtec.fi\/en\/lampotilamittarit\/kimo-kiray200-infrapunalampomittari\/","title":{"rendered":"KIMO &#8211; Kiray 200 Infrapunal\u00e4mp\u00f6mittari"},"content":{"rendered":"<p>KIMO Kiray 200 on pienikokoinen, helppok\u00e4ytt\u00f6inen ja nopeatoiminen infrapunal\u00e4mp\u00f6mittari mittausalueella -50\u00b0C&#8230;+850\u00b0C. Mittauskeila 30:1 (laserkohdistin).<br \/>\nMinimi-, maksimi- ja keskiarvolukemien n\u00e4ytt\u00f6, l\u00e4mp\u00f6tilojen yl\u00e4- ja alarajah\u00e4lytykset ja emissiokertoimen s\u00e4\u00e4t\u00f6 0.10-1.00. Mittariin voi tallentaa max 20 l\u00e4mp\u00f6tilalukemaa.<br \/>\nMittarin mukana toimitetaan lanka-anturi (termopari K), joka on liitett\u00e4viss\u00e4 infrapunamittariin. Taustavalaistu LCD-n\u00e4ytt\u00f6,<\/p>","protected":false},"excerpt":{"rendered":"<p>KIMO Kiray 200 on pienikokoinen, helppok\u00e4ytt\u00f6inen ja nopeatoiminen infrapunal\u00e4mp\u00f6mittari mittausalueella -50\u00b0C&#8230;+850\u00b0C. Mittauskeila 30:1 (laserkohdistin). Minimi-, maksimi- ja keskiarvolukemien n\u00e4ytt\u00f6, l\u00e4mp\u00f6tilojen yl\u00e4- ja alarajah\u00e4lytykset ja emissiokertoimen s\u00e4\u00e4t\u00f6 0.10-1.00. Mittariin voi tallentaa max 20 l\u00e4mp\u00f6tilalukemaa. Mittarin mukana toimitetaan lanka-anturi (termopari K), joka on liitett\u00e4viss\u00e4 infrapunamittariin. Taustavalaistu LCD-n\u00e4ytt\u00f6,<\/p>","protected":false},"author":5,"featured_media":2750,"parent":1328,"menu_order":0,"comment_status":"closed","ping_status":"closed","template":"tuote.php","meta":{"_acf_changed":false,"_seopress_robots_primary_cat":"","_seopress_titles_title":"","_seopress_titles_desc":"","_seopress_robots_index":"","_et_pb_use_builder":"","_et_pb_old_content":"","_et_gb_content_width":"","inline_featured_image":false,"footnotes":"","_links_to":"","_links_to_target":""},"categories":[12],"tags":[],"class_list":["post-2749","page","type-page","status-publish","has-post-thumbnail","hentry","category-tuote"],"acf":[],"_links":{"self":[{"href":"https:\/\/aimtec.fi\/en\/wp-json\/wp\/v2\/pages\/2749","targetHints":{"allow":["GET"]}}],"collection":[{"href":"https:\/\/aimtec.fi\/en\/wp-json\/wp\/v2\/pages"}],"about":[{"href":"https:\/\/aimtec.fi\/en\/wp-json\/wp\/v2\/types\/page"}],"author":[{"embeddable":true,"href":"https:\/\/aimtec.fi\/en\/wp-json\/wp\/v2\/users\/5"}],"replies":[{"embeddable":true,"href":"https:\/\/aimtec.fi\/en\/wp-json\/wp\/v2\/comments?post=2749"}],"version-history":[{"count":4,"href":"https:\/\/aimtec.fi\/en\/wp-json\/wp\/v2\/pages\/2749\/revisions"}],"predecessor-version":[{"id":4152,"href":"https:\/\/aimtec.fi\/en\/wp-json\/wp\/v2\/pages\/2749\/revisions\/4152"}],"up":[{"embeddable":true,"href":"https:\/\/aimtec.fi\/en\/wp-json\/wp\/v2\/pages\/1328"}],"wp:featuredmedia":[{"embeddable":true,"href":"https:\/\/aimtec.fi\/en\/wp-json\/wp\/v2\/media\/2750"}],"wp:attachment":[{"href":"https:\/\/aimtec.fi\/en\/wp-json\/wp\/v2\/media?parent=2749"}],"wp:term":[{"taxonomy":"category","embeddable":true,"href":"https:\/\/aimtec.fi\/en\/wp-json\/wp\/v2\/categories?post=2749"},{"taxonomy":"post_tag","embeddable":true,"href":"https:\/\/aimtec.fi\/en\/wp-json\/wp\/v2\/tags?post=2749"}],"curies":[{"name":"wp","href":"https:\/\/api.w.org\/{rel}","templated":true}]}}