{"id":2757,"date":"2018-10-08T14:21:40","date_gmt":"2018-10-08T11:21:40","guid":{"rendered":"https:\/\/www.aimtec.fi\/?page_id=2757"},"modified":"2020-12-07T08:47:45","modified_gmt":"2020-12-07T06:47:45","slug":"comark-dt400-lampomittari","status":"publish","type":"page","link":"https:\/\/aimtec.fi\/en\/lampotilamittarit\/comark-dt400-lampomittari\/","title":{"rendered":"COMARK &#8211; DT400 L\u00e4mp\u00f6mittari"},"content":{"rendered":"<p>Tarkka, nopeat mittaustulokset (ohut k\u00e4rkiosa), roiskevesitiivis. Taskuun sopiva muotoilu, Max-toiminto, pito-toiminto, automaattinen sulkutoiminto. Anturin suojana mittariin liitett\u00e4v\u00e4 tuppiosa.<br \/>\nVesitiivis, voidaan k\u00e4ytt\u00e4\u00e4 esimerkiksi astianpesukoneen huuhtelujaksojen l\u00e4mp\u00f6tilan mittaukseen.<\/p>","protected":false},"excerpt":{"rendered":"<p>Tarkka, nopeat mittaustulokset (ohut k\u00e4rkiosa), roiskevesitiivis. Taskuun sopiva muotoilu, Max-toiminto, pito-toiminto, automaattinen sulkutoiminto. Anturin suojana mittariin liitett\u00e4v\u00e4 tuppiosa. Vesitiivis, voidaan k\u00e4ytt\u00e4\u00e4 esimerkiksi astianpesukoneen huuhtelujaksojen l\u00e4mp\u00f6tilan mittaukseen.<\/p>","protected":false},"author":5,"featured_media":2759,"parent":1328,"menu_order":0,"comment_status":"closed","ping_status":"closed","template":"tuote.php","meta":{"_acf_changed":false,"_seopress_robots_primary_cat":"","_seopress_titles_title":"","_seopress_titles_desc":"","_seopress_robots_index":"","_et_pb_use_builder":"","_et_pb_old_content":"","_et_gb_content_width":"","inline_featured_image":false,"footnotes":"","_links_to":"","_links_to_target":""},"categories":[12],"tags":[],"class_list":["post-2757","page","type-page","status-publish","has-post-thumbnail","hentry","category-tuote"],"acf":[],"_links":{"self":[{"href":"https:\/\/aimtec.fi\/en\/wp-json\/wp\/v2\/pages\/2757","targetHints":{"allow":["GET"]}}],"collection":[{"href":"https:\/\/aimtec.fi\/en\/wp-json\/wp\/v2\/pages"}],"about":[{"href":"https:\/\/aimtec.fi\/en\/wp-json\/wp\/v2\/types\/page"}],"author":[{"embeddable":true,"href":"https:\/\/aimtec.fi\/en\/wp-json\/wp\/v2\/users\/5"}],"replies":[{"embeddable":true,"href":"https:\/\/aimtec.fi\/en\/wp-json\/wp\/v2\/comments?post=2757"}],"version-history":[{"count":2,"href":"https:\/\/aimtec.fi\/en\/wp-json\/wp\/v2\/pages\/2757\/revisions"}],"predecessor-version":[{"id":8031,"href":"https:\/\/aimtec.fi\/en\/wp-json\/wp\/v2\/pages\/2757\/revisions\/8031"}],"up":[{"embeddable":true,"href":"https:\/\/aimtec.fi\/en\/wp-json\/wp\/v2\/pages\/1328"}],"wp:featuredmedia":[{"embeddable":true,"href":"https:\/\/aimtec.fi\/en\/wp-json\/wp\/v2\/media\/2759"}],"wp:attachment":[{"href":"https:\/\/aimtec.fi\/en\/wp-json\/wp\/v2\/media?parent=2757"}],"wp:term":[{"taxonomy":"category","embeddable":true,"href":"https:\/\/aimtec.fi\/en\/wp-json\/wp\/v2\/categories?post=2757"},{"taxonomy":"post_tag","embeddable":true,"href":"https:\/\/aimtec.fi\/en\/wp-json\/wp\/v2\/tags?post=2757"}],"curies":[{"name":"wp","href":"https:\/\/api.w.org\/{rel}","templated":true}]}}