{"id":2785,"date":"2018-10-08T15:09:12","date_gmt":"2018-10-08T12:09:12","guid":{"rendered":"https:\/\/www.aimtec.fi\/?page_id=2785"},"modified":"2020-12-15T08:59:42","modified_gmt":"2020-12-15T06:59:42","slug":"kimo-kx205-ja-kx404-nestemanometrit","status":"publish","type":"page","link":"https:\/\/aimtec.fi\/en\/nestemanometrit\/kimo-kx205-ja-kx404-nestemanometrit\/","title":{"rendered":"KIMO &#8211; KX205 ja KX404 nestemanometrit"},"content":{"rendered":"<p>Nestemanometrit ilman tai kaasun paineen, alipaineen tai paine-eron vaihteluiden mittaamiseen.\u00a0 K\u00e4ytet\u00e4\u00e4n mm. ilmanvaihdon, l\u00e4mmityksen ja p\u00f6lynpoiston j\u00e4rjestelmiss\u00e4. Nollakohta on asteikon keskell\u00e4, joten mittari soveltuu kohteisiin, joissa paine vaihtelee yli- ja alipaineiden v\u00e4lill\u00e4.<\/p>\n<table cellspacing=\"2\" cellpadding=\"1\">\n<tbody>\n<tr>\n<td><strong>Malli<\/strong><\/td>\n<td class=\"rtecenter\" colspan=\"2\"><strong>Mittausalue<\/strong><\/td>\n<td class=\"rtecenter\"><strong>Herkkyys<\/strong><\/td>\n<\/tr>\n<tr>\n<td><\/td>\n<td class=\"rtecenter\"><strong>mm H2O<\/strong><\/td>\n<td class=\"rtecenter\"><strong>Pascal<\/strong><\/td>\n<td class=\"rtecenter\"><strong>1 mm H2O tai 10 Pa<\/strong><\/td>\n<\/tr>\n<tr>\n<td><strong>KX 205<\/strong><\/td>\n<td class=\"rtecenter\">25 \u2013 0 \u2013 25<\/td>\n<td class=\"rtecenter\">250 \u2013 0 \u2013 250<\/td>\n<td class=\"rtecenter\">3 mm<\/td>\n<\/tr>\n<tr>\n<td><strong>KX 404<\/strong><\/td>\n<td class=\"rtecenter\">40 \u2013 0 \u2013 40<\/td>\n<td class=\"rtecenter\">400 \u2013 0 \u2013 400<\/td>\n<td class=\"rtecenter\">2,5 mm<\/td>\n<\/tr>\n<\/tbody>\n<\/table>\n<p>&nbsp;<\/p>\n<p><strong>Erotuskyky KX 205 ja 404<\/strong>: 1 mm H2O tai 10 Pa<\/p>","protected":false},"excerpt":{"rendered":"<p>Nestemanometrit ilman tai kaasun paineen, alipaineen tai paine-eron vaihteluiden mittaamiseen.\u00a0 K\u00e4ytet\u00e4\u00e4n mm. ilmanvaihdon, l\u00e4mmityksen ja p\u00f6lynpoiston j\u00e4rjestelmiss\u00e4. Nollakohta on asteikon keskell\u00e4, joten mittari soveltuu kohteisiin, joissa paine vaihtelee yli- ja alipaineiden v\u00e4lill\u00e4. Malli Mittausalue Herkkyys mm H2O Pascal 1 mm H2O tai 10 Pa KX 205 25 \u2013 0 \u2013 25 250 \u2013 0 \u2013&#8230;<\/p>","protected":false},"author":5,"featured_media":2786,"parent":3077,"menu_order":0,"comment_status":"closed","ping_status":"closed","template":"tuote.php","meta":{"_acf_changed":false,"_seopress_robots_primary_cat":"","_seopress_titles_title":"","_seopress_titles_desc":"","_seopress_robots_index":"","_et_pb_use_builder":"","_et_pb_old_content":"","_et_gb_content_width":"","inline_featured_image":false,"footnotes":"","_links_to":"","_links_to_target":""},"categories":[12],"tags":[],"class_list":["post-2785","page","type-page","status-publish","has-post-thumbnail","hentry","category-tuote"],"acf":[],"_links":{"self":[{"href":"https:\/\/aimtec.fi\/en\/wp-json\/wp\/v2\/pages\/2785","targetHints":{"allow":["GET"]}}],"collection":[{"href":"https:\/\/aimtec.fi\/en\/wp-json\/wp\/v2\/pages"}],"about":[{"href":"https:\/\/aimtec.fi\/en\/wp-json\/wp\/v2\/types\/page"}],"author":[{"embeddable":true,"href":"https:\/\/aimtec.fi\/en\/wp-json\/wp\/v2\/users\/5"}],"replies":[{"embeddable":true,"href":"https:\/\/aimtec.fi\/en\/wp-json\/wp\/v2\/comments?post=2785"}],"version-history":[{"count":2,"href":"https:\/\/aimtec.fi\/en\/wp-json\/wp\/v2\/pages\/2785\/revisions"}],"predecessor-version":[{"id":8234,"href":"https:\/\/aimtec.fi\/en\/wp-json\/wp\/v2\/pages\/2785\/revisions\/8234"}],"up":[{"embeddable":true,"href":"https:\/\/aimtec.fi\/en\/wp-json\/wp\/v2\/pages\/3077"}],"wp:featuredmedia":[{"embeddable":true,"href":"https:\/\/aimtec.fi\/en\/wp-json\/wp\/v2\/media\/2786"}],"wp:attachment":[{"href":"https:\/\/aimtec.fi\/en\/wp-json\/wp\/v2\/media?parent=2785"}],"wp:term":[{"taxonomy":"category","embeddable":true,"href":"https:\/\/aimtec.fi\/en\/wp-json\/wp\/v2\/categories?post=2785"},{"taxonomy":"post_tag","embeddable":true,"href":"https:\/\/aimtec.fi\/en\/wp-json\/wp\/v2\/tags?post=2785"}],"curies":[{"name":"wp","href":"https:\/\/api.w.org\/{rel}","templated":true}]}}