{"id":2789,"date":"2018-10-08T15:29:39","date_gmt":"2018-10-08T12:29:39","guid":{"rendered":"https:\/\/www.aimtec.fi\/?page_id=2789"},"modified":"2020-12-15T09:07:31","modified_gmt":"2020-12-15T07:07:31","slug":"kimo-tx25-tx50-ja-tx75-nestemanometrit","status":"publish","type":"page","link":"https:\/\/aimtec.fi\/en\/nestemanometrit\/kimo-tx25-tx50-ja-tx75-nestemanometrit\/","title":{"rendered":"KIMO &#8211; TX25, TX50 ja TX75 nestemanometrit"},"content":{"rendered":"<p>Nestemanometrit matalille paineille -75 &#8211; +75 Pa. Ilman tai kaasun paineen, alipaineen tai paine-eron vaihteluiden mittaamiseen mm. puhdastiloissa, laboratorioissa ja aseptisissa tiloissa. Nollakohta on asteikon keskell\u00e4, joten mittari soveltuu kohteisiin, joissa paine vaihtelee yli- ja alipaineiden v\u00e4lill\u00e4.<\/p>\n<table cellspacing=\"2\" cellpadding=\"1\">\n<tbody>\n<tr>\n<td><strong>Malli<\/strong><\/td>\n<td class=\"rtecenter\" colspan=\"2\"><strong>Mittausalue<\/strong><\/td>\n<td class=\"rtecenter\"><strong>Herkkyys<\/strong><\/td>\n<\/tr>\n<tr>\n<td><\/td>\n<td class=\"rtecenter\"><strong>mm H2O<\/strong><\/td>\n<td class=\"rtecenter\"><strong>Pascal<\/strong><\/td>\n<td class=\"rtecenter\"><strong>1 mm H2O tai 10 Pa<\/strong><\/td>\n<\/tr>\n<tr>\n<td><strong>TX 25<\/strong><\/td>\n<td class=\"rtecenter\">2.5\u20130\u20132.5<\/td>\n<td class=\"rtecenter\">25-0-25<\/td>\n<td class=\"rtecenter\">20 mm<\/td>\n<\/tr>\n<tr>\n<td><strong>TX 50<\/strong><\/td>\n<td class=\"rtecenter\">5-0-5<\/td>\n<td class=\"rtecenter\">50-0-50<\/td>\n<td class=\"rtecenter\">15 mm<\/td>\n<\/tr>\n<tr>\n<td><strong>TX 75<\/strong><\/td>\n<td class=\"rtecenter\">7.5-0-7.5<\/td>\n<td class=\"rtecenter\">75-0-75<\/td>\n<td class=\"rtecenter\">10 mm<\/td>\n<\/tr>\n<\/tbody>\n<\/table>\n<p><strong>Erotuskyky TX 25, 50 ja 75<\/strong>: 0,1 mm H2O tai 1 Pa<\/p>","protected":false},"excerpt":{"rendered":"<p>Nestemanometrit matalille paineille -75 &#8211; +75 Pa. Ilman tai kaasun paineen, alipaineen tai paine-eron vaihteluiden mittaamiseen mm. puhdastiloissa, laboratorioissa ja aseptisissa tiloissa. Nollakohta on asteikon keskell\u00e4, joten mittari soveltuu kohteisiin, joissa paine vaihtelee yli- ja alipaineiden v\u00e4lill\u00e4. Malli Mittausalue Herkkyys mm H2O Pascal 1 mm H2O tai 10 Pa TX 25 2.5\u20130\u20132.5 25-0-25 20 mm&#8230;<\/p>","protected":false},"author":5,"featured_media":2790,"parent":3077,"menu_order":0,"comment_status":"closed","ping_status":"closed","template":"tuote.php","meta":{"_acf_changed":false,"_seopress_robots_primary_cat":"","_seopress_titles_title":"","_seopress_titles_desc":"","_seopress_robots_index":"","_et_pb_use_builder":"","_et_pb_old_content":"","_et_gb_content_width":"","inline_featured_image":false,"footnotes":"","_links_to":"","_links_to_target":""},"categories":[12],"tags":[],"class_list":["post-2789","page","type-page","status-publish","has-post-thumbnail","hentry","category-tuote"],"acf":[],"_links":{"self":[{"href":"https:\/\/aimtec.fi\/en\/wp-json\/wp\/v2\/pages\/2789","targetHints":{"allow":["GET"]}}],"collection":[{"href":"https:\/\/aimtec.fi\/en\/wp-json\/wp\/v2\/pages"}],"about":[{"href":"https:\/\/aimtec.fi\/en\/wp-json\/wp\/v2\/types\/page"}],"author":[{"embeddable":true,"href":"https:\/\/aimtec.fi\/en\/wp-json\/wp\/v2\/users\/5"}],"replies":[{"embeddable":true,"href":"https:\/\/aimtec.fi\/en\/wp-json\/wp\/v2\/comments?post=2789"}],"version-history":[{"count":4,"href":"https:\/\/aimtec.fi\/en\/wp-json\/wp\/v2\/pages\/2789\/revisions"}],"predecessor-version":[{"id":8245,"href":"https:\/\/aimtec.fi\/en\/wp-json\/wp\/v2\/pages\/2789\/revisions\/8245"}],"up":[{"embeddable":true,"href":"https:\/\/aimtec.fi\/en\/wp-json\/wp\/v2\/pages\/3077"}],"wp:featuredmedia":[{"embeddable":true,"href":"https:\/\/aimtec.fi\/en\/wp-json\/wp\/v2\/media\/2790"}],"wp:attachment":[{"href":"https:\/\/aimtec.fi\/en\/wp-json\/wp\/v2\/media?parent=2789"}],"wp:term":[{"taxonomy":"category","embeddable":true,"href":"https:\/\/aimtec.fi\/en\/wp-json\/wp\/v2\/categories?post=2789"},{"taxonomy":"post_tag","embeddable":true,"href":"https:\/\/aimtec.fi\/en\/wp-json\/wp\/v2\/tags?post=2789"}],"curies":[{"name":"wp","href":"https:\/\/api.w.org\/{rel}","templated":true}]}}