{"id":2802,"date":"2018-10-08T15:39:39","date_gmt":"2018-10-08T12:39:39","guid":{"rendered":"https:\/\/www.aimtec.fi\/?page_id=2802"},"modified":"2020-12-15T09:01:04","modified_gmt":"2020-12-15T07:01:04","slug":"kimo-lu100-400-nestemanometrit","status":"publish","type":"page","link":"https:\/\/aimtec.fi\/en\/nestemanometrit\/kimo-lu100-400-nestemanometrit\/","title":{"rendered":"KIMO &#8211; LU100-400 nestemanometrit"},"content":{"rendered":"<p>Pystymallin nestemanometrit U-putkella ilman tai kaasun paineen, alipaineen tai paine-eron vaihteluiden mittaamiseen. Mm. ilmanvaihdon mittauksiin. Kolme mallia, mittausalue riippuu k\u00e4ytett\u00e4v\u00e4st\u00e4 nesteest\u00e4: AWS 10 tai VOLT 1 S.<\/p>\n<table cellspacing=\"2\" cellpadding=\"1\">\n<tbody>\n<tr>\n<td><\/td>\n<td class=\"rtecenter\" colspan=\"3\"><strong>Mittausalue mm H2O \/ mm HG<\/strong><\/td>\n<\/tr>\n<tr>\n<td><\/td>\n<td class=\"rtecenter\"><strong>LU 100<\/strong><\/td>\n<td class=\"rtecenter\"><strong>LU 200<\/strong><\/td>\n<td class=\"rtecenter\"><strong>LU 400<\/strong><\/td>\n<\/tr>\n<tr>\n<td><strong>AWS 10<\/strong><\/td>\n<td class=\"rtecenter\">50 \u2013 0 \u2013 50<\/td>\n<td class=\"rtecenter\">100 \u2013 0 \u2013 100<\/td>\n<td class=\"rtecenter\">200 \u2013 0 \u2013 200<\/td>\n<\/tr>\n<tr>\n<td><strong>VOLT 1 S<\/strong><\/td>\n<td class=\"rtecenter\">110 \u2013 0 \u2013 110<\/td>\n<td class=\"rtecenter\">220 \u2013 0 \u2013 220<\/td>\n<td class=\"rtecenter\">440 \u2013 0 \u2013 440<\/td>\n<\/tr>\n<tr>\n<td><\/td>\n<td class=\"rtecenter\"><\/td>\n<td class=\"rtecenter\"><\/td>\n<td class=\"rtecenter\"><\/td>\n<\/tr>\n<\/tbody>\n<\/table>\n<p>AWS 10 erotuskyky: 1 mm H2O<br \/>\nVOLT 1 S erotuskyky: 5 mm H2O<\/p>","protected":false},"excerpt":{"rendered":"<p>Pystymallin nestemanometrit U-putkella ilman tai kaasun paineen, alipaineen tai paine-eron vaihteluiden mittaamiseen. Mm. ilmanvaihdon mittauksiin. Kolme mallia, mittausalue riippuu k\u00e4ytett\u00e4v\u00e4st\u00e4 nesteest\u00e4: AWS 10 tai VOLT 1 S. Mittausalue mm H2O \/ mm HG LU 100 LU 200 LU 400 AWS 10 50 \u2013 0 \u2013 50 100 \u2013 0 \u2013 100 200 \u2013 0 \u2013&#8230;<\/p>","protected":false},"author":5,"featured_media":2804,"parent":3077,"menu_order":0,"comment_status":"closed","ping_status":"closed","template":"tuote.php","meta":{"_acf_changed":false,"_seopress_robots_primary_cat":"","_seopress_titles_title":"","_seopress_titles_desc":"","_seopress_robots_index":"","_et_pb_use_builder":"","_et_pb_old_content":"","_et_gb_content_width":"","inline_featured_image":false,"footnotes":"","_links_to":"","_links_to_target":""},"categories":[12],"tags":[],"class_list":["post-2802","page","type-page","status-publish","has-post-thumbnail","hentry","category-tuote"],"acf":[],"_links":{"self":[{"href":"https:\/\/aimtec.fi\/en\/wp-json\/wp\/v2\/pages\/2802","targetHints":{"allow":["GET"]}}],"collection":[{"href":"https:\/\/aimtec.fi\/en\/wp-json\/wp\/v2\/pages"}],"about":[{"href":"https:\/\/aimtec.fi\/en\/wp-json\/wp\/v2\/types\/page"}],"author":[{"embeddable":true,"href":"https:\/\/aimtec.fi\/en\/wp-json\/wp\/v2\/users\/5"}],"replies":[{"embeddable":true,"href":"https:\/\/aimtec.fi\/en\/wp-json\/wp\/v2\/comments?post=2802"}],"version-history":[{"count":2,"href":"https:\/\/aimtec.fi\/en\/wp-json\/wp\/v2\/pages\/2802\/revisions"}],"predecessor-version":[{"id":8236,"href":"https:\/\/aimtec.fi\/en\/wp-json\/wp\/v2\/pages\/2802\/revisions\/8236"}],"up":[{"embeddable":true,"href":"https:\/\/aimtec.fi\/en\/wp-json\/wp\/v2\/pages\/3077"}],"wp:featuredmedia":[{"embeddable":true,"href":"https:\/\/aimtec.fi\/en\/wp-json\/wp\/v2\/media\/2804"}],"wp:attachment":[{"href":"https:\/\/aimtec.fi\/en\/wp-json\/wp\/v2\/media?parent=2802"}],"wp:term":[{"taxonomy":"category","embeddable":true,"href":"https:\/\/aimtec.fi\/en\/wp-json\/wp\/v2\/categories?post=2802"},{"taxonomy":"post_tag","embeddable":true,"href":"https:\/\/aimtec.fi\/en\/wp-json\/wp\/v2\/tags?post=2802"}],"curies":[{"name":"wp","href":"https:\/\/api.w.org\/{rel}","templated":true}]}}