{"id":2814,"date":"2018-10-08T15:54:05","date_gmt":"2018-10-08T12:54:05","guid":{"rendered":"https:\/\/www.aimtec.fi\/?page_id=2814"},"modified":"2020-12-15T09:05:14","modified_gmt":"2020-12-15T07:05:14","slug":"kimo-tj-100-1000-nestemanometrit","status":"publish","type":"page","link":"https:\/\/aimtec.fi\/en\/nestemanometrit\/kimo-tj-100-1000-nestemanometrit\/","title":{"rendered":"KIMO &#8211; TJ 100-1000 nestemanometrit"},"content":{"rendered":"<p>Pystymallin nestemanometrit J-putkella ilman tai kaasun paineen, alipaineen tai paine-eron vaihteluiden mittaamiseen. Viisi mallia, mittausalue riippuu k\u00e4ytett\u00e4v\u00e4st\u00e4 nesteest\u00e4: AWS 10 tai VOLT 1 S.<\/p>\n<table cellspacing=\"2\" cellpadding=\"1\">\n<tbody>\n<tr>\n<td><\/td>\n<td class=\"rtecenter\" colspan=\"5\"><strong>Mittausalue mm H2O \/ mm HG<\/strong><\/td>\n<\/tr>\n<tr>\n<td><\/td>\n<td class=\"rtecenter\"><strong>TJ 100<\/strong><\/td>\n<td class=\"rtecenter\"><strong>TJ 150<\/strong><\/td>\n<td class=\"rtecenter\"><strong>TJ 300<\/strong><\/td>\n<td class=\"rtecenter\"><strong>TJ 600<\/strong><\/td>\n<td class=\"rtecenter\"><strong>TJ 1000<\/strong><\/td>\n<\/tr>\n<tr>\n<td><strong>AWS 10<\/strong><\/td>\n<td class=\"rtecenter\">0 \u2013 100<\/td>\n<td class=\"rtecenter\">0 \u2013 150<\/td>\n<td class=\"rtecenter\">0 \u2013 300<\/td>\n<td class=\"rtecenter\">0 \u2013 600<\/td>\n<td class=\"rtecenter\">0 \u2013 1000<\/td>\n<\/tr>\n<tr>\n<td><strong>VOLT 1 S<\/strong><\/td>\n<td class=\"rtecenter\">&#8211;<\/td>\n<td class=\"rtecenter\">&#8211;<\/td>\n<td class=\"rtecenter\">0 \u2013 650<\/td>\n<td class=\"rtecenter\">0 \u2013 1300<\/td>\n<td class=\"rtecenter\">0 \u2013 2150<\/td>\n<\/tr>\n<tr>\n<td><\/td>\n<td class=\"rtecenter\"><\/td>\n<td class=\"rtecenter\"><\/td>\n<td class=\"rtecenter\"><\/td>\n<td class=\"rtecenter\"><\/td>\n<td class=\"rtecenter\"><\/td>\n<\/tr>\n<\/tbody>\n<\/table>\n<p>AWS 10 erotuskyky: 1 mm H2O<br \/>\nVOLT 1 S erotuskyky: 5 mm H2O<\/p>","protected":false},"excerpt":{"rendered":"<p>Pystymallin nestemanometrit J-putkella ilman tai kaasun paineen, alipaineen tai paine-eron vaihteluiden mittaamiseen. Viisi mallia, mittausalue riippuu k\u00e4ytett\u00e4v\u00e4st\u00e4 nesteest\u00e4: AWS 10 tai VOLT 1 S. Mittausalue mm H2O \/ mm HG TJ 100 TJ 150 TJ 300 TJ 600 TJ 1000 AWS 10 0 \u2013 100 0 \u2013 150 0 \u2013 300 0 \u2013 600 0&#8230;<\/p>","protected":false},"author":5,"featured_media":2816,"parent":3077,"menu_order":0,"comment_status":"closed","ping_status":"closed","template":"tuote.php","meta":{"_acf_changed":false,"_seopress_robots_primary_cat":"","_seopress_titles_title":"","_seopress_titles_desc":"","_seopress_robots_index":"","_et_pb_use_builder":"","_et_pb_old_content":"","_et_gb_content_width":"","inline_featured_image":false,"footnotes":"","_links_to":"","_links_to_target":""},"categories":[12],"tags":[],"class_list":["post-2814","page","type-page","status-publish","has-post-thumbnail","hentry","category-tuote"],"acf":[],"_links":{"self":[{"href":"https:\/\/aimtec.fi\/en\/wp-json\/wp\/v2\/pages\/2814","targetHints":{"allow":["GET"]}}],"collection":[{"href":"https:\/\/aimtec.fi\/en\/wp-json\/wp\/v2\/pages"}],"about":[{"href":"https:\/\/aimtec.fi\/en\/wp-json\/wp\/v2\/types\/page"}],"author":[{"embeddable":true,"href":"https:\/\/aimtec.fi\/en\/wp-json\/wp\/v2\/users\/5"}],"replies":[{"embeddable":true,"href":"https:\/\/aimtec.fi\/en\/wp-json\/wp\/v2\/comments?post=2814"}],"version-history":[{"count":2,"href":"https:\/\/aimtec.fi\/en\/wp-json\/wp\/v2\/pages\/2814\/revisions"}],"predecessor-version":[{"id":8242,"href":"https:\/\/aimtec.fi\/en\/wp-json\/wp\/v2\/pages\/2814\/revisions\/8242"}],"up":[{"embeddable":true,"href":"https:\/\/aimtec.fi\/en\/wp-json\/wp\/v2\/pages\/3077"}],"wp:featuredmedia":[{"embeddable":true,"href":"https:\/\/aimtec.fi\/en\/wp-json\/wp\/v2\/media\/2816"}],"wp:attachment":[{"href":"https:\/\/aimtec.fi\/en\/wp-json\/wp\/v2\/media?parent=2814"}],"wp:term":[{"taxonomy":"category","embeddable":true,"href":"https:\/\/aimtec.fi\/en\/wp-json\/wp\/v2\/categories?post=2814"},{"taxonomy":"post_tag","embeddable":true,"href":"https:\/\/aimtec.fi\/en\/wp-json\/wp\/v2\/tags?post=2814"}],"curies":[{"name":"wp","href":"https:\/\/api.w.org\/{rel}","templated":true}]}}