{"id":2818,"date":"2018-10-08T15:57:33","date_gmt":"2018-10-08T12:57:33","guid":{"rendered":"https:\/\/www.aimtec.fi\/?page_id=2818"},"modified":"2018-10-09T02:09:24","modified_gmt":"2018-10-08T23:09:24","slug":"wohler-vaijeri-20m-9mm","status":"publish","type":"page","link":"https:\/\/aimtec.fi\/en\/nuohousvalineet-ja-nuohoustarvikkeet\/wohler-vaijeri-20m-9mm\/","title":{"rendered":"W\u00d6HLER &#8211; Vaijeri 20m, 9mm"},"content":{"rendered":"<p>PA p\u00e4\u00e4llystetty, pituusmerkattu. Paksuus 9mm, pituus 20m, M10 sis\u00e4kierre<\/p>","protected":false},"excerpt":{"rendered":"<p>PA p\u00e4\u00e4llystetty, pituusmerkattu. Paksuus 9mm, pituus 20m, M10 sis\u00e4kierre<\/p>","protected":false},"author":5,"featured_media":2819,"parent":1478,"menu_order":0,"comment_status":"closed","ping_status":"closed","template":"tuote.php","meta":{"_acf_changed":false,"_seopress_robots_primary_cat":"","_seopress_titles_title":"","_seopress_titles_desc":"","_seopress_robots_index":"","_et_pb_use_builder":"","_et_pb_old_content":"","_et_gb_content_width":"","inline_featured_image":false,"footnotes":"","_links_to":"","_links_to_target":""},"categories":[12],"tags":[],"class_list":["post-2818","page","type-page","status-publish","has-post-thumbnail","hentry","category-tuote"],"acf":[],"_links":{"self":[{"href":"https:\/\/aimtec.fi\/en\/wp-json\/wp\/v2\/pages\/2818","targetHints":{"allow":["GET"]}}],"collection":[{"href":"https:\/\/aimtec.fi\/en\/wp-json\/wp\/v2\/pages"}],"about":[{"href":"https:\/\/aimtec.fi\/en\/wp-json\/wp\/v2\/types\/page"}],"author":[{"embeddable":true,"href":"https:\/\/aimtec.fi\/en\/wp-json\/wp\/v2\/users\/5"}],"replies":[{"embeddable":true,"href":"https:\/\/aimtec.fi\/en\/wp-json\/wp\/v2\/comments?post=2818"}],"version-history":[{"count":1,"href":"https:\/\/aimtec.fi\/en\/wp-json\/wp\/v2\/pages\/2818\/revisions"}],"predecessor-version":[{"id":2820,"href":"https:\/\/aimtec.fi\/en\/wp-json\/wp\/v2\/pages\/2818\/revisions\/2820"}],"up":[{"embeddable":true,"href":"https:\/\/aimtec.fi\/en\/wp-json\/wp\/v2\/pages\/1478"}],"wp:featuredmedia":[{"embeddable":true,"href":"https:\/\/aimtec.fi\/en\/wp-json\/wp\/v2\/media\/2819"}],"wp:attachment":[{"href":"https:\/\/aimtec.fi\/en\/wp-json\/wp\/v2\/media?parent=2818"}],"wp:term":[{"taxonomy":"category","embeddable":true,"href":"https:\/\/aimtec.fi\/en\/wp-json\/wp\/v2\/categories?post=2818"},{"taxonomy":"post_tag","embeddable":true,"href":"https:\/\/aimtec.fi\/en\/wp-json\/wp\/v2\/tags?post=2818"}],"curies":[{"name":"wp","href":"https:\/\/api.w.org\/{rel}","templated":true}]}}