{"id":2821,"date":"2018-10-08T15:59:36","date_gmt":"2018-10-08T12:59:36","guid":{"rendered":"https:\/\/www.aimtec.fi\/?page_id=2821"},"modified":"2019-02-12T11:46:36","modified_gmt":"2019-02-12T09:46:36","slug":"wohler-haspeli-15m","status":"publish","type":"page","link":"https:\/\/aimtec.fi\/en\/nuohousvalineet-ja-nuohoustarvikkeet\/wohler-haspeli-15m\/","title":{"rendered":"W\u00d6HLER &#8211; haspeli 15 tai 20 m"},"content":{"rendered":"<p>W\u00f6hler haspelia k\u00e4ytet\u00e4\u00e4n max \u00d8250mm savuhormien, ilmastointikanavien ja putkien puhdistukseen.<\/p>\n<ul>\n<li>lasikuituvahvistettu vaijeri pituusmerkinn\u00e4ll\u00e4<\/li>\n<li>s\u00e4\u00e4dett\u00e4v\u00e4 jarru<\/li>\n<li>harjaliit\u00e4nn\u00e4t: M10 kierre tai pikaliit\u00e4nt\u00e4 harjoille, joissa on \u00d828 mm kiinnitysreik\u00e4<\/li>\n<li>vy\u00f6pidike<\/li>\n<li>eritt\u00e4in kevyt n. 2 kg<\/li>\n<li>monipuolinen valikoima mm. perlon- ja ter\u00e4sharjoja<\/li>\n<\/ul>","protected":false},"excerpt":{"rendered":"<p>W\u00f6hler haspelia k\u00e4ytet\u00e4\u00e4n max \u00d8250mm savuhormien, ilmastointikanavien ja putkien puhdistukseen. lasikuituvahvistettu vaijeri pituusmerkinn\u00e4ll\u00e4 s\u00e4\u00e4dett\u00e4v\u00e4 jarru harjaliit\u00e4nn\u00e4t: M10 kierre tai pikaliit\u00e4nt\u00e4 harjoille, joissa on \u00d828 mm kiinnitysreik\u00e4 vy\u00f6pidike eritt\u00e4in kevyt n. 2 kg monipuolinen valikoima mm. perlon- ja ter\u00e4sharjoja<\/p>","protected":false},"author":5,"featured_media":2822,"parent":1478,"menu_order":0,"comment_status":"closed","ping_status":"closed","template":"tuote.php","meta":{"_acf_changed":false,"_seopress_robots_primary_cat":"","_seopress_titles_title":"","_seopress_titles_desc":"","_seopress_robots_index":"","_et_pb_use_builder":"","_et_pb_old_content":"","_et_gb_content_width":"","inline_featured_image":false,"footnotes":"","_links_to":"","_links_to_target":""},"categories":[12],"tags":[],"class_list":["post-2821","page","type-page","status-publish","has-post-thumbnail","hentry","category-tuote"],"acf":[],"_links":{"self":[{"href":"https:\/\/aimtec.fi\/en\/wp-json\/wp\/v2\/pages\/2821","targetHints":{"allow":["GET"]}}],"collection":[{"href":"https:\/\/aimtec.fi\/en\/wp-json\/wp\/v2\/pages"}],"about":[{"href":"https:\/\/aimtec.fi\/en\/wp-json\/wp\/v2\/types\/page"}],"author":[{"embeddable":true,"href":"https:\/\/aimtec.fi\/en\/wp-json\/wp\/v2\/users\/5"}],"replies":[{"embeddable":true,"href":"https:\/\/aimtec.fi\/en\/wp-json\/wp\/v2\/comments?post=2821"}],"version-history":[{"count":8,"href":"https:\/\/aimtec.fi\/en\/wp-json\/wp\/v2\/pages\/2821\/revisions"}],"predecessor-version":[{"id":4294,"href":"https:\/\/aimtec.fi\/en\/wp-json\/wp\/v2\/pages\/2821\/revisions\/4294"}],"up":[{"embeddable":true,"href":"https:\/\/aimtec.fi\/en\/wp-json\/wp\/v2\/pages\/1478"}],"wp:featuredmedia":[{"embeddable":true,"href":"https:\/\/aimtec.fi\/en\/wp-json\/wp\/v2\/media\/2822"}],"wp:attachment":[{"href":"https:\/\/aimtec.fi\/en\/wp-json\/wp\/v2\/media?parent=2821"}],"wp:term":[{"taxonomy":"category","embeddable":true,"href":"https:\/\/aimtec.fi\/en\/wp-json\/wp\/v2\/categories?post=2821"},{"taxonomy":"post_tag","embeddable":true,"href":"https:\/\/aimtec.fi\/en\/wp-json\/wp\/v2\/tags?post=2821"}],"curies":[{"name":"wp","href":"https:\/\/api.w.org\/{rel}","templated":true}]}}