{"id":2827,"date":"2018-10-08T16:04:15","date_gmt":"2018-10-08T13:04:15","guid":{"rendered":"https:\/\/www.aimtec.fi\/?page_id=2827"},"modified":"2019-02-12T12:58:39","modified_gmt":"2019-02-12T10:58:39","slug":"wohler-haspeli-xl-teline-pyorilla","status":"publish","type":"page","link":"https:\/\/aimtec.fi\/en\/nuohousvalineet-ja-nuohoustarvikkeet\/wohler-haspeli-xl-teline-pyorilla\/","title":{"rendered":"W\u00d6HLER &#8211; haspeli XL teline py\u00f6rill\u00e4 30\/50\/100 m"},"content":{"rendered":"<p>Haspeli XL teline on tarkoitettu mm. suurten savuhormien, ilmastointikanavien ja max DN 250 l\u00e4mm\u00f6nkeruuputkistojen puhdistukseen.<\/p>\n<ul>\n<li>lasikuituvahvistettu vaijeri \u00d8 11 mm, pituus 30, 50 tai 100 metri\u00e4 (tilauksesta my\u00f6s muut pituudet)<\/li>\n<li>vakaa rakenne \u2013 soveltuu k\u00e4ytett\u00e4v\u00e4ksi suurien harjojen kanssa<\/li>\n<\/ul>","protected":false},"excerpt":{"rendered":"<p>Haspeli XL teline on tarkoitettu mm. suurten savuhormien, ilmastointikanavien ja max DN 250 l\u00e4mm\u00f6nkeruuputkistojen puhdistukseen. lasikuituvahvistettu vaijeri \u00d8 11 mm, pituus 30, 50 tai 100 metri\u00e4 (tilauksesta my\u00f6s muut pituudet) vakaa rakenne \u2013 soveltuu k\u00e4ytett\u00e4v\u00e4ksi suurien harjojen kanssa<\/p>","protected":false},"author":5,"featured_media":2828,"parent":1478,"menu_order":0,"comment_status":"closed","ping_status":"closed","template":"tuote.php","meta":{"_acf_changed":false,"_seopress_robots_primary_cat":"","_seopress_titles_title":"","_seopress_titles_desc":"","_seopress_robots_index":"","_et_pb_use_builder":"","_et_pb_old_content":"","_et_gb_content_width":"","inline_featured_image":false,"footnotes":"","_links_to":"","_links_to_target":""},"categories":[12],"tags":[],"class_list":["post-2827","page","type-page","status-publish","has-post-thumbnail","hentry","category-tuote"],"acf":[],"_links":{"self":[{"href":"https:\/\/aimtec.fi\/en\/wp-json\/wp\/v2\/pages\/2827","targetHints":{"allow":["GET"]}}],"collection":[{"href":"https:\/\/aimtec.fi\/en\/wp-json\/wp\/v2\/pages"}],"about":[{"href":"https:\/\/aimtec.fi\/en\/wp-json\/wp\/v2\/types\/page"}],"author":[{"embeddable":true,"href":"https:\/\/aimtec.fi\/en\/wp-json\/wp\/v2\/users\/5"}],"replies":[{"embeddable":true,"href":"https:\/\/aimtec.fi\/en\/wp-json\/wp\/v2\/comments?post=2827"}],"version-history":[{"count":9,"href":"https:\/\/aimtec.fi\/en\/wp-json\/wp\/v2\/pages\/2827\/revisions"}],"predecessor-version":[{"id":4306,"href":"https:\/\/aimtec.fi\/en\/wp-json\/wp\/v2\/pages\/2827\/revisions\/4306"}],"up":[{"embeddable":true,"href":"https:\/\/aimtec.fi\/en\/wp-json\/wp\/v2\/pages\/1478"}],"wp:featuredmedia":[{"embeddable":true,"href":"https:\/\/aimtec.fi\/en\/wp-json\/wp\/v2\/media\/2828"}],"wp:attachment":[{"href":"https:\/\/aimtec.fi\/en\/wp-json\/wp\/v2\/media?parent=2827"}],"wp:term":[{"taxonomy":"category","embeddable":true,"href":"https:\/\/aimtec.fi\/en\/wp-json\/wp\/v2\/categories?post=2827"},{"taxonomy":"post_tag","embeddable":true,"href":"https:\/\/aimtec.fi\/en\/wp-json\/wp\/v2\/tags?post=2827"}],"curies":[{"name":"wp","href":"https:\/\/api.w.org\/{rel}","templated":true}]}}