{"id":2834,"date":"2018-10-08T16:13:43","date_gmt":"2018-10-08T13:13:43","guid":{"rendered":"https:\/\/www.aimtec.fi\/?page_id=2834"},"modified":"2025-02-21T11:18:25","modified_gmt":"2025-02-21T09:18:25","slug":"wohler-pyoriva-hormiharja","status":"publish","type":"page","link":"https:\/\/aimtec.fi\/en\/nuohousvalineet-ja-nuohoustarvikkeet\/wohler-pyoriva-hormiharja\/","title":{"rendered":"W\u00d6HLER &#8211; Py\u00f6riv\u00e4 hormiharja tehok\u00e4ytt\u00f6\u00f6n, 7 tai 10 m"},"content":{"rendered":"<p>Savuhormien puhdistukseen<\/p>\n<ul>\n<li>perusteellinen ja nopea puhdistus ketjuilla (ruostumatonta ter\u00e4st\u00e4)<\/li>\n<li>Voidaan ty\u00f6nt\u00e4\u00e4 hormiin alhaalta tai laskea ylh\u00e4\u00e4lt\u00e4<\/li>\n<li>py\u00f6ritys porakoneella my\u00f6t\u00e4- tai vastap\u00e4iv\u00e4\u00e4n<\/li>\n<li>porakoneen ja vaijerin v\u00e4liss\u00e4 turvakytkin<\/li>\n<li>Hinnat: 880\u20ac\/980\u20ac + alv<\/li>\n<\/ul>","protected":false},"excerpt":{"rendered":"<p>Savuhormien puhdistukseen perusteellinen ja nopea puhdistus ketjuilla (ruostumatonta ter\u00e4st\u00e4) Voidaan ty\u00f6nt\u00e4\u00e4 hormiin alhaalta tai laskea ylh\u00e4\u00e4lt\u00e4 py\u00f6ritys porakoneella my\u00f6t\u00e4- tai vastap\u00e4iv\u00e4\u00e4n porakoneen ja vaijerin v\u00e4liss\u00e4 turvakytkin Hinnat: 880\u20ac\/980\u20ac + alv<\/p>","protected":false},"author":5,"featured_media":2835,"parent":1478,"menu_order":0,"comment_status":"closed","ping_status":"closed","template":"tuote.php","meta":{"_acf_changed":false,"_seopress_robots_primary_cat":"","_seopress_titles_title":"","_seopress_titles_desc":"","_seopress_robots_index":"","_et_pb_use_builder":"","_et_pb_old_content":"","_et_gb_content_width":"","inline_featured_image":false,"footnotes":"","_links_to":"","_links_to_target":""},"categories":[12],"tags":[],"class_list":["post-2834","page","type-page","status-publish","has-post-thumbnail","hentry","category-tuote"],"acf":[],"_links":{"self":[{"href":"https:\/\/aimtec.fi\/en\/wp-json\/wp\/v2\/pages\/2834","targetHints":{"allow":["GET"]}}],"collection":[{"href":"https:\/\/aimtec.fi\/en\/wp-json\/wp\/v2\/pages"}],"about":[{"href":"https:\/\/aimtec.fi\/en\/wp-json\/wp\/v2\/types\/page"}],"author":[{"embeddable":true,"href":"https:\/\/aimtec.fi\/en\/wp-json\/wp\/v2\/users\/5"}],"replies":[{"embeddable":true,"href":"https:\/\/aimtec.fi\/en\/wp-json\/wp\/v2\/comments?post=2834"}],"version-history":[{"count":6,"href":"https:\/\/aimtec.fi\/en\/wp-json\/wp\/v2\/pages\/2834\/revisions"}],"predecessor-version":[{"id":18004,"href":"https:\/\/aimtec.fi\/en\/wp-json\/wp\/v2\/pages\/2834\/revisions\/18004"}],"up":[{"embeddable":true,"href":"https:\/\/aimtec.fi\/en\/wp-json\/wp\/v2\/pages\/1478"}],"wp:featuredmedia":[{"embeddable":true,"href":"https:\/\/aimtec.fi\/en\/wp-json\/wp\/v2\/media\/2835"}],"wp:attachment":[{"href":"https:\/\/aimtec.fi\/en\/wp-json\/wp\/v2\/media?parent=2834"}],"wp:term":[{"taxonomy":"category","embeddable":true,"href":"https:\/\/aimtec.fi\/en\/wp-json\/wp\/v2\/categories?post=2834"},{"taxonomy":"post_tag","embeddable":true,"href":"https:\/\/aimtec.fi\/en\/wp-json\/wp\/v2\/tags?post=2834"}],"curies":[{"name":"wp","href":"https:\/\/api.w.org\/{rel}","templated":true}]}}