{"id":2924,"date":"2018-10-08T21:48:08","date_gmt":"2018-10-08T18:48:08","guid":{"rendered":"https:\/\/www.aimtec.fi\/?page_id=2924"},"modified":"2019-02-12T12:19:59","modified_gmt":"2019-02-12T10:19:59","slug":"wohler-haspeli-l-teline-2","status":"publish","type":"page","link":"https:\/\/aimtec.fi\/en\/nuohousvalineet-ja-nuohoustarvikkeet\/wohler-haspeli-l-teline-2\/","title":{"rendered":"W\u00d6HLER &#8211; haspeli L teline 15 tai 20 m"},"content":{"rendered":"<div class=\"field field-name-body field-type-text-with-summary field-label-hidden\">\n<div class=\"field-items\">\n<div class=\"field-item even\">\n<p>Haspeli telineell\u00e4 mm. ilmanvaihtokanavien ja keskikokoisten savuhormien puhdistukseen.<\/p>\n<ul>\n<li>lasikuituvahvistettu \u00d8 9 mm vaijeri<\/li>\n<li>vakaa rakenne &#8211; soveltuu k\u00e4ytett\u00e4v\u00e4ksi suurien harjojen kanssa<\/li>\n<li>s\u00e4\u00e4dett\u00e4v\u00e4 jarru ja lukitus kuljetusta varten<\/li>\n<\/ul>\n<\/div>\n<\/div>\n<\/div>","protected":false},"excerpt":{"rendered":"<p>Haspeli telineell\u00e4 mm. ilmanvaihtokanavien ja keskikokoisten savuhormien puhdistukseen. lasikuituvahvistettu \u00d8 9 mm vaijeri vakaa rakenne &#8211; soveltuu k\u00e4ytett\u00e4v\u00e4ksi suurien harjojen kanssa s\u00e4\u00e4dett\u00e4v\u00e4 jarru ja lukitus kuljetusta varten<\/p>","protected":false},"author":4,"featured_media":4296,"parent":1478,"menu_order":0,"comment_status":"closed","ping_status":"closed","template":"tuote.php","meta":{"_acf_changed":false,"_seopress_robots_primary_cat":"","_seopress_titles_title":"","_seopress_titles_desc":"","_seopress_robots_index":"","_et_pb_use_builder":"","_et_pb_old_content":"","_et_gb_content_width":"","inline_featured_image":false,"footnotes":"","_links_to":"","_links_to_target":""},"categories":[],"tags":[],"class_list":["post-2924","page","type-page","status-publish","has-post-thumbnail","hentry"],"acf":[],"_links":{"self":[{"href":"https:\/\/aimtec.fi\/en\/wp-json\/wp\/v2\/pages\/2924","targetHints":{"allow":["GET"]}}],"collection":[{"href":"https:\/\/aimtec.fi\/en\/wp-json\/wp\/v2\/pages"}],"about":[{"href":"https:\/\/aimtec.fi\/en\/wp-json\/wp\/v2\/types\/page"}],"author":[{"embeddable":true,"href":"https:\/\/aimtec.fi\/en\/wp-json\/wp\/v2\/users\/4"}],"replies":[{"embeddable":true,"href":"https:\/\/aimtec.fi\/en\/wp-json\/wp\/v2\/comments?post=2924"}],"version-history":[{"count":3,"href":"https:\/\/aimtec.fi\/en\/wp-json\/wp\/v2\/pages\/2924\/revisions"}],"predecessor-version":[{"id":4297,"href":"https:\/\/aimtec.fi\/en\/wp-json\/wp\/v2\/pages\/2924\/revisions\/4297"}],"up":[{"embeddable":true,"href":"https:\/\/aimtec.fi\/en\/wp-json\/wp\/v2\/pages\/1478"}],"wp:featuredmedia":[{"embeddable":true,"href":"https:\/\/aimtec.fi\/en\/wp-json\/wp\/v2\/media\/4296"}],"wp:attachment":[{"href":"https:\/\/aimtec.fi\/en\/wp-json\/wp\/v2\/media?parent=2924"}],"wp:term":[{"taxonomy":"category","embeddable":true,"href":"https:\/\/aimtec.fi\/en\/wp-json\/wp\/v2\/categories?post=2924"},{"taxonomy":"post_tag","embeddable":true,"href":"https:\/\/aimtec.fi\/en\/wp-json\/wp\/v2\/tags?post=2924"}],"curies":[{"name":"wp","href":"https:\/\/api.w.org\/{rel}","templated":true}]}}