{"id":2937,"date":"2018-10-08T22:02:10","date_gmt":"2018-10-08T19:02:10","guid":{"rendered":"https:\/\/www.aimtec.fi\/?page_id=2937"},"modified":"2020-12-08T14:53:22","modified_gmt":"2020-12-08T12:53:22","slug":"kimo-mp-120-paine-eromittari-2","status":"publish","type":"page","link":"https:\/\/aimtec.fi\/en\/ilmanvaihtomittarit\/kimo-mp-120-paine-eromittari-2\/","title":{"rendered":"Kimo &#8211; MP 120 paine-eromittari"},"content":{"rendered":"<div class=\"field field-name-body field-type-text-with-summary field-label-hidden\">\n<div class=\"field-items\">\n<div class=\"field-item even\">\n<p>MP 120 paine-eromittarin mukana toimitetaan: 2 x 1 m silikoniputki\u00a0\u00d8 4 x 7 mm,\u00a0RST mittausk\u00e4rki \u00d8 6 x 100 mm. Ilmannopeus voidaan mitata mm. Pitot-putkella (lis\u00e4varuste).<\/p>\n<p><strong>Toiminnot:<\/strong><\/p>\n<ul>\n<li>Paineen mittaus (-1000 &#8230;+1000 Pa)<\/li>\n<li>Ilmannopeuden mittaus (0 &#8230; 40 m\/s)<\/li>\n<\/ul>\n<\/div>\n<\/div>\n<\/div>","protected":false},"excerpt":{"rendered":"<p>MP 120 paine-eromittarin mukana toimitetaan: 2 x 1 m silikoniputki\u00a0\u00d8 4 x 7 mm,\u00a0RST mittausk\u00e4rki \u00d8 6 x 100 mm. Ilmannopeus voidaan mitata mm. Pitot-putkella (lis\u00e4varuste). Toiminnot: Paineen mittaus (-1000 &#8230;+1000 Pa) Ilmannopeuden mittaus (0 &#8230; 40 m\/s)<\/p>","protected":false},"author":4,"featured_media":4415,"parent":3052,"menu_order":0,"comment_status":"closed","ping_status":"closed","template":"tuote.php","meta":{"_acf_changed":false,"_seopress_robots_primary_cat":"","_seopress_titles_title":"","_seopress_titles_desc":"","_seopress_robots_index":"","_et_pb_use_builder":"","_et_pb_old_content":"","_et_gb_content_width":"","inline_featured_image":false,"footnotes":"","_links_to":"","_links_to_target":""},"categories":[],"tags":[],"class_list":["post-2937","page","type-page","status-publish","has-post-thumbnail","hentry"],"acf":[],"_links":{"self":[{"href":"https:\/\/aimtec.fi\/en\/wp-json\/wp\/v2\/pages\/2937","targetHints":{"allow":["GET"]}}],"collection":[{"href":"https:\/\/aimtec.fi\/en\/wp-json\/wp\/v2\/pages"}],"about":[{"href":"https:\/\/aimtec.fi\/en\/wp-json\/wp\/v2\/types\/page"}],"author":[{"embeddable":true,"href":"https:\/\/aimtec.fi\/en\/wp-json\/wp\/v2\/users\/4"}],"replies":[{"embeddable":true,"href":"https:\/\/aimtec.fi\/en\/wp-json\/wp\/v2\/comments?post=2937"}],"version-history":[{"count":4,"href":"https:\/\/aimtec.fi\/en\/wp-json\/wp\/v2\/pages\/2937\/revisions"}],"predecessor-version":[{"id":8096,"href":"https:\/\/aimtec.fi\/en\/wp-json\/wp\/v2\/pages\/2937\/revisions\/8096"}],"up":[{"embeddable":true,"href":"https:\/\/aimtec.fi\/en\/wp-json\/wp\/v2\/pages\/3052"}],"wp:featuredmedia":[{"embeddable":true,"href":"https:\/\/aimtec.fi\/en\/wp-json\/wp\/v2\/media\/4415"}],"wp:attachment":[{"href":"https:\/\/aimtec.fi\/en\/wp-json\/wp\/v2\/media?parent=2937"}],"wp:term":[{"taxonomy":"category","embeddable":true,"href":"https:\/\/aimtec.fi\/en\/wp-json\/wp\/v2\/categories?post=2937"},{"taxonomy":"post_tag","embeddable":true,"href":"https:\/\/aimtec.fi\/en\/wp-json\/wp\/v2\/tags?post=2937"}],"curies":[{"name":"wp","href":"https:\/\/api.w.org\/{rel}","templated":true}]}}