{"id":2941,"date":"2018-10-08T22:05:20","date_gmt":"2018-10-08T19:05:20","guid":{"rendered":"https:\/\/www.aimtec.fi\/?page_id=2941"},"modified":"2020-12-15T09:26:59","modified_gmt":"2020-12-15T07:26:59","slug":"kimo-mp110-mp111-mp112-mp115-paine-eromittari","status":"publish","type":"page","link":"https:\/\/aimtec.fi\/en\/paine-eromittarit\/kimo-mp110-mp111-mp112-mp115-paine-eromittari\/","title":{"rendered":"Kimo &#8211; MP110, MP111, MP112, MP115 paine-eromittari"},"content":{"rendered":"<div class=\"field field-name-body field-type-text-with-summary field-label-hidden\">\n<div class=\"field-items\">\n<div class=\"field-item even\">\n<p>MP 110 sarjan paine-eromittarit paineen mittaukseen minimi- ja maksimiarvojen n\u00e4yt\u00f6ll\u00e4.<\/p>\n<p><strong>Mittausalueet:<\/strong><\/p>\n<p>MP 110: -1000&#8230; +1000 Pa<br \/>\nMP 111: -1000 \u2026+1000 mmH2O<br \/>\nMP 115: -500 \u2026 +500 mbar<br \/>\nMP 112: -2000 \u2026+2000 mbar<\/p>\n<\/div>\n<\/div>\n<\/div>","protected":false},"excerpt":{"rendered":"<p>MP 110 sarjan paine-eromittarit paineen mittaukseen minimi- ja maksimiarvojen n\u00e4yt\u00f6ll\u00e4. Mittausalueet: MP 110: -1000&#8230; +1000 Pa MP 111: -1000 \u2026+1000 mmH2O MP 115: -500 \u2026 +500 mbar MP 112: -2000 \u2026+2000 mbar<\/p>","protected":false},"author":4,"featured_media":8260,"parent":3079,"menu_order":0,"comment_status":"closed","ping_status":"closed","template":"tuote.php","meta":{"_acf_changed":false,"_seopress_robots_primary_cat":"","_seopress_titles_title":"","_seopress_titles_desc":"","_seopress_robots_index":"","_et_pb_use_builder":"","_et_pb_old_content":"","_et_gb_content_width":"","inline_featured_image":false,"footnotes":"","_links_to":"","_links_to_target":""},"categories":[],"tags":[],"class_list":["post-2941","page","type-page","status-publish","has-post-thumbnail","hentry"],"acf":[],"_links":{"self":[{"href":"https:\/\/aimtec.fi\/en\/wp-json\/wp\/v2\/pages\/2941","targetHints":{"allow":["GET"]}}],"collection":[{"href":"https:\/\/aimtec.fi\/en\/wp-json\/wp\/v2\/pages"}],"about":[{"href":"https:\/\/aimtec.fi\/en\/wp-json\/wp\/v2\/types\/page"}],"author":[{"embeddable":true,"href":"https:\/\/aimtec.fi\/en\/wp-json\/wp\/v2\/users\/4"}],"replies":[{"embeddable":true,"href":"https:\/\/aimtec.fi\/en\/wp-json\/wp\/v2\/comments?post=2941"}],"version-history":[{"count":2,"href":"https:\/\/aimtec.fi\/en\/wp-json\/wp\/v2\/pages\/2941\/revisions"}],"predecessor-version":[{"id":8262,"href":"https:\/\/aimtec.fi\/en\/wp-json\/wp\/v2\/pages\/2941\/revisions\/8262"}],"up":[{"embeddable":true,"href":"https:\/\/aimtec.fi\/en\/wp-json\/wp\/v2\/pages\/3079"}],"wp:featuredmedia":[{"embeddable":true,"href":"https:\/\/aimtec.fi\/en\/wp-json\/wp\/v2\/media\/8260"}],"wp:attachment":[{"href":"https:\/\/aimtec.fi\/en\/wp-json\/wp\/v2\/media?parent=2941"}],"wp:term":[{"taxonomy":"category","embeddable":true,"href":"https:\/\/aimtec.fi\/en\/wp-json\/wp\/v2\/categories?post=2941"},{"taxonomy":"post_tag","embeddable":true,"href":"https:\/\/aimtec.fi\/en\/wp-json\/wp\/v2\/tags?post=2941"}],"curies":[{"name":"wp","href":"https:\/\/api.w.org\/{rel}","templated":true}]}}