{"id":2945,"date":"2018-10-08T22:11:37","date_gmt":"2018-10-08T19:11:37","guid":{"rendered":"https:\/\/www.aimtec.fi\/?page_id=2945"},"modified":"2020-12-15T09:16:34","modified_gmt":"2020-12-15T07:16:34","slug":"comark-c9550-paine-eromittarit","status":"publish","type":"page","link":"https:\/\/aimtec.fi\/en\/paine-eromittarit\/comark-c9550-paine-eromittarit\/","title":{"rendered":"Comark &#8211; C9550 paine-eromittarit"},"content":{"rendered":"<div class=\"field field-name-body field-type-text-with-summary field-label-hidden\">\n<div class=\"field-items\">\n<div class=\"field-item even\">\n<p>Comark C9550 paine-eromittareissa on kaksi sis\u00e4\u00e4ntuloliit\u00e4nt\u00e4\u00e4 paineen, paine-eron tai yli- ja alipaineen mittaukseen.<br \/>\nTeollisuusk\u00e4ytt\u00f6\u00f6n soveltuva kest\u00e4v\u00e4 rakenne, suojausluokka IP67.<\/p>\n<p>K\u00e4ytt\u00f6kohteita mm. prosessin paineiden mittaus, ilmanvaihdon suodattimien tarkastus sek\u00e4 huolto- ja kalibrointitoimenpiteet. Voidaan k\u00e4ytt\u00e4\u00e4 my\u00f6s laboratorioissa ja puhdastiloissa.<\/p>\n<p>C9550 mittarisarjassa on nelj\u00e4 mallia: C9551, C9553, C9555 ja C9557.<\/p>\n<p>Ominaisuudet:<\/p>\n<ul>\n<li>Useita mittayksikk\u00f6vaihtoehtoja (mallista riippuen): mm. PSI, mbar, inH2O, mmHg, torr, Pa, mmH2O<\/li>\n<li>Maksimi- ja miniarvot ja Pito \u2013toiminto<\/li>\n<li>Keskiarvo \u2013toiminto<\/li>\n<li>Nollakohdan asetus<\/li>\n<li>Mittausalueen ylitys \u2013ilmaisin<\/li>\n<li>Vaihtoehtoina ATEX hyv\u00e4ksytyt mallit ja silikonisuojatut mallit nesteen painemittauksiin<\/li>\n<\/ul>\n<\/div>\n<\/div>\n<\/div>","protected":false},"excerpt":{"rendered":"<p>Comark C9550 paine-eromittareissa on kaksi sis\u00e4\u00e4ntuloliit\u00e4nt\u00e4\u00e4 paineen, paine-eron tai yli- ja alipaineen mittaukseen. Teollisuusk\u00e4ytt\u00f6\u00f6n soveltuva kest\u00e4v\u00e4 rakenne, suojausluokka IP67. K\u00e4ytt\u00f6kohteita mm. prosessin paineiden mittaus, ilmanvaihdon suodattimien tarkastus sek\u00e4 huolto- ja kalibrointitoimenpiteet. Voidaan k\u00e4ytt\u00e4\u00e4 my\u00f6s laboratorioissa ja puhdastiloissa. C9550 mittarisarjassa on nelj\u00e4 mallia: C9551, C9553, C9555 ja C9557. Ominaisuudet: Useita mittayksikk\u00f6vaihtoehtoja (mallista riippuen): mm. PSI, mbar,&#8230;<\/p>","protected":false},"author":4,"featured_media":4334,"parent":3079,"menu_order":0,"comment_status":"closed","ping_status":"closed","template":"tuote.php","meta":{"_acf_changed":false,"_seopress_robots_primary_cat":"","_seopress_titles_title":"","_seopress_titles_desc":"","_seopress_robots_index":"","_et_pb_use_builder":"","_et_pb_old_content":"","_et_gb_content_width":"","inline_featured_image":false,"footnotes":"","_links_to":"","_links_to_target":""},"categories":[],"tags":[],"class_list":["post-2945","page","type-page","status-publish","has-post-thumbnail","hentry"],"acf":[],"_links":{"self":[{"href":"https:\/\/aimtec.fi\/en\/wp-json\/wp\/v2\/pages\/2945","targetHints":{"allow":["GET"]}}],"collection":[{"href":"https:\/\/aimtec.fi\/en\/wp-json\/wp\/v2\/pages"}],"about":[{"href":"https:\/\/aimtec.fi\/en\/wp-json\/wp\/v2\/types\/page"}],"author":[{"embeddable":true,"href":"https:\/\/aimtec.fi\/en\/wp-json\/wp\/v2\/users\/4"}],"replies":[{"embeddable":true,"href":"https:\/\/aimtec.fi\/en\/wp-json\/wp\/v2\/comments?post=2945"}],"version-history":[{"count":4,"href":"https:\/\/aimtec.fi\/en\/wp-json\/wp\/v2\/pages\/2945\/revisions"}],"predecessor-version":[{"id":8253,"href":"https:\/\/aimtec.fi\/en\/wp-json\/wp\/v2\/pages\/2945\/revisions\/8253"}],"up":[{"embeddable":true,"href":"https:\/\/aimtec.fi\/en\/wp-json\/wp\/v2\/pages\/3079"}],"wp:featuredmedia":[{"embeddable":true,"href":"https:\/\/aimtec.fi\/en\/wp-json\/wp\/v2\/media\/4334"}],"wp:attachment":[{"href":"https:\/\/aimtec.fi\/en\/wp-json\/wp\/v2\/media?parent=2945"}],"wp:term":[{"taxonomy":"category","embeddable":true,"href":"https:\/\/aimtec.fi\/en\/wp-json\/wp\/v2\/categories?post=2945"},{"taxonomy":"post_tag","embeddable":true,"href":"https:\/\/aimtec.fi\/en\/wp-json\/wp\/v2\/tags?post=2945"}],"curies":[{"name":"wp","href":"https:\/\/api.w.org\/{rel}","templated":true}]}}