{"id":2982,"date":"2018-10-08T22:33:17","date_gmt":"2018-10-08T19:33:17","guid":{"rendered":"https:\/\/www.aimtec.fi\/?page_id=2982"},"modified":"2025-10-16T15:46:43","modified_gmt":"2025-10-16T12:46:43","slug":"kane-km9206-quintox-savukaasuanalysaattori","status":"publish","type":"page","link":"https:\/\/aimtec.fi\/en\/savukaasuanalysaattorit\/kane-km9206-quintox-savukaasuanalysaattori\/","title":{"rendered":"KANE9206 QUINTOX savukaasuanalysaattori"},"content":{"rendered":"<p><strong>AMMATTILAISEN MONIPUOLINEN SAVUKAASUANALYSAATTORI<\/strong><\/p>\n<p><strong>Mittaukset<br \/>\n<\/strong>Analysaattoriin voidaan asentaa max. 5 elektrokemiallista kennoa. O2 ja CO kennojen lis\u00e4ksi on valittavissa NO, NO2, SO2 ja H2S kennot. Laskennallisina arvoina ovat CO2 ja hy\u00f6tysuhde. Lis\u00e4varusteena on saatavana infrapunamoduuli CO (%), CO2 (%)\u00a0 ja hiilivetyjen mittaukseen.<\/p>\n<p><strong>Savukaasuanturit<br \/>\n<\/strong>Savukaasuanturit jopa 1 m pituisella puikolla ja High Temp versiona (max 1100 \u00b0C)<strong>.<\/strong><\/p>\n<p><strong>Kennojen puhdistus<\/strong><br \/>\nKennot voidaan puhdistaa anturin ollessa savukanavassa.<br \/>\nKennojen puhdistus pitk\u00e4kestoisen mittauksen aikana.<br \/>\nAutomaattinen kennojen suojaus mittausalueen ylitt\u00e4vilt\u00e4 pitoisuuksilta.<\/p>\n<p><strong>Automaattinen virtauksen s\u00e4\u00e4t\u00f6<\/strong><br \/>\nPumpun nopeuden s\u00e4\u00e4d\u00f6ll\u00e4 kompensoidaan paineenvaihtelut ja suodattimen tukkeutuminen, ja yll\u00e4pidet\u00e4\u00e4n asetettu kaasun virtausnopeus.<br \/>\n<strong><br \/>\nSuuri n\u00e4ytt\u00f6<\/strong><br \/>\nMax 15 rivi\u00e4 tietoja<\/p>\n<p><strong>Langaton yhteys mittausyksik\u00f6st\u00e4 ohjaus\/n\u00e4ytt\u00f6yksikk\u00f6\u00f6n<\/strong><br \/>\n<strong><br \/>\nLangaton yhteys &amp; USB liit\u00e4nt\u00e4 tietokoneeseen<\/strong><br \/>\nReaaliaikaiset mittaustulokset KANE LIVE ohjelmalla.<\/p>\n<p><strong>Muistikapasiteetti max 64\u00a0000 testitulosta<\/strong><\/p>\n<p><strong>Sis\u00e4\u00e4nrakennettu tulostin tai infrapunatulostin (lis\u00e4varuste)<\/strong><br \/>\nInfrapunatulostin k\u00e4ytt\u00f6kelpoinen silloin, kun ty\u00f6skennell\u00e4\u00e4n et\u00e4\u00e4ll\u00e4 mittausyksik\u00f6st\u00e4<strong>.<\/strong><\/p>\n<p>&nbsp;<\/p>","protected":false},"excerpt":{"rendered":"<p>AMMATTILAISEN MONIPUOLINEN SAVUKAASUANALYSAATTORI Mittaukset Analysaattoriin voidaan asentaa max. 5 elektrokemiallista kennoa. O2 ja CO kennojen lis\u00e4ksi on valittavissa NO, NO2, SO2 ja H2S kennot. Laskennallisina arvoina ovat CO2 ja hy\u00f6tysuhde. Lis\u00e4varusteena on saatavana infrapunamoduuli CO (%), CO2 (%)\u00a0 ja hiilivetyjen mittaukseen. Savukaasuanturit Savukaasuanturit jopa 1 m pituisella puikolla ja High Temp versiona (max 1100 \u00b0C)&#8230;.<\/p>","protected":false},"author":4,"featured_media":2986,"parent":3082,"menu_order":0,"comment_status":"closed","ping_status":"closed","template":"tuote.php","meta":{"_acf_changed":false,"_seopress_robots_primary_cat":"","_seopress_titles_title":"","_seopress_titles_desc":"","_seopress_robots_index":"","_et_pb_use_builder":"","_et_pb_old_content":"","_et_gb_content_width":"","inline_featured_image":false,"footnotes":"","_links_to":"","_links_to_target":""},"categories":[],"tags":[],"class_list":["post-2982","page","type-page","status-publish","has-post-thumbnail","hentry"],"acf":[],"_links":{"self":[{"href":"https:\/\/aimtec.fi\/en\/wp-json\/wp\/v2\/pages\/2982","targetHints":{"allow":["GET"]}}],"collection":[{"href":"https:\/\/aimtec.fi\/en\/wp-json\/wp\/v2\/pages"}],"about":[{"href":"https:\/\/aimtec.fi\/en\/wp-json\/wp\/v2\/types\/page"}],"author":[{"embeddable":true,"href":"https:\/\/aimtec.fi\/en\/wp-json\/wp\/v2\/users\/4"}],"replies":[{"embeddable":true,"href":"https:\/\/aimtec.fi\/en\/wp-json\/wp\/v2\/comments?post=2982"}],"version-history":[{"count":19,"href":"https:\/\/aimtec.fi\/en\/wp-json\/wp\/v2\/pages\/2982\/revisions"}],"predecessor-version":[{"id":18101,"href":"https:\/\/aimtec.fi\/en\/wp-json\/wp\/v2\/pages\/2982\/revisions\/18101"}],"up":[{"embeddable":true,"href":"https:\/\/aimtec.fi\/en\/wp-json\/wp\/v2\/pages\/3082"}],"wp:featuredmedia":[{"embeddable":true,"href":"https:\/\/aimtec.fi\/en\/wp-json\/wp\/v2\/media\/2986"}],"wp:attachment":[{"href":"https:\/\/aimtec.fi\/en\/wp-json\/wp\/v2\/media?parent=2982"}],"wp:term":[{"taxonomy":"category","embeddable":true,"href":"https:\/\/aimtec.fi\/en\/wp-json\/wp\/v2\/categories?post=2982"},{"taxonomy":"post_tag","embeddable":true,"href":"https:\/\/aimtec.fi\/en\/wp-json\/wp\/v2\/tags?post=2982"}],"curies":[{"name":"wp","href":"https:\/\/api.w.org\/{rel}","templated":true}]}}