{"id":3021,"date":"2018-10-08T22:50:48","date_gmt":"2018-10-08T19:50:48","guid":{"rendered":"https:\/\/www.aimtec.fi\/?page_id=3021"},"modified":"2020-12-15T09:41:47","modified_gmt":"2020-12-15T07:41:47","slug":"savukone-tiny-cx-70-w","status":"publish","type":"page","link":"https:\/\/aimtec.fi\/en\/savukoneet-ja-merkkisavut\/savukone-tiny-cx-70-w\/","title":{"rendered":"01 Savukone Tiny CX 70 W, akkuk\u00e4ytt\u00f6inen"},"content":{"rendered":"<div class=\"field field-name-body field-type-text-with-summary field-label-hidden\">\n<div class=\"field-items\">\n<div class=\"field-item even\">\n<p>Pienikokoinen ja kevyt akkuk\u00e4ytt\u00f6inen savukone mm. virtaus- ja tiiviystarkistuksiin. Konetta pystyy k\u00e4ytt\u00e4m\u00e4\u00e4n yhdell\u00e4 k\u00e4dell\u00e4. Akku antaa virtaa vain tarvittaessa eli silloin, kun savunmuodostus k\u00e4ynnistet\u00e4\u00e4n, jolloin savua pystyt\u00e4\u00e4n tuottamaan pitemp\u00e4\u00e4n. Koneen esil\u00e4mmitysaika on lyhyt \u2013 alle 1 sekunnin. Savunesteen kulutus on pient\u00e4 &#8211; 2,3 ml\/min (jatkuva tuotto).<\/p>\n<p>Toimitukseen kuuluu: savukone, savunestes\u00e4ili\u00f6 50 ml, akku 11.1 V, laturi, Tiny-Fluid savuneste\u00a0250 ml ja kantolaukku<\/p>\n<p>Katso video <strong><a href=\"https:\/\/youtu.be\/gpP-DewILQU\" target=\"_blank\" rel=\"noopener noreferrer\">t\u00e4\u00e4lt\u00e4<\/a><\/strong>.<\/p>\n<\/div>\n<\/div>\n<\/div>","protected":false},"excerpt":{"rendered":"<p>Pienikokoinen ja kevyt akkuk\u00e4ytt\u00f6inen savukone mm. virtaus- ja tiiviystarkistuksiin. Konetta pystyy k\u00e4ytt\u00e4m\u00e4\u00e4n yhdell\u00e4 k\u00e4dell\u00e4. Akku antaa virtaa vain tarvittaessa eli silloin, kun savunmuodostus k\u00e4ynnistet\u00e4\u00e4n, jolloin savua pystyt\u00e4\u00e4n tuottamaan pitemp\u00e4\u00e4n. Koneen esil\u00e4mmitysaika on lyhyt \u2013 alle 1 sekunnin. Savunesteen kulutus on pient\u00e4 &#8211; 2,3 ml\/min (jatkuva tuotto). Toimitukseen kuuluu: savukone, savunestes\u00e4ili\u00f6 50 ml, akku 11.1 V,&#8230;<\/p>","protected":false},"author":4,"featured_media":3025,"parent":3085,"menu_order":0,"comment_status":"closed","ping_status":"closed","template":"tuote.php","meta":{"_acf_changed":false,"_seopress_robots_primary_cat":"","_seopress_titles_title":"","_seopress_titles_desc":"","_seopress_robots_index":"","_et_pb_use_builder":"","_et_pb_old_content":"","_et_gb_content_width":"","inline_featured_image":false,"footnotes":"","_links_to":"","_links_to_target":""},"categories":[],"tags":[],"class_list":["post-3021","page","type-page","status-publish","has-post-thumbnail","hentry"],"acf":[],"_links":{"self":[{"href":"https:\/\/aimtec.fi\/en\/wp-json\/wp\/v2\/pages\/3021","targetHints":{"allow":["GET"]}}],"collection":[{"href":"https:\/\/aimtec.fi\/en\/wp-json\/wp\/v2\/pages"}],"about":[{"href":"https:\/\/aimtec.fi\/en\/wp-json\/wp\/v2\/types\/page"}],"author":[{"embeddable":true,"href":"https:\/\/aimtec.fi\/en\/wp-json\/wp\/v2\/users\/4"}],"replies":[{"embeddable":true,"href":"https:\/\/aimtec.fi\/en\/wp-json\/wp\/v2\/comments?post=3021"}],"version-history":[{"count":7,"href":"https:\/\/aimtec.fi\/en\/wp-json\/wp\/v2\/pages\/3021\/revisions"}],"predecessor-version":[{"id":8279,"href":"https:\/\/aimtec.fi\/en\/wp-json\/wp\/v2\/pages\/3021\/revisions\/8279"}],"up":[{"embeddable":true,"href":"https:\/\/aimtec.fi\/en\/wp-json\/wp\/v2\/pages\/3085"}],"wp:featuredmedia":[{"embeddable":true,"href":"https:\/\/aimtec.fi\/en\/wp-json\/wp\/v2\/media\/3025"}],"wp:attachment":[{"href":"https:\/\/aimtec.fi\/en\/wp-json\/wp\/v2\/media?parent=3021"}],"wp:term":[{"taxonomy":"category","embeddable":true,"href":"https:\/\/aimtec.fi\/en\/wp-json\/wp\/v2\/categories?post=3021"},{"taxonomy":"post_tag","embeddable":true,"href":"https:\/\/aimtec.fi\/en\/wp-json\/wp\/v2\/tags?post=3021"}],"curies":[{"name":"wp","href":"https:\/\/api.w.org\/{rel}","templated":true}]}}