{"id":3030,"date":"2018-10-08T22:52:28","date_gmt":"2018-10-08T19:52:28","guid":{"rendered":"https:\/\/www.aimtec.fi\/?page_id=3030"},"modified":"2018-10-09T00:26:15","modified_gmt":"2018-10-08T21:26:15","slug":"wohler-savuputki","status":"publish","type":"page","link":"https:\/\/aimtec.fi\/en\/savukoneet-ja-merkkisavut\/wohler-savuputki\/","title":{"rendered":"W\u00f6hler &#8211; Savuputki"},"content":{"rendered":"<p><strong>Ilmastoinnin, vedon, vuotojen ja savuilmaisimien tarkastuksiin.<\/strong><\/p>\n<p>Putki avataan molemmista p\u00e4ist\u00e4, ja savu aikaansaadaan pumppaamalla k\u00e4sipumpulla ilmaa putken l\u00e4pi.<\/p>\n<p>Toimitus 10 kpl pakkauksessa.<\/p>","protected":false},"excerpt":{"rendered":"<p>Ilmastoinnin, vedon, vuotojen ja savuilmaisimien tarkastuksiin. Putki avataan molemmista p\u00e4ist\u00e4, ja savu aikaansaadaan pumppaamalla k\u00e4sipumpulla ilmaa putken l\u00e4pi. Toimitus 10 kpl pakkauksessa.<\/p>","protected":false},"author":4,"featured_media":3032,"parent":3085,"menu_order":0,"comment_status":"closed","ping_status":"closed","template":"tuote.php","meta":{"_acf_changed":false,"_seopress_robots_primary_cat":"","_seopress_titles_title":"","_seopress_titles_desc":"","_seopress_robots_index":"","_et_pb_use_builder":"","_et_pb_old_content":"","_et_gb_content_width":"","inline_featured_image":false,"footnotes":"","_links_to":"","_links_to_target":""},"categories":[],"tags":[],"class_list":["post-3030","page","type-page","status-publish","has-post-thumbnail","hentry"],"acf":[],"_links":{"self":[{"href":"https:\/\/aimtec.fi\/en\/wp-json\/wp\/v2\/pages\/3030","targetHints":{"allow":["GET"]}}],"collection":[{"href":"https:\/\/aimtec.fi\/en\/wp-json\/wp\/v2\/pages"}],"about":[{"href":"https:\/\/aimtec.fi\/en\/wp-json\/wp\/v2\/types\/page"}],"author":[{"embeddable":true,"href":"https:\/\/aimtec.fi\/en\/wp-json\/wp\/v2\/users\/4"}],"replies":[{"embeddable":true,"href":"https:\/\/aimtec.fi\/en\/wp-json\/wp\/v2\/comments?post=3030"}],"version-history":[{"count":1,"href":"https:\/\/aimtec.fi\/en\/wp-json\/wp\/v2\/pages\/3030\/revisions"}],"predecessor-version":[{"id":3033,"href":"https:\/\/aimtec.fi\/en\/wp-json\/wp\/v2\/pages\/3030\/revisions\/3033"}],"up":[{"embeddable":true,"href":"https:\/\/aimtec.fi\/en\/wp-json\/wp\/v2\/pages\/3085"}],"wp:featuredmedia":[{"embeddable":true,"href":"https:\/\/aimtec.fi\/en\/wp-json\/wp\/v2\/media\/3032"}],"wp:attachment":[{"href":"https:\/\/aimtec.fi\/en\/wp-json\/wp\/v2\/media?parent=3030"}],"wp:term":[{"taxonomy":"category","embeddable":true,"href":"https:\/\/aimtec.fi\/en\/wp-json\/wp\/v2\/categories?post=3030"},{"taxonomy":"post_tag","embeddable":true,"href":"https:\/\/aimtec.fi\/en\/wp-json\/wp\/v2\/tags?post=3030"}],"curies":[{"name":"wp","href":"https:\/\/api.w.org\/{rel}","templated":true}]}}