{"id":3039,"date":"2018-10-08T22:54:47","date_gmt":"2018-10-08T19:54:47","guid":{"rendered":"https:\/\/www.aimtec.fi\/?page_id=3039"},"modified":"2018-10-09T00:26:15","modified_gmt":"2018-10-08T21:26:15","slug":"wohler-kasipumppu","status":"publish","type":"page","link":"https:\/\/aimtec.fi\/en\/savukoneet-ja-merkkisavut\/wohler-kasipumppu\/","title":{"rendered":"W\u00f6hler &#8211; K\u00e4sipumppu"},"content":{"rendered":"<p><strong>Ilmastoinnin, vedon, vuotojen ja savuilmaisimien tarkastuksiin.<\/strong><\/p>\n<p>Kuminen k\u00e4sipumppu 30 cm letkulla. K\u00e4ytet\u00e4\u00e4n ilman pumppaamiseksi savuputkiin.<\/p>","protected":false},"excerpt":{"rendered":"<p>Ilmastoinnin, vedon, vuotojen ja savuilmaisimien tarkastuksiin. Kuminen k\u00e4sipumppu 30 cm letkulla. K\u00e4ytet\u00e4\u00e4n ilman pumppaamiseksi savuputkiin.<\/p>","protected":false},"author":4,"featured_media":3040,"parent":3085,"menu_order":0,"comment_status":"closed","ping_status":"closed","template":"tuote.php","meta":{"_acf_changed":false,"_seopress_robots_primary_cat":"","_seopress_titles_title":"","_seopress_titles_desc":"","_seopress_robots_index":"","_et_pb_use_builder":"","_et_pb_old_content":"","_et_gb_content_width":"","inline_featured_image":false,"footnotes":"","_links_to":"","_links_to_target":""},"categories":[],"tags":[],"class_list":["post-3039","page","type-page","status-publish","has-post-thumbnail","hentry"],"acf":[],"_links":{"self":[{"href":"https:\/\/aimtec.fi\/en\/wp-json\/wp\/v2\/pages\/3039","targetHints":{"allow":["GET"]}}],"collection":[{"href":"https:\/\/aimtec.fi\/en\/wp-json\/wp\/v2\/pages"}],"about":[{"href":"https:\/\/aimtec.fi\/en\/wp-json\/wp\/v2\/types\/page"}],"author":[{"embeddable":true,"href":"https:\/\/aimtec.fi\/en\/wp-json\/wp\/v2\/users\/4"}],"replies":[{"embeddable":true,"href":"https:\/\/aimtec.fi\/en\/wp-json\/wp\/v2\/comments?post=3039"}],"version-history":[{"count":1,"href":"https:\/\/aimtec.fi\/en\/wp-json\/wp\/v2\/pages\/3039\/revisions"}],"predecessor-version":[{"id":3041,"href":"https:\/\/aimtec.fi\/en\/wp-json\/wp\/v2\/pages\/3039\/revisions\/3041"}],"up":[{"embeddable":true,"href":"https:\/\/aimtec.fi\/en\/wp-json\/wp\/v2\/pages\/3085"}],"wp:featuredmedia":[{"embeddable":true,"href":"https:\/\/aimtec.fi\/en\/wp-json\/wp\/v2\/media\/3040"}],"wp:attachment":[{"href":"https:\/\/aimtec.fi\/en\/wp-json\/wp\/v2\/media?parent=3039"}],"wp:term":[{"taxonomy":"category","embeddable":true,"href":"https:\/\/aimtec.fi\/en\/wp-json\/wp\/v2\/categories?post=3039"},{"taxonomy":"post_tag","embeddable":true,"href":"https:\/\/aimtec.fi\/en\/wp-json\/wp\/v2\/tags?post=3039"}],"curies":[{"name":"wp","href":"https:\/\/api.w.org\/{rel}","templated":true}]}}