{"id":3042,"date":"2018-10-08T22:55:40","date_gmt":"2018-10-08T19:55:40","guid":{"rendered":"https:\/\/www.aimtec.fi\/?page_id=3042"},"modified":"2019-03-04T11:19:23","modified_gmt":"2019-03-04T09:19:23","slug":"wohler-savukyna","status":"publish","type":"page","link":"https:\/\/aimtec.fi\/en\/savukoneet-ja-merkkisavut\/wohler-savukyna\/","title":{"rendered":"W\u00f6hler &#8211; Savukyn\u00e4"},"content":{"rendered":"<div class=\"field field-name-body field-type-text-with-summary field-label-hidden\">\n<div class=\"field-items\">\n<div class=\"field-item even\">\n<p><strong>Ilmastoinnin, vedon, vuotojen ja savuilmaisimien tarkastuksiin.<\/strong><\/p>\n<p>Kyn\u00e4n mukana toimitetaan 6 kpl vaihdettavia savulankoja. Yksi lanka riitt\u00e4\u00e4 240:een 30 sekunnin testiin.<br \/>\nLanka voidaan sammuttaa kyn\u00e4n korkilla ja sytytt\u00e4\u00e4 uudestaan.<\/p>\n<p>&nbsp;<\/p>\n<\/div>\n<\/div>\n<\/div>","protected":false},"excerpt":{"rendered":"<p>Ilmastoinnin, vedon, vuotojen ja savuilmaisimien tarkastuksiin. Kyn\u00e4n mukana toimitetaan 6 kpl vaihdettavia savulankoja. Yksi lanka riitt\u00e4\u00e4 240:een 30 sekunnin testiin. Lanka voidaan sammuttaa kyn\u00e4n korkilla ja sytytt\u00e4\u00e4 uudestaan. &nbsp;<\/p>","protected":false},"author":4,"featured_media":3045,"parent":3085,"menu_order":0,"comment_status":"closed","ping_status":"closed","template":"tuote.php","meta":{"_acf_changed":false,"_seopress_robots_primary_cat":"","_seopress_titles_title":"","_seopress_titles_desc":"","_seopress_robots_index":"","_et_pb_use_builder":"","_et_pb_old_content":"","_et_gb_content_width":"","inline_featured_image":false,"footnotes":"","_links_to":"","_links_to_target":""},"categories":[],"tags":[],"class_list":["post-3042","page","type-page","status-publish","has-post-thumbnail","hentry"],"acf":[],"_links":{"self":[{"href":"https:\/\/aimtec.fi\/en\/wp-json\/wp\/v2\/pages\/3042","targetHints":{"allow":["GET"]}}],"collection":[{"href":"https:\/\/aimtec.fi\/en\/wp-json\/wp\/v2\/pages"}],"about":[{"href":"https:\/\/aimtec.fi\/en\/wp-json\/wp\/v2\/types\/page"}],"author":[{"embeddable":true,"href":"https:\/\/aimtec.fi\/en\/wp-json\/wp\/v2\/users\/4"}],"replies":[{"embeddable":true,"href":"https:\/\/aimtec.fi\/en\/wp-json\/wp\/v2\/comments?post=3042"}],"version-history":[{"count":3,"href":"https:\/\/aimtec.fi\/en\/wp-json\/wp\/v2\/pages\/3042\/revisions"}],"predecessor-version":[{"id":4512,"href":"https:\/\/aimtec.fi\/en\/wp-json\/wp\/v2\/pages\/3042\/revisions\/4512"}],"up":[{"embeddable":true,"href":"https:\/\/aimtec.fi\/en\/wp-json\/wp\/v2\/pages\/3085"}],"wp:featuredmedia":[{"embeddable":true,"href":"https:\/\/aimtec.fi\/en\/wp-json\/wp\/v2\/media\/3045"}],"wp:attachment":[{"href":"https:\/\/aimtec.fi\/en\/wp-json\/wp\/v2\/media?parent=3042"}],"wp:term":[{"taxonomy":"category","embeddable":true,"href":"https:\/\/aimtec.fi\/en\/wp-json\/wp\/v2\/categories?post=3042"},{"taxonomy":"post_tag","embeddable":true,"href":"https:\/\/aimtec.fi\/en\/wp-json\/wp\/v2\/tags?post=3042"}],"curies":[{"name":"wp","href":"https:\/\/api.w.org\/{rel}","templated":true}]}}