{"id":3056,"date":"2018-10-08T23:03:49","date_gmt":"2018-10-08T20:03:49","guid":{"rendered":"https:\/\/www.aimtec.fi\/?page_id=3056"},"modified":"2020-12-07T14:26:00","modified_gmt":"2020-12-07T12:26:00","slug":"cdl210-co2-dataloggeri","status":"publish","type":"page","link":"https:\/\/aimtec.fi\/en\/dataloggerit-2\/cdl210-co2-dataloggeri\/","title":{"rendered":"W\u00d6HLER &#8211; CDL 210 CO2 dataloggeri"},"content":{"rendered":"<div class=\"field field-name-body field-type-text-with-summary field-label-hidden\">\n<div class=\"field-items\">\n<div class=\"field-item even\">\n<p><strong>W\u00f6hler CDL210 CO2 dataloggeri<\/strong><\/p>\n<p>Sis\u00e4ilman laadun m\u00e4\u00e4ritt\u00e4miseen niin asuin- kuin liikekiinteist\u00f6iss\u00e4.<\/p>\n<p><strong>CDL210 dataloggeri mittaa ja tallentaa:<\/strong><br \/>\n-CO2-pitoisuus<br \/>\n-L\u00e4mp\u00f6tila<br \/>\n-Suhteellinen kosteus<\/p>\n<p>Dataloggerin n\u00e4yt\u00f6ll\u00e4 n\u00e4ytet\u00e4\u00e4n selke\u00e4sti edell\u00e4 mainittujen mittausten lukemat, sis\u00e4ilman laatu (asteikko: hyv\u00e4, normaali, huono) sek\u00e4 p\u00e4iv\u00e4ys ja kellonaika.<\/p>\n<p><strong>Ominaisuudet mm:<\/strong><br \/>\n-Minimi- ja maksimiarvojen n\u00e4ytt\u00f6<br \/>\n-H\u00e4lytysraja-asetukset CO2 \u2013pitoisuudelle<br \/>\n-Automaattinen kalibrointi \u2013toiminto<\/p>\n<p>Toimitussis\u00e4lt\u00f6: CDL210 dataloggeri, virtal\u00e4hde, USB-kaapeli ja ohjelma<\/p>\n<\/div>\n<\/div>\n<\/div>","protected":false},"excerpt":{"rendered":"<p>W\u00f6hler CDL210 CO2 dataloggeri Sis\u00e4ilman laadun m\u00e4\u00e4ritt\u00e4miseen niin asuin- kuin liikekiinteist\u00f6iss\u00e4. CDL210 dataloggeri mittaa ja tallentaa: -CO2-pitoisuus -L\u00e4mp\u00f6tila -Suhteellinen kosteus Dataloggerin n\u00e4yt\u00f6ll\u00e4 n\u00e4ytet\u00e4\u00e4n selke\u00e4sti edell\u00e4 mainittujen mittausten lukemat, sis\u00e4ilman laatu (asteikko: hyv\u00e4, normaali, huono) sek\u00e4 p\u00e4iv\u00e4ys ja kellonaika. Ominaisuudet mm: -Minimi- ja maksimiarvojen n\u00e4ytt\u00f6 -H\u00e4lytysraja-asetukset CO2 \u2013pitoisuudelle -Automaattinen kalibrointi \u2013toiminto Toimitussis\u00e4lt\u00f6: CDL210 dataloggeri, virtal\u00e4hde, USB-kaapeli&#8230;<\/p>","protected":false},"author":4,"featured_media":3059,"parent":3222,"menu_order":0,"comment_status":"closed","ping_status":"closed","template":"tuote.php","meta":{"_acf_changed":false,"_seopress_robots_primary_cat":"","_seopress_titles_title":"","_seopress_titles_desc":"","_seopress_robots_index":"","_et_pb_use_builder":"","_et_pb_old_content":"","_et_gb_content_width":"","inline_featured_image":false,"footnotes":"","_links_to":"","_links_to_target":""},"categories":[],"tags":[],"class_list":["post-3056","page","type-page","status-publish","has-post-thumbnail","hentry"],"acf":[],"_links":{"self":[{"href":"https:\/\/aimtec.fi\/en\/wp-json\/wp\/v2\/pages\/3056","targetHints":{"allow":["GET"]}}],"collection":[{"href":"https:\/\/aimtec.fi\/en\/wp-json\/wp\/v2\/pages"}],"about":[{"href":"https:\/\/aimtec.fi\/en\/wp-json\/wp\/v2\/types\/page"}],"author":[{"embeddable":true,"href":"https:\/\/aimtec.fi\/en\/wp-json\/wp\/v2\/users\/4"}],"replies":[{"embeddable":true,"href":"https:\/\/aimtec.fi\/en\/wp-json\/wp\/v2\/comments?post=3056"}],"version-history":[{"count":3,"href":"https:\/\/aimtec.fi\/en\/wp-json\/wp\/v2\/pages\/3056\/revisions"}],"predecessor-version":[{"id":8066,"href":"https:\/\/aimtec.fi\/en\/wp-json\/wp\/v2\/pages\/3056\/revisions\/8066"}],"up":[{"embeddable":true,"href":"https:\/\/aimtec.fi\/en\/wp-json\/wp\/v2\/pages\/3222"}],"wp:featuredmedia":[{"embeddable":true,"href":"https:\/\/aimtec.fi\/en\/wp-json\/wp\/v2\/media\/3059"}],"wp:attachment":[{"href":"https:\/\/aimtec.fi\/en\/wp-json\/wp\/v2\/media?parent=3056"}],"wp:term":[{"taxonomy":"category","embeddable":true,"href":"https:\/\/aimtec.fi\/en\/wp-json\/wp\/v2\/categories?post=3056"},{"taxonomy":"post_tag","embeddable":true,"href":"https:\/\/aimtec.fi\/en\/wp-json\/wp\/v2\/tags?post=3056"}],"curies":[{"name":"wp","href":"https:\/\/api.w.org\/{rel}","templated":true}]}}