{"id":3091,"date":"2018-10-08T23:08:52","date_gmt":"2018-10-08T20:08:52","guid":{"rendered":"https:\/\/www.aimtec.fi\/?page_id=3091"},"modified":"2025-11-05T14:41:45","modified_gmt":"2025-11-05T12:41:45","slug":"tarkastuskamerat","status":"publish","type":"page","link":"https:\/\/aimtec.fi\/en\/tarkastuskamerat\/","title":{"rendered":"Inspection Cameras"},"content":{"rendered":"<p>[et_pb_section fb_built=&#8221;1&#8243; _builder_version=&#8221;4.16&#8243; use_background_color_gradient=&#8221;on&#8221; background_color_gradient_stops=&#8221;rgba(45,151,17,0.82) 0%|rgba(45,151,17,0.82) 100%&#8221; background_color_gradient_overlays_image=&#8221;on&#8221; background_color_gradient_start=&#8221;rgba(45,151,17,0.82)&#8221; background_color_gradient_end=&#8221;rgba(45,151,17,0.82)&#8221; background_image=&#8221;https:\/\/www.aimtec.fi\/wp-content\/uploads\/2018\/09\/industry_pic.jpg&#8221; custom_css_main_element=&#8221;height: 30vh;||display: flex;||align-items: center;&#8221; global_colors_info=&#8221;{}&#8221;][et_pb_row _builder_version=&#8221;4.16&#8243; custom_padding=&#8221;|||&#8221; use_custom_width=&#8221;on&#8221; custom_width_px=&#8221;1366px&#8221; global_colors_info=&#8221;{}&#8221;][et_pb_column type=&#8221;4_4&#8243; _builder_version=&#8221;4.16&#8243; custom_padding=&#8221;|||&#8221; global_colors_info=&#8221;{}&#8221; custom_padding__hover=&#8221;|||&#8221;][et_pb_text _builder_version=&#8221;4.16&#8243; header_font=&#8221;Play||||||||&#8221; header_text_align=&#8221;left&#8221; header_text_color=&#8221;#ffffff&#8221; header_font_size=&#8221;58px&#8221; global_colors_info=&#8221;{}&#8221;]<\/p>\n<h1>Tarkastuskamerat<\/h1>\n<p>[\/et_pb_text][\/et_pb_column][\/et_pb_row][\/et_pb_section][et_pb_section fb_built=&#8221;1&#8243; disabled_on=&#8221;off|off|on&#8221; _builder_version=&#8221;3.1.1&#8243; background_color=&#8221;#333&#8243; custom_padding=&#8221;0|0px|0|0px&#8221; global_module=&#8221;3797&#8243; global_colors_info=&#8221;{}&#8221;][et_pb_row column_structure=&#8221;1_2,1_2&#8243; disabled_on=&#8221;off|off|on&#8221; _builder_version=&#8221;4.16&#8243; global_colors_info=&#8221;{}&#8221;][et_pb_column type=&#8221;1_2&#8243; module_class=&#8221;mm-kategoria-menu-teksti-column&#8221; _builder_version=&#8221;4.16&#8243; custom_padding=&#8221;|||&#8221; global_colors_info=&#8221;{}&#8221; custom_padding__hover=&#8221;|||&#8221;][et_pb_text _builder_version=&#8221;4.16&#8243; header_font=&#8221;Play||||||||&#8221; header_text_color=&#8221;#ffffff&#8221; header_2_font=&#8221;Play||||||||&#8221; header_2_text_color=&#8221;#ffffff&#8221; header_2_font_size=&#8221;1.6em&#8221; header_font_size_tablet=&#8221;2em&#8221; header_font_size_phone=&#8221;1.6em&#8221; header_font_size_last_edited=&#8221;on|phone&#8221; global_colors_info=&#8221;{}&#8221;]<\/p>\n<h2>Kategoriat<\/h2>\n<p>[\/et_pb_text][\/et_pb_column][et_pb_column type=&#8221;1_2&#8243; module_class=&#8221;mm-kategoria-menu-ikoni-column&#8221; _builder_version=&#8221;4.16&#8243; custom_padding=&#8221;|||&#8221; global_colors_info=&#8221;{}&#8221; custom_padding__hover=&#8221;|||&#8221;][et_pb_code admin_label=&#8221;Koodi&#8221; _builder_version=&#8221;4.16&#8243; text_orientation=&#8221;right&#8221; global_colors_info=&#8221;{}&#8221;]<a class=\"mm-mobile-sidebar-button\"><img decoding=\"async\" src=\"\/wp-content\/uploads\/2018\/10\/add1.svg\"><\/a>[\/et_pb_code][\/et_pb_column][\/et_pb_row][et_pb_row disabled_on=&#8221;off|off|off&#8221; _builder_version=&#8221;4.16&#8243; custom_padding=&#8221;0|0px|0|0px&#8221; global_colors_info=&#8221;{}&#8221;][et_pb_column type=&#8221;4_4&#8243; _builder_version=&#8221;4.16&#8243; custom_padding=&#8221;|||&#8221; global_colors_info=&#8221;{}&#8221; custom_padding__hover=&#8221;|||&#8221;][et_pb_sidebar area=&#8221;sidebar-1&#8243; _builder_version=&#8221;4.16&#8243; global_colors_info=&#8221;{}&#8221;][\/et_pb_sidebar][\/et_pb_column][\/et_pb_row][\/et_pb_section][et_pb_section fb_built=&#8221;1&#8243; _builder_version=&#8221;4.16&#8243; custom_padding=&#8221;0px||4px|||&#8221; global_colors_info=&#8221;{}&#8221;][et_pb_row _builder_version=&#8221;4.16&#8243; background_size=&#8221;initial&#8221; background_position=&#8221;top_left&#8221; background_repeat=&#8221;repeat&#8221; global_colors_info=&#8221;{}&#8221;][et_pb_column type=&#8221;4_4&#8243; _builder_version=&#8221;4.16&#8243; custom_padding=&#8221;|||&#8221; global_colors_info=&#8221;{}&#8221; custom_padding__hover=&#8221;|||&#8221;][et_pb_text _builder_version=&#8221;4.16&#8243; link_text_color=&#8221;#44580e&#8221; z_index_tablet=&#8221;500&#8243; text_text_shadow_horizontal_length_tablet=&#8221;0px&#8221; text_text_shadow_vertical_length_tablet=&#8221;0px&#8221; text_text_shadow_blur_strength_tablet=&#8221;1px&#8221; link_text_shadow_horizontal_length_tablet=&#8221;0px&#8221; link_text_shadow_vertical_length_tablet=&#8221;0px&#8221; link_text_shadow_blur_strength_tablet=&#8221;1px&#8221; ul_text_shadow_horizontal_length_tablet=&#8221;0px&#8221; ul_text_shadow_vertical_length_tablet=&#8221;0px&#8221; ul_text_shadow_blur_strength_tablet=&#8221;1px&#8221; ol_text_shadow_horizontal_length_tablet=&#8221;0px&#8221; ol_text_shadow_vertical_length_tablet=&#8221;0px&#8221; ol_text_shadow_blur_strength_tablet=&#8221;1px&#8221; quote_text_shadow_horizontal_length_tablet=&#8221;0px&#8221; quote_text_shadow_vertical_length_tablet=&#8221;0px&#8221; quote_text_shadow_blur_strength_tablet=&#8221;1px&#8221; header_text_shadow_horizontal_length_tablet=&#8221;0px&#8221; header_text_shadow_vertical_length_tablet=&#8221;0px&#8221; header_text_shadow_blur_strength_tablet=&#8221;1px&#8221; header_2_text_shadow_horizontal_length_tablet=&#8221;0px&#8221; header_2_text_shadow_vertical_length_tablet=&#8221;0px&#8221; header_2_text_shadow_blur_strength_tablet=&#8221;1px&#8221; header_3_text_shadow_horizontal_length_tablet=&#8221;0px&#8221; header_3_text_shadow_vertical_length_tablet=&#8221;0px&#8221; header_3_text_shadow_blur_strength_tablet=&#8221;1px&#8221; header_4_text_shadow_horizontal_length_tablet=&#8221;0px&#8221; header_4_text_shadow_vertical_length_tablet=&#8221;0px&#8221; header_4_text_shadow_blur_strength_tablet=&#8221;1px&#8221; header_5_text_shadow_horizontal_length_tablet=&#8221;0px&#8221; header_5_text_shadow_vertical_length_tablet=&#8221;0px&#8221; header_5_text_shadow_blur_strength_tablet=&#8221;1px&#8221; header_6_text_shadow_horizontal_length_tablet=&#8221;0px&#8221; header_6_text_shadow_vertical_length_tablet=&#8221;0px&#8221; header_6_text_shadow_blur_strength_tablet=&#8221;1px&#8221; box_shadow_horizontal_tablet=&#8221;0px&#8221; box_shadow_vertical_tablet=&#8221;0px&#8221; box_shadow_blur_tablet=&#8221;40px&#8221; box_shadow_spread_tablet=&#8221;0px&#8221; global_colors_info=&#8221;{}&#8221;]<\/p>\n<h2>\u00a0Meilt\u00e4 laadukkaat tarkastuskamerat<\/h2>\n<p>Haussa laadukas tarkastuskamera? Meilt\u00e4 l\u00f6ytyy. Valikoimastamme l\u00f6ytyv\u00e4t esimerkiksi seuraavat tuotteet: <a href=\"https:\/\/aimtec.fi\/tarkastuskamerat-hormi-viemari\/wohler-vis-700-hd-tarkastuskamera-30-m-tyontokaapelilla\/\">W\u00f6hler VIS 700<\/a>, VIS 500, <a href=\"https:\/\/aimtec.fi\/tarkastuskamerat-hormi-viemari\/wohler-vis-250-vis-200-tarkastuskamera-mm-viemarit\/\">W\u00f6hler VIS 250<\/a> ja <a href=\"https:\/\/aimtec.fi\/tarkastuskamerat-hormi-viemari\/wohler-vis350-tarkastuskamera\/\">W\u00f6hler VIS 350<\/a>. Laadukkailla W\u00f6hlerin kameroilla kuvaat helposti viem\u00e4rit ja hormit, joka vaikuttaa my\u00f6s ty\u00f6skentelymukavuuteen.<\/p>\n<p>Uutuuskameramme tuottavat ter\u00e4v\u00e4piirtokuvan, joten korkean resoluution kuvasta on helppo n\u00e4hd\u00e4 tarkistettava kohde tarkasti \u2013 silloin my\u00f6s tarkastuksesta tulee laadukkaampi. Osaan kamerapaketeistamme kuuluu my\u00f6s kovamuovinen ja kest\u00e4v\u00e4 kameralaukku, jossa tarkastuskamera pysyy turvassa kolhuilta ja muilta ulkoisilta rasitteilta kuljetuksen ja s\u00e4ilytyksen ajan. Valikoimastamme l\u00f6ytyy my\u00f6s <a href=\"https:\/\/aimtec.fi\/tarkastuskamerat-hormi-viemari\/wohler-l-200-kamerapaan-paikannin\/\">W\u00f6hler L 200<\/a> kamerap\u00e4\u00e4n paikannin, jolla voit nopeasti ja helposti paikantaa putkien ja hormien vauriokohdat.<\/p>\n<p>Kaiken lis\u00e4ksi meilt\u00e4 l\u00f6ytyy asiantunteva ja kattava huolto-palvelu kaikille tuotteillemme.<\/p>\n<p>Tutustu tarkastuskameroihimmme alla.<\/p>\n<p>[\/et_pb_text][\/et_pb_column][\/et_pb_row][\/et_pb_section][et_pb_section fb_built=&#8221;1&#8243; _builder_version=&#8221;4.16&#8243; background_color=&#8221;#f2f2f2&#8243; custom_margin=&#8221;0px|||&#8221; custom_padding=&#8221;0px|||&#8221; global_colors_info=&#8221;{}&#8221;][et_pb_row module_class=&#8221;content-product-page-container&#8221; _builder_version=&#8221;4.16&#8243; background_size=&#8221;initial&#8221; background_position=&#8221;top_left&#8221; background_repeat=&#8221;repeat&#8221; max_width=&#8221;1260px&#8221; use_custom_width=&#8221;on&#8221; custom_width_px=&#8221;1260px&#8221; global_colors_info=&#8221;{}&#8221;][et_pb_column type=&#8221;4_4&#8243; module_class=&#8221;sidebar-product-page&#8221; _builder_version=&#8221;4.16&#8243; custom_padding=&#8221;|||&#8221; global_colors_info=&#8221;{}&#8221; custom_padding__hover=&#8221;|||&#8221;][et_pb_code module_class=&#8221;childpages-container-mm&#8221; _builder_version=&#8221;4.16&#8243; global_colors_info=&#8221;{}&#8221;][\/et_pb_code][\/et_pb_column][\/et_pb_row][et_pb_row _builder_version=&#8221;4.16&#8243; global_colors_info=&#8221;{}&#8221;][et_pb_column type=&#8221;4_4&#8243; _builder_version=&#8221;4.16&#8243; custom_padding=&#8221;|||&#8221; global_colors_info=&#8221;{}&#8221; custom_padding__hover=&#8221;|||&#8221;][et_pb_sidebar area=&#8221;sidebar-1&#8243; _builder_version=&#8221;4.16&#8243; global_colors_info=&#8221;{}&#8221;]<br \/>\n[\/et_pb_sidebar][\/et_pb_column][\/et_pb_row][\/et_pb_section]<\/p>\n","protected":false},"excerpt":{"rendered":"<p>Tarkastuskamerat Kategoriat\u00a0Meilt\u00e4 laadukkaat tarkastuskamerat Haussa laadukas tarkastuskamera? Meilt\u00e4 l\u00f6ytyy. Valikoimastamme l\u00f6ytyv\u00e4t esimerkiksi seuraavat tuotteet: W\u00f6hler VIS 700, VIS 500, W\u00f6hler VIS 250 ja W\u00f6hler VIS 350. Laadukkailla W\u00f6hlerin kameroilla kuvaat helposti viem\u00e4rit ja hormit, joka vaikuttaa my\u00f6s ty\u00f6skentelymukavuuteen. Uutuuskameramme tuottavat ter\u00e4v\u00e4piirtokuvan, joten korkean resoluution kuvasta on helppo n\u00e4hd\u00e4 tarkistettava kohde tarkasti \u2013 silloin my\u00f6s tarkastuksesta&#8230;<\/p>","protected":false},"author":3,"featured_media":0,"parent":0,"menu_order":0,"comment_status":"closed","ping_status":"closed","template":"","meta":{"_acf_changed":false,"_seopress_robots_primary_cat":"","_seopress_titles_title":"Tarkastuskamera hormiin ja viem\u00e4riin - Aimtec Finland Oy","_seopress_titles_desc":"Onko etsinn\u00e4ss\u00e4 viem\u00e4rikamera tai hormikamera? Myymme laadukkaita W\u00f6hlerin tarkastuskameroita. Tutustu lis\u00e4\u00e4 sivuillamme\u2026","_seopress_robots_index":"","_et_pb_use_builder":"on","_et_pb_old_content":"","_et_gb_content_width":"","inline_featured_image":false,"footnotes":"","_links_to":"","_links_to_target":""},"categories":[],"tags":[],"class_list":["post-3091","page","type-page","status-publish","hentry"],"acf":[],"_links":{"self":[{"href":"https:\/\/aimtec.fi\/en\/wp-json\/wp\/v2\/pages\/3091","targetHints":{"allow":["GET"]}}],"collection":[{"href":"https:\/\/aimtec.fi\/en\/wp-json\/wp\/v2\/pages"}],"about":[{"href":"https:\/\/aimtec.fi\/en\/wp-json\/wp\/v2\/types\/page"}],"author":[{"embeddable":true,"href":"https:\/\/aimtec.fi\/en\/wp-json\/wp\/v2\/users\/3"}],"replies":[{"embeddable":true,"href":"https:\/\/aimtec.fi\/en\/wp-json\/wp\/v2\/comments?post=3091"}],"version-history":[{"count":11,"href":"https:\/\/aimtec.fi\/en\/wp-json\/wp\/v2\/pages\/3091\/revisions"}],"predecessor-version":[{"id":18105,"href":"https:\/\/aimtec.fi\/en\/wp-json\/wp\/v2\/pages\/3091\/revisions\/18105"}],"wp:attachment":[{"href":"https:\/\/aimtec.fi\/en\/wp-json\/wp\/v2\/media?parent=3091"}],"wp:term":[{"taxonomy":"category","embeddable":true,"href":"https:\/\/aimtec.fi\/en\/wp-json\/wp\/v2\/categories?post=3091"},{"taxonomy":"post_tag","embeddable":true,"href":"https:\/\/aimtec.fi\/en\/wp-json\/wp\/v2\/tags?post=3091"}],"curies":[{"name":"wp","href":"https:\/\/api.w.org\/{rel}","templated":true}]}}