{"id":3092,"date":"2018-10-08T23:16:23","date_gmt":"2018-10-08T20:16:23","guid":{"rendered":"https:\/\/www.aimtec.fi\/?page_id=3092"},"modified":"2026-02-13T12:52:14","modified_gmt":"2026-02-13T10:52:14","slug":"wohler-vis-700-hd-tarkastuskamera-30-m-tyontokaapelilla","status":"publish","type":"page","link":"https:\/\/aimtec.fi\/en\/tarkastuskamerat\/wohler-vis-700-hd-tarkastuskamera-30-m-tyontokaapelilla\/","title":{"rendered":"W\u00d6HLER &#8211; VIS 700 HD tarkastuskamera 30 m ty\u00f6nt\u00f6kaapelilla"},"content":{"rendered":"<div class=\"field field-name-body field-type-text-with-summary field-label-hidden\">\n<div class=\"field-items\">\n<div class=\"field-item even\">\n<p><strong>UUTUUS! W\u00f6hler VIS 700 HD tarkastuskamera mm. viem\u00e4riputkien, ilmastointikanavien ja hormien tarkastuksiin.\u00a0 <\/strong><\/p>\n<p>W\u00f6hlerin uusi VIS 700 HD kamera tuo ter\u00e4v\u00e4piirtokuvat tarkastuksiin: uusi digitaalinen, korkean resoluution kamerasensori takaa eritt\u00e4in tarkan kuvan.<\/p>\n<p>Kamerassa on kompakti ja tukevarakenteinen n\u00e4ytt\u00f6yksikk\u00f6, jossa on 7\u201d HD TFT kuva. \u00d840 mm v\u00e4rikamerap\u00e4\u00e4n (180\u00b0 kallistus\/360\u00b0 kierto) ohjaus ja kuvan tarkennus on helppoa n\u00e4ytt\u00f6yksik\u00f6n joystick \u2013ohjaimella. N\u00e4ytt\u00f6 toimii my\u00f6s kosketusn\u00e4ytt\u00f6n\u00e4, jolloin eri valikoiden ja toimintojen k\u00e4ytt\u00f6 on nopeaa.<\/p>\n<p>Kamerassa on WLAN-toiminto: reaaliaikaista kuvaa voidaan katsoa kameran n\u00e4yt\u00f6lt\u00e4 ja samanaikaisesti my\u00f6s \u00e4lypuhelimesta tai tabletista. Uudempiin VIS 700 malleihin (laiteohjelmistoversio 2.1.0 ja uudemmat) on saatavilla VIS 700 App -mobiilisovellus (Android ja iOS), jossa kuvan katselun lis\u00e4ksi voi my\u00f6s ohjata kameraa, tallentaa kuvat ja videot mobiililaitteeseen tai pilveen ja laatia tarkastusraportteja. Tallennus my\u00f6s USB muistikulle ja sis\u00e4iseen muistiin (8GB).<\/p>\n<p>Vankkarakenteinen kameralaukku on kaksiosainen, jolloin laukun alaosa ja siin\u00e4 sijaitseva kaapelikela on helppo puhdistaa.<\/p>\n<p><img loading=\"lazy\" decoding=\"async\" class=\"alignnone size-full wp-image-4015\" src=\"https:\/\/www.aimtec.fi\/wp-content\/uploads\/2019\/01\/Wohler-VIS700-HD-viemarin-tarkastus.jpg\" alt=\"\" width=\"450\" height=\"354\" \/><br \/>\n<em>Viem\u00e4rin tarkastus. 40 mm v\u00e4rikamerap\u00e4\u00e4 on vesitiivis IP 67 (30 min max 1 m syvyydess\u00e4).<\/em><\/p>\n<p><img loading=\"lazy\" decoding=\"async\" class=\"alignnone size-full wp-image-4016\" src=\"https:\/\/www.aimtec.fi\/wp-content\/uploads\/2019\/01\/Wohler-VIS700-HD-ilmastointikanavan-tarkastus.jpg\" alt=\"\" width=\"450\" height=\"380\" \/><br \/>\n<em>Ilmastointikanavan tarkastus. 30 m ty\u00f6nt\u00f6kaapeli on taipuisa ja kest\u00e4v\u00e4.<\/em><\/p>\n<p><img loading=\"lazy\" decoding=\"async\" class=\"alignnone size-full wp-image-4017\" src=\"https:\/\/www.aimtec.fi\/wp-content\/uploads\/2019\/01\/Wohler-HD-kamerapaa-26mm.jpg\" alt=\"\" width=\"350\" height=\"155\" \/><\/p>\n<p><em>VIS 700 kameraan on saatavana lis\u00e4varusteena \u00d826 mm suora HD-v\u00e4rikamerap\u00e4\u00e4. T\u00e4m\u00e4 IP68-luokiteltu kamerap\u00e4\u00e4 soveltuu erityisesti pienille, v\u00e4hint\u00e4\u00e4n \u00d8 40 mm viem\u00e4riputkille.<\/em><em><br \/>\n<\/em><\/p>\n<p><iframe loading=\"lazy\" src=\"https:\/\/www.youtube.com\/embed\/7dvcZXCyhmQ\" width=\"560\" height=\"315\" frameborder=\"0\" allowfullscreen=\"allowfullscreen\"><\/iframe><\/p>\n<\/div>\n<\/div>\n<\/div>","protected":false},"excerpt":{"rendered":"<p>UUTUUS! W\u00f6hler VIS 700 HD tarkastuskamera mm. viem\u00e4riputkien, ilmastointikanavien ja hormien tarkastuksiin.\u00a0 W\u00f6hlerin uusi VIS 700 HD kamera tuo ter\u00e4v\u00e4piirtokuvat tarkastuksiin: uusi digitaalinen, korkean resoluution kamerasensori takaa eritt\u00e4in tarkan kuvan. Kamerassa on kompakti ja tukevarakenteinen n\u00e4ytt\u00f6yksikk\u00f6, jossa on 7\u201d HD TFT kuva. \u00d840 mm v\u00e4rikamerap\u00e4\u00e4n (180\u00b0 kallistus\/360\u00b0 kierto) ohjaus ja kuvan tarkennus on helppoa n\u00e4ytt\u00f6yksik\u00f6n&#8230;<\/p>","protected":false},"author":4,"featured_media":4395,"parent":3091,"menu_order":0,"comment_status":"closed","ping_status":"closed","template":"tuote.php","meta":{"_acf_changed":false,"_seopress_robots_primary_cat":"","_seopress_titles_title":"","_seopress_titles_desc":"","_seopress_robots_index":"","_et_pb_use_builder":"","_et_pb_old_content":"","_et_gb_content_width":"","inline_featured_image":false,"footnotes":"","_links_to":"","_links_to_target":""},"categories":[],"tags":[],"class_list":["post-3092","page","type-page","status-publish","has-post-thumbnail","hentry"],"acf":[],"_links":{"self":[{"href":"https:\/\/aimtec.fi\/en\/wp-json\/wp\/v2\/pages\/3092","targetHints":{"allow":["GET"]}}],"collection":[{"href":"https:\/\/aimtec.fi\/en\/wp-json\/wp\/v2\/pages"}],"about":[{"href":"https:\/\/aimtec.fi\/en\/wp-json\/wp\/v2\/types\/page"}],"author":[{"embeddable":true,"href":"https:\/\/aimtec.fi\/en\/wp-json\/wp\/v2\/users\/4"}],"replies":[{"embeddable":true,"href":"https:\/\/aimtec.fi\/en\/wp-json\/wp\/v2\/comments?post=3092"}],"version-history":[{"count":23,"href":"https:\/\/aimtec.fi\/en\/wp-json\/wp\/v2\/pages\/3092\/revisions"}],"predecessor-version":[{"id":18120,"href":"https:\/\/aimtec.fi\/en\/wp-json\/wp\/v2\/pages\/3092\/revisions\/18120"}],"up":[{"embeddable":true,"href":"https:\/\/aimtec.fi\/en\/wp-json\/wp\/v2\/pages\/3091"}],"wp:featuredmedia":[{"embeddable":true,"href":"https:\/\/aimtec.fi\/en\/wp-json\/wp\/v2\/media\/4395"}],"wp:attachment":[{"href":"https:\/\/aimtec.fi\/en\/wp-json\/wp\/v2\/media?parent=3092"}],"wp:term":[{"taxonomy":"category","embeddable":true,"href":"https:\/\/aimtec.fi\/en\/wp-json\/wp\/v2\/categories?post=3092"},{"taxonomy":"post_tag","embeddable":true,"href":"https:\/\/aimtec.fi\/en\/wp-json\/wp\/v2\/tags?post=3092"}],"curies":[{"name":"wp","href":"https:\/\/api.w.org\/{rel}","templated":true}]}}