{"id":3109,"date":"2018-10-08T23:17:42","date_gmt":"2018-10-08T20:17:42","guid":{"rendered":"https:\/\/www.aimtec.fi\/?page_id=3109"},"modified":"2026-02-13T12:52:44","modified_gmt":"2026-02-13T10:52:44","slug":"wohler-vis-700-hd-tarkastuskamera-20-m-laskukaapelilla","status":"publish","type":"page","link":"https:\/\/aimtec.fi\/en\/tarkastuskamerat\/wohler-vis-700-hd-tarkastuskamera-20-m-laskukaapelilla\/","title":{"rendered":"W\u00d6HLER &#8211; VIS 700 HD tarkastuskamera 20 m laskukaapelilla"},"content":{"rendered":"<p><strong>VIS 700 HD tarkastuskamera 20 metrin laskukaapelilla<\/strong> on tarkoitettu erityisesti hormitarkastuksiin ja muihin ylh\u00e4\u00e4lt\u00e4 alasp\u00e4in teht\u00e4viin tarkastuksiin. Kameratoimitukseen kuuluu alusta HD-n\u00e4ytt\u00f6yksik\u00f6lle ja<img loading=\"lazy\" decoding=\"async\" class=\"size-full wp-image-6420 alignleft\" src=\"https:\/\/aimtec.fi\/wp-content\/uploads\/2020\/04\/VIS700-savuhormi-tarkastus.jpg\" alt=\"\" width=\"337\" height=\"259\" \/> kantohihna, jolloin k\u00e4det j\u00e4\u00e4v\u00e4t vapaaksi ty\u00f6skentely\u00e4 varten.<\/p>\n<p>W\u00f6hlerin uusi VIS 700 HD kamera tuo ter\u00e4v\u00e4piirtokuvat tarkastuksiin: uusi digitaalinen, korkean resoluution kamerasensori takaa eritt\u00e4in tarkan kuvan. N\u00e4ytt\u00f6yksik\u00f6ss\u00e4 on laadukas 7\u201d HD TFT kuva. N\u00e4ytt\u00f6 toimii my\u00f6s kosketusn\u00e4ytt\u00f6n\u00e4, jolloin eri valikoiden ja toimintojen k\u00e4ytt\u00f6 on nopeaa. Kohteiden kuvaamiseen k\u00e4ytet\u00e4\u00e4n \u00d840 mm HD-v\u00e4rikamerap\u00e4\u00e4t\u00e4 (180\u00b0 kallistus\/360\u00b0 kierto), jonka ohjaus ja kuvan tarkennus on helppoa n\u00e4ytt\u00f6yksik\u00f6n joystick \u2013ohjaimella.<\/p>\n<p>Kamerassa on WLAN-toiminto: reaaliaikaista kuvaa voidaan katsoa kameran n\u00e4yt\u00f6lt\u00e4 ja samanaikaisesti my\u00f6s \u00e4lypuhelimesta tai tabletista. Uudempiin VIS 700 malleihin (laiteohjelmistoversio 2.1.0 ja uudemmat) on saatavilla VIS 700 App -mobiilisovellus (Android ja iOS), jossa kuvan katselun lis\u00e4ksi voi my\u00f6s ohjata kameraa, tallentaa kuvat ja videot mobiililaitteeseen tai pilveen ja laatia tarkastusraportteja. N\u00e4ytt\u00f6yksik\u00f6ss\u00e4 on liit\u00e4nt\u00e4 USB-tikulle, johon kuva- ja videotiedostot voidaan tallentaa.<\/p>\n<p><strong>Peruspaketin toimitussis\u00e4lt\u00f6:<\/strong><br \/>\n-VIS 700 n\u00e4ytt\u00f6yksikk\u00f6 7\u201d HD TFT kuvalla<br \/>\n-heijastussuoja<br \/>\n-litiumioniakku<br \/>\n-kantohihna n\u00e4ytt\u00f6yksik\u00f6n kiinnitysalustalla<br \/>\n-\u00d840 mm 180\u00b0\/360\u00b0 HD-v\u00e4rikamerap\u00e4\u00e4<br \/>\n-20 m laskukaapeli metrimerkinn\u00f6ill\u00e4<br \/>\n-32 Gb SD-muistikortti<br \/>\n-USB-C-kaapeli verkkoadapterilla<br \/>\n-3 kpl kamerap\u00e4\u00e4n muovikupua<br \/>\n-kantolaukku<\/p>\n<p><strong>Lis\u00e4varusteet mm.:<\/strong><br \/>\n-30 metrin laskukaapeli metrimerkinn\u00f6ill\u00e4<br \/>\n-lis\u00e4valo, sis. 18 kpl valkoista LEDi\u00e4. Liitet\u00e4\u00e4n kaapelin ja kamerap\u00e4\u00e4n v\u00e4liin antamaan lis\u00e4\u00e4 valotehoa pimeiden kohteiden tarkastuksiin.<br \/>\n-L 200 paikannin. Kamerap\u00e4\u00e4n sijainnin paikantamiseen rakenteista, katso paikantimen lis\u00e4tiedot <a href=\"https:\/\/aimtec.fi\/en\/tarkastuskamerat\/wohler-l-200-kamerapaan-paikannin\/\">t\u00e4\u00e4lt\u00e4<\/a><\/p>","protected":false},"excerpt":{"rendered":"<p>VIS 700 HD tarkastuskamera 20 metrin laskukaapelilla on tarkoitettu erityisesti hormitarkastuksiin ja muihin ylh\u00e4\u00e4lt\u00e4 alasp\u00e4in teht\u00e4viin tarkastuksiin. Kameratoimitukseen kuuluu alusta HD-n\u00e4ytt\u00f6yksik\u00f6lle ja kantohihna, jolloin k\u00e4det j\u00e4\u00e4v\u00e4t vapaaksi ty\u00f6skentely\u00e4 varten. W\u00f6hlerin uusi VIS 700 HD kamera tuo ter\u00e4v\u00e4piirtokuvat tarkastuksiin: uusi digitaalinen, korkean resoluution kamerasensori takaa eritt\u00e4in tarkan kuvan. N\u00e4ytt\u00f6yksik\u00f6ss\u00e4 on laadukas 7\u201d HD TFT kuva. N\u00e4ytt\u00f6&#8230;<\/p>","protected":false},"author":4,"featured_media":4450,"parent":3091,"menu_order":0,"comment_status":"closed","ping_status":"closed","template":"tuote.php","meta":{"_acf_changed":false,"_seopress_robots_primary_cat":"","_seopress_titles_title":"","_seopress_titles_desc":"","_seopress_robots_index":"","_et_pb_use_builder":"","_et_pb_old_content":"","_et_gb_content_width":"","inline_featured_image":false,"footnotes":"","_links_to":"","_links_to_target":""},"categories":[],"tags":[],"class_list":["post-3109","page","type-page","status-publish","has-post-thumbnail","hentry"],"acf":[],"_links":{"self":[{"href":"https:\/\/aimtec.fi\/en\/wp-json\/wp\/v2\/pages\/3109","targetHints":{"allow":["GET"]}}],"collection":[{"href":"https:\/\/aimtec.fi\/en\/wp-json\/wp\/v2\/pages"}],"about":[{"href":"https:\/\/aimtec.fi\/en\/wp-json\/wp\/v2\/types\/page"}],"author":[{"embeddable":true,"href":"https:\/\/aimtec.fi\/en\/wp-json\/wp\/v2\/users\/4"}],"replies":[{"embeddable":true,"href":"https:\/\/aimtec.fi\/en\/wp-json\/wp\/v2\/comments?post=3109"}],"version-history":[{"count":17,"href":"https:\/\/aimtec.fi\/en\/wp-json\/wp\/v2\/pages\/3109\/revisions"}],"predecessor-version":[{"id":18121,"href":"https:\/\/aimtec.fi\/en\/wp-json\/wp\/v2\/pages\/3109\/revisions\/18121"}],"up":[{"embeddable":true,"href":"https:\/\/aimtec.fi\/en\/wp-json\/wp\/v2\/pages\/3091"}],"wp:featuredmedia":[{"embeddable":true,"href":"https:\/\/aimtec.fi\/en\/wp-json\/wp\/v2\/media\/4450"}],"wp:attachment":[{"href":"https:\/\/aimtec.fi\/en\/wp-json\/wp\/v2\/media?parent=3109"}],"wp:term":[{"taxonomy":"category","embeddable":true,"href":"https:\/\/aimtec.fi\/en\/wp-json\/wp\/v2\/categories?post=3109"},{"taxonomy":"post_tag","embeddable":true,"href":"https:\/\/aimtec.fi\/en\/wp-json\/wp\/v2\/tags?post=3109"}],"curies":[{"name":"wp","href":"https:\/\/api.w.org\/{rel}","templated":true}]}}