{"id":3117,"date":"2018-10-08T23:24:08","date_gmt":"2018-10-08T20:24:08","guid":{"rendered":"https:\/\/www.aimtec.fi\/?page_id=3117"},"modified":"2026-02-13T12:58:25","modified_gmt":"2026-02-13T10:58:25","slug":"wohler-vis-250-vis-200-tarkastuskamera-mm-viemarit","status":"publish","type":"page","link":"https:\/\/aimtec.fi\/en\/tarkastuskamerat\/wohler-vis-250-vis-200-tarkastuskamera-mm-viemarit\/","title":{"rendered":"W\u00d6HLER &#8211; VIS 250 \/ VIS 200 tarkastuskamera \u00d826 mm kamerap\u00e4\u00e4ll\u00e4 ja ty\u00f6nt\u00f6kaapelilla"},"content":{"rendered":"<div class=\"field field-name-body field-type-text-with-summary field-label-hidden\">\n<div class=\"field-items\">\n<div class=\"field-item even\">\n<p><strong>W\u00f6hler VIS 250 \/ VIS 200 tarkastuskamerat <\/strong>soveltuvat mm. yli \u00d8 40 mm viem\u00e4riputkien tarkastuksiin. Kameroissa on <strong>kiinte\u00e4 \u00d8 26 mm suora v\u00e4rikamerap\u00e4\u00e4<\/strong>, joka on vesitiivis IP 68 (30 minuuttia max 30 metrin syvyydess\u00e4). Pienikokoinen kamerap\u00e4\u00e4 etenee jopa 87\u00b0 kulmista. Kamerassa on 20 tai 30 metrin lasikuituvahvistettu ty\u00f6nt\u00f6kaapeli (\u00d8 6 mm). \u00d8 26 mm kamerap\u00e4\u00e4ss\u00e4 on sis\u00e4\u00e4nrakennettu sijaintil\u00e4hetin, jolloin kamerap\u00e4\u00e4 voidaan paikallistaa esimerkiksi lattian alta <a href=\"https:\/\/aimtec.fi\/en\/tarkastuskamerat-hormi-viemari\/wohler-l-200-kamerapaan-paikannin\/\" target=\"_blank\" rel=\"noopener noreferrer\"><strong>W\u00f6hler L 200 paikantimella<\/strong><\/a> (lis\u00e4varuste).<\/p>\n<p><strong>VIS 250 mallissa <\/strong>on mm. helppok\u00e4ytt\u00f6inen valikko, valokuvan ja videon tallennus- ja toistotoiminnot sek\u00e4 kameran sijainti putkessa -ilmaisin.<br \/>\n<strong>VIS 200 mallissa<\/strong> ei edell\u00e4 mainittuja ominaisuuksia ole \u2013 sopiva valinta esimerkiksi silloin, kun ei ole tarvetta dokumentoida tarkastuksia.<\/p>\n<p><em>W\u00f6hler \u00d8 26 mm v\u00e4rikamerap\u00e4\u00e4ss\u00e4 on 12 valkoista LED-valoa, jotta valoteho on riitt\u00e4v\u00e4 my\u00f6s pimeimpien kohtien kuvauksissa. <\/em><\/p>\n<\/div>\n<\/div>\n<\/div>","protected":false},"excerpt":{"rendered":"<p>W\u00f6hler VIS 250 \/ VIS 200 tarkastuskamerat soveltuvat mm. yli \u00d8 40 mm viem\u00e4riputkien tarkastuksiin. Kameroissa on kiinte\u00e4 \u00d8 26 mm suora v\u00e4rikamerap\u00e4\u00e4, joka on vesitiivis IP 68 (30 minuuttia max 30 metrin syvyydess\u00e4). Pienikokoinen kamerap\u00e4\u00e4 etenee jopa 87\u00b0 kulmista. Kamerassa on 20 tai 30 metrin lasikuituvahvistettu ty\u00f6nt\u00f6kaapeli (\u00d8 6 mm). \u00d8 26 mm kamerap\u00e4\u00e4ss\u00e4&#8230;<\/p>","protected":false},"author":4,"featured_media":4448,"parent":3091,"menu_order":0,"comment_status":"closed","ping_status":"closed","template":"tuote.php","meta":{"_acf_changed":false,"_seopress_robots_primary_cat":"","_seopress_titles_title":"","_seopress_titles_desc":"","_seopress_robots_index":"","_et_pb_use_builder":"","_et_pb_old_content":"","_et_gb_content_width":"","inline_featured_image":false,"footnotes":"","_links_to":"","_links_to_target":""},"categories":[],"tags":[],"class_list":["post-3117","page","type-page","status-publish","has-post-thumbnail","hentry"],"acf":[],"_links":{"self":[{"href":"https:\/\/aimtec.fi\/en\/wp-json\/wp\/v2\/pages\/3117","targetHints":{"allow":["GET"]}}],"collection":[{"href":"https:\/\/aimtec.fi\/en\/wp-json\/wp\/v2\/pages"}],"about":[{"href":"https:\/\/aimtec.fi\/en\/wp-json\/wp\/v2\/types\/page"}],"author":[{"embeddable":true,"href":"https:\/\/aimtec.fi\/en\/wp-json\/wp\/v2\/users\/4"}],"replies":[{"embeddable":true,"href":"https:\/\/aimtec.fi\/en\/wp-json\/wp\/v2\/comments?post=3117"}],"version-history":[{"count":8,"href":"https:\/\/aimtec.fi\/en\/wp-json\/wp\/v2\/pages\/3117\/revisions"}],"predecessor-version":[{"id":18122,"href":"https:\/\/aimtec.fi\/en\/wp-json\/wp\/v2\/pages\/3117\/revisions\/18122"}],"up":[{"embeddable":true,"href":"https:\/\/aimtec.fi\/en\/wp-json\/wp\/v2\/pages\/3091"}],"wp:featuredmedia":[{"embeddable":true,"href":"https:\/\/aimtec.fi\/en\/wp-json\/wp\/v2\/media\/4448"}],"wp:attachment":[{"href":"https:\/\/aimtec.fi\/en\/wp-json\/wp\/v2\/media?parent=3117"}],"wp:term":[{"taxonomy":"category","embeddable":true,"href":"https:\/\/aimtec.fi\/en\/wp-json\/wp\/v2\/categories?post=3117"},{"taxonomy":"post_tag","embeddable":true,"href":"https:\/\/aimtec.fi\/en\/wp-json\/wp\/v2\/tags?post=3117"}],"curies":[{"name":"wp","href":"https:\/\/api.w.org\/{rel}","templated":true}]}}