{"id":3144,"date":"2018-10-08T23:28:13","date_gmt":"2018-10-08T20:28:13","guid":{"rendered":"https:\/\/www.aimtec.fi\/?page_id=3144"},"modified":"2020-12-15T10:05:10","modified_gmt":"2020-12-15T08:05:10","slug":"wohler-l-200-kamerapaan-paikannin","status":"publish","type":"page","link":"https:\/\/aimtec.fi\/en\/tarkastuskamerat\/wohler-l-200-kamerapaan-paikannin\/","title":{"rendered":"W\u00d6HLER &#8211; L 200 kamerap\u00e4\u00e4n paikannin"},"content":{"rendered":"<div class=\"field field-name-body field-type-text-with-summary field-label-hidden\">\n<div class=\"field-items\">\n<div class=\"field-item even\">\n<p><strong>W\u00f6hler tarkastuskameroiden \u00d8 26 mm ja 40 mm kamerap\u00e4\u00e4n paikallistamiseen esimerkiksi lattioista ja katoista, tai betonin ja asfaltin l\u00e4pi.<\/strong> Paikanna putkien vuoto- ja vauriokohdat nopeasti ja tarkasti &#8211; s\u00e4\u00e4st\u00e4 aikaa ja kustannuksia.<\/p>\n<p><strong>Toiminta:<\/strong> W\u00f6hler \u00d8 26 mm ja \u00d8 40 mm kamerap\u00e4iss\u00e4 on l\u00e4hetin, joka l\u00e4hett\u00e4\u00e4 signaalia 8.9 tai 9.2 kHz taajuudella. L 200 paikantimen kelat mittaavat magneettikentti\u00e4, ja paikannin m\u00e4\u00e4rittelee magneettikenttien voimakkuuksien perusteella kamerap\u00e4\u00e4n sijainnin itseens\u00e4 n\u00e4hden. K\u00e4ytt\u00e4j\u00e4 paikallistaa kamperap\u00e4\u00e4n tarkan sijainnin paikantimen n\u00e4yt\u00f6n kursorin ja \u00e4\u00e4nisignaalin perusteella.<\/p>\n<p><strong>Toimitussis\u00e4lt\u00f6<\/strong>: L 200 paikannin, teleskooppivarsi, kuulokkeet, USB-virtal\u00e4hde micro-USB-kaapelilla, 12 kpl keltaista merkint\u00e4liitua, kantolaukku<\/p>\n<\/div>\n<\/div>\n<\/div>","protected":false},"excerpt":{"rendered":"<p>W\u00f6hler tarkastuskameroiden \u00d8 26 mm ja 40 mm kamerap\u00e4\u00e4n paikallistamiseen esimerkiksi lattioista ja katoista, tai betonin ja asfaltin l\u00e4pi. Paikanna putkien vuoto- ja vauriokohdat nopeasti ja tarkasti &#8211; s\u00e4\u00e4st\u00e4 aikaa ja kustannuksia. Toiminta: W\u00f6hler \u00d8 26 mm ja \u00d8 40 mm kamerap\u00e4iss\u00e4 on l\u00e4hetin, joka l\u00e4hett\u00e4\u00e4 signaalia 8.9 tai 9.2 kHz taajuudella. L 200 paikantimen&#8230;<\/p>","protected":false},"author":4,"featured_media":4445,"parent":3091,"menu_order":0,"comment_status":"closed","ping_status":"closed","template":"tuote.php","meta":{"_acf_changed":false,"_seopress_robots_primary_cat":"","_seopress_titles_title":"","_seopress_titles_desc":"","_seopress_robots_index":"","_et_pb_use_builder":"","_et_pb_old_content":"","_et_gb_content_width":"","inline_featured_image":false,"footnotes":"","_links_to":"","_links_to_target":""},"categories":[],"tags":[],"class_list":["post-3144","page","type-page","status-publish","has-post-thumbnail","hentry"],"acf":[],"_links":{"self":[{"href":"https:\/\/aimtec.fi\/en\/wp-json\/wp\/v2\/pages\/3144","targetHints":{"allow":["GET"]}}],"collection":[{"href":"https:\/\/aimtec.fi\/en\/wp-json\/wp\/v2\/pages"}],"about":[{"href":"https:\/\/aimtec.fi\/en\/wp-json\/wp\/v2\/types\/page"}],"author":[{"embeddable":true,"href":"https:\/\/aimtec.fi\/en\/wp-json\/wp\/v2\/users\/4"}],"replies":[{"embeddable":true,"href":"https:\/\/aimtec.fi\/en\/wp-json\/wp\/v2\/comments?post=3144"}],"version-history":[{"count":8,"href":"https:\/\/aimtec.fi\/en\/wp-json\/wp\/v2\/pages\/3144\/revisions"}],"predecessor-version":[{"id":8304,"href":"https:\/\/aimtec.fi\/en\/wp-json\/wp\/v2\/pages\/3144\/revisions\/8304"}],"up":[{"embeddable":true,"href":"https:\/\/aimtec.fi\/en\/wp-json\/wp\/v2\/pages\/3091"}],"wp:featuredmedia":[{"embeddable":true,"href":"https:\/\/aimtec.fi\/en\/wp-json\/wp\/v2\/media\/4445"}],"wp:attachment":[{"href":"https:\/\/aimtec.fi\/en\/wp-json\/wp\/v2\/media?parent=3144"}],"wp:term":[{"taxonomy":"category","embeddable":true,"href":"https:\/\/aimtec.fi\/en\/wp-json\/wp\/v2\/categories?post=3144"},{"taxonomy":"post_tag","embeddable":true,"href":"https:\/\/aimtec.fi\/en\/wp-json\/wp\/v2\/tags?post=3144"}],"curies":[{"name":"wp","href":"https:\/\/api.w.org\/{rel}","templated":true}]}}