{"id":3149,"date":"2018-10-08T23:30:57","date_gmt":"2018-10-08T20:30:57","guid":{"rendered":"https:\/\/www.aimtec.fi\/?page_id=3149"},"modified":"2020-12-15T10:10:04","modified_gmt":"2020-12-15T08:10:04","slug":"dp-700-ilmanvaihdon-tiiviystesteri","status":"publish","type":"page","link":"https:\/\/aimtec.fi\/en\/tiiviysmittarit\/dp-700-ilmanvaihdon-tiiviystesteri\/","title":{"rendered":"W\u00f6hler DP 700 ilmanvaihdon tiiviystesteri"},"content":{"rendered":"<div class=\"field field-name-body field-type-text-with-summary field-label-hidden\">\n<div class=\"field-items\">\n<div class=\"field-item even\">\n<p><strong>W\u00f6hler DP 700 tiiviystesteri<\/strong> on tarkoitettu kanavaj\u00e4rjestelmien ja ja yksitt\u00e4isten komponenttien ilmatiiviyden testaamiseen. Kanavaj\u00e4rjestelm\u00e4n tiiviysmittauksessa j\u00e4rjestelm\u00e4 paineistetaan testipaineella. Testeri mittaa ilmam\u00e4\u00e4r\u00e4n, joka vaaditaan testipaineen yll\u00e4pit\u00e4miseen suljetussa j\u00e4rjestelm\u00e4ss\u00e4. T\u00e4m\u00e4 mitattu ilmam\u00e4\u00e4r\u00e4 vastaa testattavan kanavan osan vuotoa. Tiiviytt\u00e4 arvioidaan DIN EN 13779 tiiviysluokituksen mukaan.<\/p>\n<p>DP 700 on suunniteltu erityisesti seuraaviin mittauksiin:<br \/>\nDIN EN 12599 &#8211; Ilmastointi- ja ilmanvaihtoj\u00e4rjestelmien luovutukseen liittyv\u00e4t testimenettelyt.<br \/>\nDIN EN 14134 \u2013 Asuinrakennusten ilmastointij\u00e4rjestelmien tehokkuus- ja asennustestaukset.<\/p>\n<p>DP 700 tiiviystesteri\u00e4 voidaan k\u00e4ytt\u00e4\u00e4 my\u00f6s mm. ilmastointilaitteiden, s\u00e4hk\u00f6kaappien ja l\u00e4mm\u00f6nvaihtimien testauksissa.<\/p>\n<p><strong>DP 700 peruspakettiin kuuluu:<\/strong><br \/>\n&#8211; DP700 tiiviystesteri<br \/>\n&#8211; ilmaletku 3,75 m<br \/>\n&#8211; adapteri (&lt; 0.3 l\/s ilmam\u00e4\u00e4rille)<br \/>\n&#8211; ilmaletku 4 m (adapterille)<br \/>\n&#8211; paineletku 10 m<br \/>\n&#8211; virtajohto 2,5 m<br \/>\n&#8211; 2 kpl messinkinippaa<br \/>\n&#8211; letkuliitin alipaineen mittaukseen<br \/>\n&#8211; 5 kpl suodattimia<br \/>\n&#8211; silikonirasva<br \/>\n&#8211; 2 kpl kantolaukkua<br \/>\n&#8211; kalibrointitodistus<\/p>\n<p><strong>Lis\u00e4varusteet mm:<\/strong><br \/>\n-tulostin<br \/>\n-PC ohjelma<br \/>\n-tiivistyspallot py\u00f6reille kanaville<\/p>\n<\/div>\n<\/div>\n<\/div>","protected":false},"excerpt":{"rendered":"<p>W\u00f6hler DP 700 tiiviystesteri on tarkoitettu kanavaj\u00e4rjestelmien ja ja yksitt\u00e4isten komponenttien ilmatiiviyden testaamiseen. Kanavaj\u00e4rjestelm\u00e4n tiiviysmittauksessa j\u00e4rjestelm\u00e4 paineistetaan testipaineella. Testeri mittaa ilmam\u00e4\u00e4r\u00e4n, joka vaaditaan testipaineen yll\u00e4pit\u00e4miseen suljetussa j\u00e4rjestelm\u00e4ss\u00e4. T\u00e4m\u00e4 mitattu ilmam\u00e4\u00e4r\u00e4 vastaa testattavan kanavan osan vuotoa. Tiiviytt\u00e4 arvioidaan DIN EN 13779 tiiviysluokituksen mukaan. DP 700 on suunniteltu erityisesti seuraaviin mittauksiin: DIN EN 12599 &#8211; Ilmastointi- ja&#8230;<\/p>","protected":false},"author":4,"featured_media":4468,"parent":3094,"menu_order":0,"comment_status":"closed","ping_status":"closed","template":"tuote.php","meta":{"_acf_changed":false,"_seopress_robots_primary_cat":"","_seopress_titles_title":"","_seopress_titles_desc":"","_seopress_robots_index":"","_et_pb_use_builder":"","_et_pb_old_content":"","_et_gb_content_width":"","inline_featured_image":false,"footnotes":"","_links_to":"","_links_to_target":""},"categories":[],"tags":[],"class_list":["post-3149","page","type-page","status-publish","has-post-thumbnail","hentry"],"acf":[],"_links":{"self":[{"href":"https:\/\/aimtec.fi\/en\/wp-json\/wp\/v2\/pages\/3149","targetHints":{"allow":["GET"]}}],"collection":[{"href":"https:\/\/aimtec.fi\/en\/wp-json\/wp\/v2\/pages"}],"about":[{"href":"https:\/\/aimtec.fi\/en\/wp-json\/wp\/v2\/types\/page"}],"author":[{"embeddable":true,"href":"https:\/\/aimtec.fi\/en\/wp-json\/wp\/v2\/users\/4"}],"replies":[{"embeddable":true,"href":"https:\/\/aimtec.fi\/en\/wp-json\/wp\/v2\/comments?post=3149"}],"version-history":[{"count":3,"href":"https:\/\/aimtec.fi\/en\/wp-json\/wp\/v2\/pages\/3149\/revisions"}],"predecessor-version":[{"id":8309,"href":"https:\/\/aimtec.fi\/en\/wp-json\/wp\/v2\/pages\/3149\/revisions\/8309"}],"up":[{"embeddable":true,"href":"https:\/\/aimtec.fi\/en\/wp-json\/wp\/v2\/pages\/3094"}],"wp:featuredmedia":[{"embeddable":true,"href":"https:\/\/aimtec.fi\/en\/wp-json\/wp\/v2\/media\/4468"}],"wp:attachment":[{"href":"https:\/\/aimtec.fi\/en\/wp-json\/wp\/v2\/media?parent=3149"}],"wp:term":[{"taxonomy":"category","embeddable":true,"href":"https:\/\/aimtec.fi\/en\/wp-json\/wp\/v2\/categories?post=3149"},{"taxonomy":"post_tag","embeddable":true,"href":"https:\/\/aimtec.fi\/en\/wp-json\/wp\/v2\/tags?post=3149"}],"curies":[{"name":"wp","href":"https:\/\/api.w.org\/{rel}","templated":true}]}}