{"id":3153,"date":"2018-10-08T23:32:50","date_gmt":"2018-10-08T20:32:50","guid":{"rendered":"https:\/\/www.aimtec.fi\/?page_id=3153"},"modified":"2020-12-15T10:08:35","modified_gmt":"2020-12-15T08:08:35","slug":"hyltec-bl100tft-tiiviysmittari-savuhormille","status":"publish","type":"page","link":"https:\/\/aimtec.fi\/en\/tiiviysmittarit\/hyltec-bl100tft-tiiviysmittari-savuhormille\/","title":{"rendered":"Hyltec &#8211; BL100TFT tiiviysmittari savuhormille"},"content":{"rendered":"<div class=\"field field-name-uc-product-image field-type-image field-label-hidden\">\n<div class=\"field-items\">\n<div><\/div>\n<\/div>\n<\/div>\n<div class=\"field field-name-body field-type-text-with-summary field-label-hidden\">\n<div class=\"field-items\">\n<div class=\"field-item even\">\n<p>Akkuk\u00e4ytt\u00f6inen mittauslaite savuhormien vuotomittaukseen.<\/p>\n<p>Havaitsee ja n\u00e4ytt\u00e4\u00e4 vuodon l\/s\/m<sup>2<\/sup><\/p>\n<p>Tallentaa max 100 kpl mittaustuloksia, jotka voidaan lukea n\u00e4yt\u00f6lt\u00e4 tai tallentaa tietokoneelle USB-kaapelin avulla.<\/p>\n<\/div>\n<\/div>\n<\/div>","protected":false},"excerpt":{"rendered":"<p>Akkuk\u00e4ytt\u00f6inen mittauslaite savuhormien vuotomittaukseen. Havaitsee ja n\u00e4ytt\u00e4\u00e4 vuodon l\/s\/m2 Tallentaa max 100 kpl mittaustuloksia, jotka voidaan lukea n\u00e4yt\u00f6lt\u00e4 tai tallentaa tietokoneelle USB-kaapelin avulla.<\/p>","protected":false},"author":4,"featured_media":4367,"parent":3094,"menu_order":0,"comment_status":"closed","ping_status":"closed","template":"tuote.php","meta":{"_acf_changed":false,"_seopress_robots_primary_cat":"","_seopress_titles_title":"","_seopress_titles_desc":"","_seopress_robots_index":"","_et_pb_use_builder":"","_et_pb_old_content":"","_et_gb_content_width":"","inline_featured_image":false,"footnotes":"","_links_to":"","_links_to_target":""},"categories":[],"tags":[],"class_list":["post-3153","page","type-page","status-publish","has-post-thumbnail","hentry"],"acf":[],"_links":{"self":[{"href":"https:\/\/aimtec.fi\/en\/wp-json\/wp\/v2\/pages\/3153","targetHints":{"allow":["GET"]}}],"collection":[{"href":"https:\/\/aimtec.fi\/en\/wp-json\/wp\/v2\/pages"}],"about":[{"href":"https:\/\/aimtec.fi\/en\/wp-json\/wp\/v2\/types\/page"}],"author":[{"embeddable":true,"href":"https:\/\/aimtec.fi\/en\/wp-json\/wp\/v2\/users\/4"}],"replies":[{"embeddable":true,"href":"https:\/\/aimtec.fi\/en\/wp-json\/wp\/v2\/comments?post=3153"}],"version-history":[{"count":4,"href":"https:\/\/aimtec.fi\/en\/wp-json\/wp\/v2\/pages\/3153\/revisions"}],"predecessor-version":[{"id":8307,"href":"https:\/\/aimtec.fi\/en\/wp-json\/wp\/v2\/pages\/3153\/revisions\/8307"}],"up":[{"embeddable":true,"href":"https:\/\/aimtec.fi\/en\/wp-json\/wp\/v2\/pages\/3094"}],"wp:featuredmedia":[{"embeddable":true,"href":"https:\/\/aimtec.fi\/en\/wp-json\/wp\/v2\/media\/4367"}],"wp:attachment":[{"href":"https:\/\/aimtec.fi\/en\/wp-json\/wp\/v2\/media?parent=3153"}],"wp:term":[{"taxonomy":"category","embeddable":true,"href":"https:\/\/aimtec.fi\/en\/wp-json\/wp\/v2\/categories?post=3153"},{"taxonomy":"post_tag","embeddable":true,"href":"https:\/\/aimtec.fi\/en\/wp-json\/wp\/v2\/tags?post=3153"}],"curies":[{"name":"wp","href":"https:\/\/api.w.org\/{rel}","templated":true}]}}