{"id":3157,"date":"2018-10-08T23:35:02","date_gmt":"2018-10-08T20:35:02","guid":{"rendered":"https:\/\/www.aimtec.fi\/?page_id=3157"},"modified":"2020-12-15T10:27:25","modified_gmt":"2020-12-15T08:27:25","slug":"sp-22-aanitasomittari-30-130-db","status":"publish","type":"page","link":"https:\/\/aimtec.fi\/en\/aanitasomittarit\/sp-22-aanitasomittari-30-130-db\/","title":{"rendered":"SP 22 \u00e4\u00e4nitasomittari 30 &#8211; 130 dB"},"content":{"rendered":"<div class=\"field field-name-body field-type-text-with-summary field-label-hidden\">\n<div class=\"field-items\">\n<div class=\"field-item even\">\n<p><strong>SP 22 \u00e4\u00e4nitasomittarissa<\/strong> mittausalue valitaan automaattisesti tai manuaalisesti v\u00e4lill\u00e4 30 \u2013 130 dB.<\/p>\n<p><strong>Ominaisuuksina mm.<\/strong><br \/>\n-taustamelun vaimennus<br \/>\n-taajuuspainotuksen valinta (A tai C)<br \/>\n-maksimilukeman asettaminen pitoon<br \/>\n-vasteajan valinta (nopea tai hidas)<br \/>\n-PC-liit\u00e4nt\u00e4 tietojen siirt\u00e4miseksi tietokoneelle<\/p>\n<p>K\u00e4ytet\u00e4\u00e4n esimerkiksi ty\u00f6paikoilla ty\u00f6turvallisuuteen ja \u2013terveyteen liittyviss\u00e4 melumittauksissa ja my\u00f6s moottoreiden ja koneiden \u00e4\u00e4nentasojen mittaukseen.<\/p>\n<\/div>\n<\/div>\n<\/div>","protected":false},"excerpt":{"rendered":"<p>SP 22 \u00e4\u00e4nitasomittarissa mittausalue valitaan automaattisesti tai manuaalisesti v\u00e4lill\u00e4 30 \u2013 130 dB. Ominaisuuksina mm. -taustamelun vaimennus -taajuuspainotuksen valinta (A tai C) -maksimilukeman asettaminen pitoon -vasteajan valinta (nopea tai hidas) -PC-liit\u00e4nt\u00e4 tietojen siirt\u00e4miseksi tietokoneelle K\u00e4ytet\u00e4\u00e4n esimerkiksi ty\u00f6paikoilla ty\u00f6turvallisuuteen ja \u2013terveyteen liittyviss\u00e4 melumittauksissa ja my\u00f6s moottoreiden ja koneiden \u00e4\u00e4nentasojen mittaukseen.<\/p>","protected":false},"author":4,"featured_media":4470,"parent":3099,"menu_order":0,"comment_status":"closed","ping_status":"closed","template":"tuote.php","meta":{"_acf_changed":false,"_seopress_robots_primary_cat":"","_seopress_titles_title":"","_seopress_titles_desc":"","_seopress_robots_index":"","_et_pb_use_builder":"","_et_pb_old_content":"","_et_gb_content_width":"","inline_featured_image":false,"footnotes":"","_links_to":"","_links_to_target":""},"categories":[],"tags":[],"class_list":["post-3157","page","type-page","status-publish","has-post-thumbnail","hentry"],"acf":[],"_links":{"self":[{"href":"https:\/\/aimtec.fi\/en\/wp-json\/wp\/v2\/pages\/3157","targetHints":{"allow":["GET"]}}],"collection":[{"href":"https:\/\/aimtec.fi\/en\/wp-json\/wp\/v2\/pages"}],"about":[{"href":"https:\/\/aimtec.fi\/en\/wp-json\/wp\/v2\/types\/page"}],"author":[{"embeddable":true,"href":"https:\/\/aimtec.fi\/en\/wp-json\/wp\/v2\/users\/4"}],"replies":[{"embeddable":true,"href":"https:\/\/aimtec.fi\/en\/wp-json\/wp\/v2\/comments?post=3157"}],"version-history":[{"count":5,"href":"https:\/\/aimtec.fi\/en\/wp-json\/wp\/v2\/pages\/3157\/revisions"}],"predecessor-version":[{"id":8324,"href":"https:\/\/aimtec.fi\/en\/wp-json\/wp\/v2\/pages\/3157\/revisions\/8324"}],"up":[{"embeddable":true,"href":"https:\/\/aimtec.fi\/en\/wp-json\/wp\/v2\/pages\/3099"}],"wp:featuredmedia":[{"embeddable":true,"href":"https:\/\/aimtec.fi\/en\/wp-json\/wp\/v2\/media\/4470"}],"wp:attachment":[{"href":"https:\/\/aimtec.fi\/en\/wp-json\/wp\/v2\/media?parent=3157"}],"wp:term":[{"taxonomy":"category","embeddable":true,"href":"https:\/\/aimtec.fi\/en\/wp-json\/wp\/v2\/categories?post=3157"},{"taxonomy":"post_tag","embeddable":true,"href":"https:\/\/aimtec.fi\/en\/wp-json\/wp\/v2\/tags?post=3157"}],"curies":[{"name":"wp","href":"https:\/\/api.w.org\/{rel}","templated":true}]}}