{"id":3191,"date":"2018-10-08T23:45:47","date_gmt":"2018-10-08T20:45:47","guid":{"rendered":"https:\/\/www.aimtec.fi\/?page_id=3191"},"modified":"2018-10-09T00:19:12","modified_gmt":"2018-10-08T21:19:12","slug":"painesuhdeletku-3-m-kapillaariletku","status":"publish","type":"page","link":"https:\/\/aimtec.fi\/en\/varusteet-ja-tarvikkeet-2\/painesuhdeletku-3-m-kapillaariletku\/","title":{"rendered":"Painesuhdeletku, 3 m kapillaariletku"},"content":{"rendered":"<p>Paine-eromittaukseen kahden huoneen tai sis\u00e4- ja ulkoilman v\u00e4lill\u00e4.<br \/>\n&#8211; 3 metrin kapillaariletku (sallii puristuksen eli voidaan asemoida esimerkiksi ikkunan v\u00e4liin)<br \/>\n&#8211; liitin ja musta silikoniletku<\/p>","protected":false},"excerpt":{"rendered":"<p>Paine-eromittaukseen kahden huoneen tai sis\u00e4- ja ulkoilman v\u00e4lill\u00e4. &#8211; 3 metrin kapillaariletku (sallii puristuksen eli voidaan asemoida esimerkiksi ikkunan v\u00e4liin) &#8211; liitin ja musta silikoniletku<\/p>","protected":false},"author":4,"featured_media":3193,"parent":3097,"menu_order":0,"comment_status":"closed","ping_status":"closed","template":"tuote.php","meta":{"_acf_changed":false,"_seopress_robots_primary_cat":"","_seopress_titles_title":"","_seopress_titles_desc":"","_seopress_robots_index":"","_et_pb_use_builder":"","_et_pb_old_content":"","_et_gb_content_width":"","inline_featured_image":false,"footnotes":"","_links_to":"","_links_to_target":""},"categories":[],"tags":[],"class_list":["post-3191","page","type-page","status-publish","has-post-thumbnail","hentry"],"acf":[],"_links":{"self":[{"href":"https:\/\/aimtec.fi\/en\/wp-json\/wp\/v2\/pages\/3191","targetHints":{"allow":["GET"]}}],"collection":[{"href":"https:\/\/aimtec.fi\/en\/wp-json\/wp\/v2\/pages"}],"about":[{"href":"https:\/\/aimtec.fi\/en\/wp-json\/wp\/v2\/types\/page"}],"author":[{"embeddable":true,"href":"https:\/\/aimtec.fi\/en\/wp-json\/wp\/v2\/users\/4"}],"replies":[{"embeddable":true,"href":"https:\/\/aimtec.fi\/en\/wp-json\/wp\/v2\/comments?post=3191"}],"version-history":[{"count":1,"href":"https:\/\/aimtec.fi\/en\/wp-json\/wp\/v2\/pages\/3191\/revisions"}],"predecessor-version":[{"id":3194,"href":"https:\/\/aimtec.fi\/en\/wp-json\/wp\/v2\/pages\/3191\/revisions\/3194"}],"up":[{"embeddable":true,"href":"https:\/\/aimtec.fi\/en\/wp-json\/wp\/v2\/pages\/3097"}],"wp:featuredmedia":[{"embeddable":true,"href":"https:\/\/aimtec.fi\/en\/wp-json\/wp\/v2\/media\/3193"}],"wp:attachment":[{"href":"https:\/\/aimtec.fi\/en\/wp-json\/wp\/v2\/media?parent=3191"}],"wp:term":[{"taxonomy":"category","embeddable":true,"href":"https:\/\/aimtec.fi\/en\/wp-json\/wp\/v2\/categories?post=3191"},{"taxonomy":"post_tag","embeddable":true,"href":"https:\/\/aimtec.fi\/en\/wp-json\/wp\/v2\/tags?post=3191"}],"curies":[{"name":"wp","href":"https:\/\/api.w.org\/{rel}","templated":true}]}}