{"id":3200,"date":"2018-10-08T23:49:57","date_gmt":"2018-10-08T20:49:57","guid":{"rendered":"https:\/\/www.aimtec.fi\/?page_id=3200"},"modified":"2018-10-09T14:20:04","modified_gmt":"2018-10-09T11:20:04","slug":"kimo-pitot-putket-lampotila-anturilla","status":"publish","type":"page","link":"https:\/\/aimtec.fi\/en\/varusteet-ja-tarvikkeet-2\/kimo-pitot-putket-lampotila-anturilla\/","title":{"rendered":"KIMO &#8211; Pitot-putket l\u00e4mp\u00f6tila-anturilla"},"content":{"rendered":"<p>Laaja valikoima K-tyypin termopari l\u00e4mp\u00f6tila-anturilla varustettuja pitot-putkia l\u00e4pimitoiltaan 3mm-14mm, pituudet 100mm-3000mm. Esim. 3x100mm, 3x300mm, 6x300mm, 6x500mm, 8x1000mm, 12x2000mm ja 14x3000mm<\/p>","protected":false},"excerpt":{"rendered":"<p>Laaja valikoima K-tyypin termopari l\u00e4mp\u00f6tila-anturilla varustettuja pitot-putkia l\u00e4pimitoiltaan 3mm-14mm, pituudet 100mm-3000mm. Esim. 3x100mm, 3x300mm, 6x300mm, 6x500mm, 8x1000mm, 12x2000mm ja 14x3000mm<\/p>","protected":false},"author":4,"featured_media":3203,"parent":3097,"menu_order":0,"comment_status":"closed","ping_status":"closed","template":"tuote.php","meta":{"_acf_changed":false,"_seopress_robots_primary_cat":"","_seopress_titles_title":"","_seopress_titles_desc":"","_seopress_robots_index":"","_et_pb_use_builder":"","_et_pb_old_content":"","_et_gb_content_width":"","inline_featured_image":false,"footnotes":"","_links_to":"","_links_to_target":""},"categories":[],"tags":[],"class_list":["post-3200","page","type-page","status-publish","has-post-thumbnail","hentry"],"acf":[],"_links":{"self":[{"href":"https:\/\/aimtec.fi\/en\/wp-json\/wp\/v2\/pages\/3200","targetHints":{"allow":["GET"]}}],"collection":[{"href":"https:\/\/aimtec.fi\/en\/wp-json\/wp\/v2\/pages"}],"about":[{"href":"https:\/\/aimtec.fi\/en\/wp-json\/wp\/v2\/types\/page"}],"author":[{"embeddable":true,"href":"https:\/\/aimtec.fi\/en\/wp-json\/wp\/v2\/users\/4"}],"replies":[{"embeddable":true,"href":"https:\/\/aimtec.fi\/en\/wp-json\/wp\/v2\/comments?post=3200"}],"version-history":[{"count":2,"href":"https:\/\/aimtec.fi\/en\/wp-json\/wp\/v2\/pages\/3200\/revisions"}],"predecessor-version":[{"id":3663,"href":"https:\/\/aimtec.fi\/en\/wp-json\/wp\/v2\/pages\/3200\/revisions\/3663"}],"up":[{"embeddable":true,"href":"https:\/\/aimtec.fi\/en\/wp-json\/wp\/v2\/pages\/3097"}],"wp:featuredmedia":[{"embeddable":true,"href":"https:\/\/aimtec.fi\/en\/wp-json\/wp\/v2\/media\/3203"}],"wp:attachment":[{"href":"https:\/\/aimtec.fi\/en\/wp-json\/wp\/v2\/media?parent=3200"}],"wp:term":[{"taxonomy":"category","embeddable":true,"href":"https:\/\/aimtec.fi\/en\/wp-json\/wp\/v2\/categories?post=3200"},{"taxonomy":"post_tag","embeddable":true,"href":"https:\/\/aimtec.fi\/en\/wp-json\/wp\/v2\/tags?post=3200"}],"curies":[{"name":"wp","href":"https:\/\/api.w.org\/{rel}","templated":true}]}}