{"id":3204,"date":"2018-10-08T23:51:58","date_gmt":"2018-10-08T20:51:58","guid":{"rendered":"https:\/\/www.aimtec.fi\/?page_id=3204"},"modified":"2020-12-15T10:11:20","modified_gmt":"2020-12-15T08:11:20","slug":"kimo-k120-mittauskartio","status":"publish","type":"page","link":"https:\/\/aimtec.fi\/en\/varusteet-ja-tarvikkeet-2\/kimo-k120-mittauskartio\/","title":{"rendered":"KIMO &#8211; K120 Mittauskartio"},"content":{"rendered":"<p>K\u00e4ytet\u00e4\u00e4n ilmam\u00e4\u00e4r\u00e4n mittaamiseen kuumalanka-anturin kanssa, sek\u00e4 tulo- ett\u00e4 poistoilmalle.<\/p>","protected":false},"excerpt":{"rendered":"<p>K\u00e4ytet\u00e4\u00e4n ilmam\u00e4\u00e4r\u00e4n mittaamiseen kuumalanka-anturin kanssa, sek\u00e4 tulo- ett\u00e4 poistoilmalle.<\/p>","protected":false},"author":4,"featured_media":3206,"parent":3097,"menu_order":0,"comment_status":"closed","ping_status":"closed","template":"tuote.php","meta":{"_acf_changed":false,"_seopress_robots_primary_cat":"","_seopress_titles_title":"","_seopress_titles_desc":"","_seopress_robots_index":"","_et_pb_use_builder":"","_et_pb_old_content":"","_et_gb_content_width":"","inline_featured_image":false,"footnotes":"","_links_to":"","_links_to_target":""},"categories":[],"tags":[],"class_list":["post-3204","page","type-page","status-publish","has-post-thumbnail","hentry"],"acf":[],"_links":{"self":[{"href":"https:\/\/aimtec.fi\/en\/wp-json\/wp\/v2\/pages\/3204","targetHints":{"allow":["GET"]}}],"collection":[{"href":"https:\/\/aimtec.fi\/en\/wp-json\/wp\/v2\/pages"}],"about":[{"href":"https:\/\/aimtec.fi\/en\/wp-json\/wp\/v2\/types\/page"}],"author":[{"embeddable":true,"href":"https:\/\/aimtec.fi\/en\/wp-json\/wp\/v2\/users\/4"}],"replies":[{"embeddable":true,"href":"https:\/\/aimtec.fi\/en\/wp-json\/wp\/v2\/comments?post=3204"}],"version-history":[{"count":2,"href":"https:\/\/aimtec.fi\/en\/wp-json\/wp\/v2\/pages\/3204\/revisions"}],"predecessor-version":[{"id":8311,"href":"https:\/\/aimtec.fi\/en\/wp-json\/wp\/v2\/pages\/3204\/revisions\/8311"}],"up":[{"embeddable":true,"href":"https:\/\/aimtec.fi\/en\/wp-json\/wp\/v2\/pages\/3097"}],"wp:featuredmedia":[{"embeddable":true,"href":"https:\/\/aimtec.fi\/en\/wp-json\/wp\/v2\/media\/3206"}],"wp:attachment":[{"href":"https:\/\/aimtec.fi\/en\/wp-json\/wp\/v2\/media?parent=3204"}],"wp:term":[{"taxonomy":"category","embeddable":true,"href":"https:\/\/aimtec.fi\/en\/wp-json\/wp\/v2\/categories?post=3204"},{"taxonomy":"post_tag","embeddable":true,"href":"https:\/\/aimtec.fi\/en\/wp-json\/wp\/v2\/tags?post=3204"}],"curies":[{"name":"wp","href":"https:\/\/api.w.org\/{rel}","templated":true}]}}