{"id":3236,"date":"2018-10-09T08:25:18","date_gmt":"2018-10-09T05:25:18","guid":{"rendered":"https:\/\/www.aimtec.fi\/?page_id=3236"},"modified":"2018-10-09T08:25:18","modified_gmt":"2018-10-09T05:25:18","slug":"kimo-kt-20-lampotilaloggeri","status":"publish","type":"page","link":"https:\/\/aimtec.fi\/en\/tuotteet\/kimo-kt-20-lampotilaloggeri\/","title":{"rendered":"KIMO &#8211; KT 20 l\u00e4mp\u00f6tilaloggeri"},"content":{"rendered":"<div class=\"field field-name-body field-type-text-with-summary field-label-hidden\">\n<div class=\"field-items\">\n<div class=\"field-item even\">\n<p>-Pienikokoinen, \u00d8 17.35 x 5.89 mm<br \/>\n-Kotelointi IP 56<br \/>\n-Max 8192 tallennettua mittausarvoa<br \/>\n-2 h\u00e4lytysraja-asetusta<\/p>\n<p>Saatavilla my\u00f6s <strong>KILOG ohjelma<\/strong> mm. loggerin ohjelmointiin, loggerin tallentamien tietojen siirt\u00e4miseen tietokoneelle ja tietojen jatkok\u00e4sittelyyn.<\/p>\n<\/div>\n<\/div>\n<\/div>","protected":false},"excerpt":{"rendered":"<p>-Pienikokoinen, \u00d8 17.35 x 5.89 mm -Kotelointi IP 56 -Max 8192 tallennettua mittausarvoa -2 h\u00e4lytysraja-asetusta Saatavilla my\u00f6s KILOG ohjelma mm. loggerin ohjelmointiin, loggerin tallentamien tietojen siirt\u00e4miseen tietokoneelle ja tietojen jatkok\u00e4sittelyyn.<\/p>","protected":false},"author":4,"featured_media":3238,"parent":1801,"menu_order":0,"comment_status":"closed","ping_status":"closed","template":"tuote.php","meta":{"_acf_changed":false,"_seopress_robots_primary_cat":"","_seopress_titles_title":"","_seopress_titles_desc":"","_seopress_robots_index":"","_et_pb_use_builder":"","_et_pb_old_content":"","_et_gb_content_width":"","inline_featured_image":false,"footnotes":"","_links_to":"","_links_to_target":""},"categories":[],"tags":[],"class_list":["post-3236","page","type-page","status-publish","has-post-thumbnail","hentry"],"acf":[],"_links":{"self":[{"href":"https:\/\/aimtec.fi\/en\/wp-json\/wp\/v2\/pages\/3236","targetHints":{"allow":["GET"]}}],"collection":[{"href":"https:\/\/aimtec.fi\/en\/wp-json\/wp\/v2\/pages"}],"about":[{"href":"https:\/\/aimtec.fi\/en\/wp-json\/wp\/v2\/types\/page"}],"author":[{"embeddable":true,"href":"https:\/\/aimtec.fi\/en\/wp-json\/wp\/v2\/users\/4"}],"replies":[{"embeddable":true,"href":"https:\/\/aimtec.fi\/en\/wp-json\/wp\/v2\/comments?post=3236"}],"version-history":[{"count":1,"href":"https:\/\/aimtec.fi\/en\/wp-json\/wp\/v2\/pages\/3236\/revisions"}],"predecessor-version":[{"id":3239,"href":"https:\/\/aimtec.fi\/en\/wp-json\/wp\/v2\/pages\/3236\/revisions\/3239"}],"up":[{"embeddable":true,"href":"https:\/\/aimtec.fi\/en\/wp-json\/wp\/v2\/pages\/1801"}],"wp:featuredmedia":[{"embeddable":true,"href":"https:\/\/aimtec.fi\/en\/wp-json\/wp\/v2\/media\/3238"}],"wp:attachment":[{"href":"https:\/\/aimtec.fi\/en\/wp-json\/wp\/v2\/media?parent=3236"}],"wp:term":[{"taxonomy":"category","embeddable":true,"href":"https:\/\/aimtec.fi\/en\/wp-json\/wp\/v2\/categories?post=3236"},{"taxonomy":"post_tag","embeddable":true,"href":"https:\/\/aimtec.fi\/en\/wp-json\/wp\/v2\/tags?post=3236"}],"curies":[{"name":"wp","href":"https:\/\/api.w.org\/{rel}","templated":true}]}}