{"id":3244,"date":"2018-10-09T08:34:09","date_gmt":"2018-10-09T05:34:09","guid":{"rendered":"https:\/\/www.aimtec.fi\/?page_id=3244"},"modified":"2020-12-03T13:38:42","modified_gmt":"2020-12-03T11:38:42","slug":"sterildisk-korkeanlampotilanloggeri-2","status":"publish","type":"page","link":"https:\/\/aimtec.fi\/en\/dataloggerit-autoklaaveille\/sterildisk-korkeanlampotilanloggeri-2\/","title":{"rendered":"Tecnosoft &#8211; SterilDisk l\u00e4mp\u00f6tilaloggeri max 140 \u00b0C"},"content":{"rendered":"<p>SterilDisk l\u00e4mp\u00f6tilaloggeria k\u00e4ytet\u00e4\u00e4n l\u00e4mp\u00f6tilan seurantaan mm. sterilointi- ja past\u00f6rointiprosesseissa sek\u00e4 ruuanvalmistuksessa.<\/p>\n<ul>\n<li>pienen kokoinen, korkeus 17,4 x \u00d8 36,5 (mm)<\/li>\n<li>elintarvikek\u00e4ytt\u00f6\u00f6n soveltuva ja vesitiivis (IP68)<\/li>\n<li>mm. F0, PU ja A0 arvojen laskenta Tecnosoftin tietokoneohjelmilla<\/li>\n<\/ul>\n<p>&nbsp;<\/p>\n<p>&nbsp;<\/p>","protected":false},"excerpt":{"rendered":"<p>SterilDisk l\u00e4mp\u00f6tilaloggeria k\u00e4ytet\u00e4\u00e4n l\u00e4mp\u00f6tilan seurantaan mm. sterilointi- ja past\u00f6rointiprosesseissa sek\u00e4 ruuanvalmistuksessa. pienen kokoinen, korkeus 17,4 x \u00d8 36,5 (mm) elintarvikek\u00e4ytt\u00f6\u00f6n soveltuva ja vesitiivis (IP68) mm. F0, PU ja A0 arvojen laskenta Tecnosoftin tietokoneohjelmilla &nbsp; &nbsp;<\/p>","protected":false},"author":4,"featured_media":4405,"parent":3104,"menu_order":0,"comment_status":"closed","ping_status":"closed","template":"tuote.php","meta":{"_acf_changed":false,"_seopress_robots_primary_cat":"","_seopress_titles_title":"","_seopress_titles_desc":"","_seopress_robots_index":"","_et_pb_use_builder":"","_et_pb_old_content":"","_et_gb_content_width":"","inline_featured_image":false,"footnotes":"","_links_to":"","_links_to_target":""},"categories":[],"tags":[],"class_list":["post-3244","page","type-page","status-publish","has-post-thumbnail","hentry"],"acf":[],"_links":{"self":[{"href":"https:\/\/aimtec.fi\/en\/wp-json\/wp\/v2\/pages\/3244","targetHints":{"allow":["GET"]}}],"collection":[{"href":"https:\/\/aimtec.fi\/en\/wp-json\/wp\/v2\/pages"}],"about":[{"href":"https:\/\/aimtec.fi\/en\/wp-json\/wp\/v2\/types\/page"}],"author":[{"embeddable":true,"href":"https:\/\/aimtec.fi\/en\/wp-json\/wp\/v2\/users\/4"}],"replies":[{"embeddable":true,"href":"https:\/\/aimtec.fi\/en\/wp-json\/wp\/v2\/comments?post=3244"}],"version-history":[{"count":8,"href":"https:\/\/aimtec.fi\/en\/wp-json\/wp\/v2\/pages\/3244\/revisions"}],"predecessor-version":[{"id":7957,"href":"https:\/\/aimtec.fi\/en\/wp-json\/wp\/v2\/pages\/3244\/revisions\/7957"}],"up":[{"embeddable":true,"href":"https:\/\/aimtec.fi\/en\/wp-json\/wp\/v2\/pages\/3104"}],"wp:featuredmedia":[{"embeddable":true,"href":"https:\/\/aimtec.fi\/en\/wp-json\/wp\/v2\/media\/4405"}],"wp:attachment":[{"href":"https:\/\/aimtec.fi\/en\/wp-json\/wp\/v2\/media?parent=3244"}],"wp:term":[{"taxonomy":"category","embeddable":true,"href":"https:\/\/aimtec.fi\/en\/wp-json\/wp\/v2\/categories?post=3244"},{"taxonomy":"post_tag","embeddable":true,"href":"https:\/\/aimtec.fi\/en\/wp-json\/wp\/v2\/tags?post=3244"}],"curies":[{"name":"wp","href":"https:\/\/api.w.org\/{rel}","templated":true}]}}